{"id":7134,"date":"2025-03-13T10:32:17","date_gmt":"2025-03-13T09:32:17","guid":{"rendered":"https:\/\/sp58lodz.edu.pl\/?page_id=7134"},"modified":"2025-03-14T10:39:38","modified_gmt":"2025-03-14T09:39:38","slug":"galeria","status":"publish","type":"page","link":"https:\/\/sp58lodz.edu.pl\/?page_id=7134","title":{"rendered":"Galeria"},"content":{"rendered":"<div class=\"wptb-table-container wptb-table-7136\"><div class=\"wptb-table-container-matrix\" id=\"wptb-table-id-7136\" data-wptb-version=\"2.0.17\" data-wptb-pro-status=\"false\"><table class=\"wptb-preview-table wptb-element-main-table_setting-7136\" style=\"border-spacing: 3px 3px; border-collapse:  !important; min-width: 100%; border: 1px solid rgb(209, 209, 209); \" data-border-spacing-columns=\"3\" data-border-spacing-rows=\"3\" data-reconstraction=\"1\" data-wptb-responsive-directives=\"eyJyZXNwb25zaXZlRW5hYmxlZCI6dHJ1ZSwicmVzcG9uc2l2ZU1vZGUiOiJhdXRvIiwicHJlc2VydmVSb3dDb2xvciI6ZmFsc2UsInJlbGF0aXZlV2lkdGgiOiJ3aW5kb3ciLCJoZWFkZXJGdWxseU1lcmdlZCI6ZmFsc2UsIm1vZGVPcHRpb25zIjp7ImF1dG8iOnsiZGlzYWJsZWQiOnsiZGVza3RvcCI6ZmFsc2UsInRhYmxldCI6ZmFsc2UsIm1vYmlsZSI6ZmFsc2V9LCJ0b3BSb3dBc0hlYWRlciI6eyJkZXNrdG9wIjpmYWxzZSwidGFibGV0Ijp0cnVlLCJtb2JpbGUiOnRydWV9LCJyZXBlYXRNZXJnZWRIZWFkZXIiOnsiZGVza3RvcCI6dHJ1ZSwidGFibGV0Ijp0cnVlLCJtb2JpbGUiOnRydWV9LCJzdGF0aWNUb3BSb3ciOnsiZGVza3RvcCI6ZmFsc2UsInRhYmxldCI6ZmFsc2UsIm1vYmlsZSI6ZmFsc2V9LCJjZWxsU3RhY2tEaXJlY3Rpb24iOnsiZGVza3RvcCI6InJvdyIsInRhYmxldCI6InJvdyIsIm1vYmlsZSI6InJvdyJ9LCJjZWxsc1BlclJvdyI6eyJkZXNrdG9wIjoxLCJ0YWJsZXQiOjEsIm1vYmlsZSI6MX19fSwiYnJlYWtwb2ludHMiOnsiZGVza3RvcCI6eyJuYW1lIjoiZGVza3RvcCIsIndpZHRoIjoxMDI0fSwidGFibGV0Ijp7Im5hbWUiOiJ0YWJsZXQiLCJ3aWR0aCI6NzAwfSwibW9iaWxlIjp7Im5hbWUiOiJtb2JpbGUiLCJ3aWR0aCI6MzAwfX19\" data-wptb-cells-width-auto-count=\"1\" data-wptb-horizontal-scroll-status=\"false\" data-wptb-extra-styles=\"LyogRW50ZXIgeW91ciBjdXN0b20gQ1NTIHJ1bGVzIGhlcmUgKi8=\" data-wptb-pro-pagination-top-row-header=\"false\" data-wptb-rows-per-page=\"10\" data-wptb-pro-search-top-row-header=\"false\" data-wptb-searchbar-position=\"left\" role=\"list\" data-wptb-table-alignment=\"center\" data-wptb-table-tds-sum-max-width=\"131.777778\"><tbody data-global-font-color=\"#000000\" data-global-link-color=\"#000000\" data-global-font-size=\"15\"><tr class=\"wptb-row \" style=\"\"><td class=\"wptb-cell \" style=\"border: 1px solid rgb(209, 209, 209); \" data-y-index=\"0\" data-x-index=\"0\" data-wptb-css-td-auto-width=\"true\" data-wptb-cell-vertical-alignment=\"center\"><div class=\"wptb-text-container wptb-ph-element wptb-element-text-597\" style=\"\"><div style=\"position: relative;\"><p><\/p><\/div><\/div><div class=\"wptb-button-container wptb-ph-element wptb-element-button-1 edit-active\" style=\"\"><div class=\"wptb-button-wrapper wptb-size-m\" style=\"justify-content: center\"><a class=\"wptb-link-target\" id=\"\" style=\"width: ;\" href=\"https:\/\/www.facebook.com\/p\/Szko%C5%82a-Podstawowa-nr-58-w-%C5%81odzi-100083033334303\/\"><div class=\"wptb-button wptb-plugin-button-order-left\" style=\"position: relative;border-radius: 5px; background-color: #C7290AFF; color: #FFFFFF; justify-content: center; \" data-wptb-element-bg-color=\"#C7290AFF\" data-wptb-element-color=\"#FFFFFF\" data-wptb-element-hover-bg-color=\"null\" data-wptb-element-hover-text-color=\"null\" data-wptb-element-hover-scale=\"1\"><p style=\"font-size: 15px; margin-inline: auto !important;\">Najnowsze zdj&#281;cia na naszym facebooku<\/p><div class=\"wptb-button-icon\" data-wptb-button-icon-src=\"\" data-wptb-element-hover-bg-color=\"null\" data-wptb-element-hover-text-color=\"null\" data-wptb-element-hover-scale=\"1\" style=\"width: 25px; height: 25px\"><\/div><div class=\"wptb-button-label\" style=\"display: none; \" data-wptb-element-hover-bg-color=\"null\" data-wptb-element-hover-text-color=\"null\" data-wptb-element-hover-scale=\"1\"><div class=\"wptb-button-label-decorator\" data-wptb-element-hover-bg-color=\"null\" data-wptb-element-hover-text-color=\"null\" data-wptb-element-hover-scale=\"1\" style=\"border-color: rgba(0, 0, 0, 0)  rgba(0, 0, 0, 0) rgba(0, 0, 0, 0);\"><br><\/div><div class=\"wptb-button-label-text\" data-wptb-element-hover-bg-color=\"null\" data-wptb-element-hover-text-color=\"null\" data-wptb-element-hover-scale=\"1\">label<\/div><\/div><\/div><\/a><\/div><\/div><\/td><\/tr><tr class=\"wptb-row \" style=\"\"><td class=\"wptb-cell \" style=\"border: 1px solid rgb(209, 209, 209); \" data-y-index=\"1\" data-x-index=\"0\" data-wptb-css-td-auto-width=\"true\" data-wptb-cell-vertical-alignment=\"center\"><div class=\"wptb-button-container wptb-ph-element wptb-element-button-2 edit-active\" style=\"\"><div class=\"wptb-button-wrapper wptb-size-m\" style=\"justify-content: center\"><a class=\"wptb-link-target\" id=\"\" style=\"width: ;\" href=\"https:\/\/sp58lodz.edu.pl\/?page_id=7205\"><div class=\"wptb-button wptb-plugin-button-order-left\" style=\"position: relative;border-radius: 5px; background-color: #C7290AFF; color: #FFFFFF; justify-content: center; \" data-wptb-element-bg-color=\"#C7290AFF\" data-wptb-element-color=\"#FFFFFF\" data-wptb-element-hover-bg-color=\"null\" data-wptb-element-hover-text-color=\"null\" data-wptb-element-hover-scale=\"1\"><p style=\"font-size: 15px; margin-inline: auto !important;\">2024 r.<\/p><div class=\"wptb-button-icon\" data-wptb-button-icon-src=\"\" data-wptb-element-hover-bg-color=\"null\" data-wptb-element-hover-text-color=\"null\" data-wptb-element-hover-scale=\"1\" style=\"width: 25px; height: 25px\"><\/div><div class=\"wptb-button-label\" style=\"display: none; \" data-wptb-element-hover-bg-color=\"null\" data-wptb-element-hover-text-color=\"null\" data-wptb-element-hover-scale=\"1\"><div class=\"wptb-button-label-decorator\" data-wptb-element-hover-bg-color=\"null\" data-wptb-element-hover-text-color=\"null\" data-wptb-element-hover-scale=\"1\" style=\"border-color: rgba(0, 0, 0, 0)  rgba(0, 0, 0, 0) rgba(0, 0, 0, 0);\"><br><\/div><div class=\"wptb-button-label-text\" data-wptb-element-hover-bg-color=\"null\" data-wptb-element-hover-text-color=\"null\" data-wptb-element-hover-scale=\"1\">label<\/div><\/div><\/div><\/a><\/div><\/div><\/td><\/tr><tr class=\"wptb-row \" style=\"\"><td class=\"wptb-cell \" style=\"border: 1px solid rgb(209, 209, 209); \" data-y-index=\"2\" data-x-index=\"0\" data-wptb-css-td-auto-width=\"true\" data-wptb-cell-vertical-alignment=\"center\"><div class=\"wptb-button-container wptb-ph-element wptb-element-button-3 edit-active\" style=\"\"><div class=\"wptb-button-wrapper wptb-size-m\" style=\"justify-content: center\"><a class=\"wptb-link-target\" id=\"\" style=\"width: ;\" href=\"https:\/\/sp58lodz.edu.pl\/?page_id=7200\"><div class=\"wptb-button wptb-plugin-button-order-left\" style=\"position: relative;border-radius: 5px; background-color: #C7290AFF; color: #FFFFFF; justify-content: center; \" data-wptb-element-bg-color=\"#C7290AFF\" data-wptb-element-color=\"#FFFFFF\" data-wptb-element-hover-bg-color=\"null\" data-wptb-element-hover-text-color=\"null\" data-wptb-element-hover-scale=\"1\"><p style=\"font-size: 15px; margin-inline: auto !important;\">2023 r.<\/p><div class=\"wptb-button-icon\" data-wptb-button-icon-src=\"\" data-wptb-element-hover-bg-color=\"null\" data-wptb-element-hover-text-color=\"null\" data-wptb-element-hover-scale=\"1\" style=\"width: 25px; height: 25px\"><\/div><div class=\"wptb-button-label\" style=\"display: none; background-color: rgb(255, 255, 255); \" data-wptb-element-hover-bg-color=\"null\" data-wptb-element-hover-text-color=\"null\" data-wptb-element-hover-scale=\"1\"><div class=\"wptb-button-label-decorator\" data-wptb-element-hover-bg-color=\"null\" data-wptb-element-hover-text-color=\"null\" data-wptb-element-hover-scale=\"1\" style=\"border-color: rgba(0, 0, 0, 0) rgb(255, 255, 255) rgba(0, 0, 0, 0) rgba(0, 0, 0, 0);\"><br><\/div><div class=\"wptb-button-label-text\" data-wptb-element-hover-bg-color=\"null\" data-wptb-element-hover-text-color=\"null\" data-wptb-element-hover-scale=\"1\"><br><\/div><\/div><\/div><\/a><\/div><\/div><\/td><\/tr><tr class=\"wptb-row \" style=\"\"><td class=\"wptb-cell \" style=\"border: 1px solid rgb(209, 209, 209); \" data-y-index=\"3\" data-x-index=\"0\" data-wptb-css-td-auto-width=\"true\" data-wptb-cell-vertical-alignment=\"center\"><div class=\"wptb-button-container wptb-ph-element wptb-element-button-4 edit-active\" style=\"\"><div class=\"wptb-button-wrapper wptb-size-m\" style=\"justify-content: center\"><a class=\"wptb-link-target\" id=\"\" style=\"width: ;\" href=\"https:\/\/sp58lodz.edu.pl\/?page_id=7196\"><div class=\"wptb-button wptb-plugin-button-order-left\" style=\"position: relative;border-radius: 5px; background-color: #C7290AFF; color: #FFFFFF; justify-content: center; \" data-wptb-element-bg-color=\"#C7290AFF\" data-wptb-element-color=\"#FFFFFF\" data-wptb-element-hover-bg-color=\"null\" data-wptb-element-hover-text-color=\"null\" data-wptb-element-hover-scale=\"1\"><p style=\"font-size: 15px; margin-inline: auto !important;\">2022 r.<\/p><div class=\"wptb-button-icon\" data-wptb-button-icon-src=\"\" data-wptb-element-hover-bg-color=\"null\" data-wptb-element-hover-text-color=\"null\" data-wptb-element-hover-scale=\"1\" style=\"width: 25px; height: 25px\"><\/div><div class=\"wptb-button-label\" style=\"display: none; \" data-wptb-element-hover-bg-color=\"null\" data-wptb-element-hover-text-color=\"null\" data-wptb-element-hover-scale=\"1\"><div class=\"wptb-button-label-decorator\" data-wptb-element-hover-bg-color=\"null\" data-wptb-element-hover-text-color=\"null\" data-wptb-element-hover-scale=\"1\" style=\"border-color: rgba(0, 0, 0, 0)  rgba(0, 0, 0, 0) rgba(0, 0, 0, 0);\"><br><\/div><div class=\"wptb-button-label-text\" data-wptb-element-hover-bg-color=\"null\" data-wptb-element-hover-text-color=\"null\" data-wptb-element-hover-scale=\"1\">label<\/div><\/div><\/div><\/a><\/div><\/div><\/td><\/tr><tr class=\"wptb-row \" style=\"\"><td class=\"wptb-cell \" style=\"border: 1px solid rgb(209, 209, 209); \" data-y-index=\"4\" data-x-index=\"0\" data-wptb-css-td-auto-width=\"true\" data-wptb-cell-vertical-alignment=\"center\"><div class=\"wptb-button-container wptb-ph-element wptb-element-button-5 edit-active\" style=\"\"><div class=\"wptb-button-wrapper wptb-size-m\" style=\"justify-content: center\"><a class=\"wptb-link-target\" id=\"\" style=\"width: ;\" href=\"https:\/\/sp58lodz.edu.pl\/?page_id=7191\"><div class=\"wptb-button wptb-plugin-button-order-left\" style=\"position: relative;border-radius: 5px; background-color: #C7290AFF; color: #FFFFFF; justify-content: center; \" data-wptb-element-bg-color=\"#C7290AFF\" data-wptb-element-color=\"#FFFFFF\" data-wptb-element-hover-bg-color=\"null\" data-wptb-element-hover-text-color=\"null\" data-wptb-element-hover-scale=\"1\"><p style=\"font-size: 15px; margin-inline: auto !important;\">2021 r.<\/p><div class=\"wptb-button-icon\" data-wptb-button-icon-src=\"\" data-wptb-element-hover-bg-color=\"null\" data-wptb-element-hover-text-color=\"null\" data-wptb-element-hover-scale=\"1\" style=\"width: 25px; height: 25px\"><\/div><div class=\"wptb-button-label\" style=\"display: none; background-color: rgb(255, 255, 255); \" data-wptb-element-hover-bg-color=\"null\" data-wptb-element-hover-text-color=\"null\" data-wptb-element-hover-scale=\"1\"><div class=\"wptb-button-label-decorator\" data-wptb-element-hover-bg-color=\"null\" data-wptb-element-hover-text-color=\"null\" data-wptb-element-hover-scale=\"1\" style=\"border-color: rgba(0, 0, 0, 0) rgb(255, 255, 255) rgba(0, 0, 0, 0) rgba(0, 0, 0, 0);\"><br><\/div><div class=\"wptb-button-label-text\" data-wptb-element-hover-bg-color=\"null\" data-wptb-element-hover-text-color=\"null\" data-wptb-element-hover-scale=\"1\"><\/div><\/div><\/div><\/a><\/div><\/div><\/td><\/tr><tr class=\"wptb-row \" style=\"\"><td class=\"wptb-cell \" style=\"border: 1px solid rgb(209, 209, 209); \" data-y-index=\"5\" data-x-index=\"0\" data-wptb-css-td-auto-width=\"true\" data-wptb-cell-vertical-alignment=\"center\"><div class=\"wptb-button-container wptb-ph-element wptb-element-button-6 edit-active\" style=\"\"><div class=\"wptb-button-wrapper wptb-size-m\" style=\"justify-content: center\"><a class=\"wptb-link-target\" id=\"\" style=\"width: ;\" href=\"https:\/\/sp58lodz.edu.pl\/?page_id=7187\"><div class=\"wptb-button wptb-plugin-button-order-left\" style=\"position: relative;border-radius: 5px; background-color: #C7290AFF; color: #FFFFFF; justify-content: center; \" data-wptb-element-bg-color=\"#C7290AFF\" data-wptb-element-color=\"#FFFFFF\" data-wptb-element-hover-bg-color=\"null\" data-wptb-element-hover-text-color=\"null\" data-wptb-element-hover-scale=\"1\"><p style=\"font-size: 15px; margin-inline: auto !important;\">2020 r.<\/p><div class=\"wptb-button-icon\" data-wptb-button-icon-src=\"\" data-wptb-element-hover-bg-color=\"null\" data-wptb-element-hover-text-color=\"null\" data-wptb-element-hover-scale=\"1\" style=\"width: 25px; height: 25px\"><\/div><div class=\"wptb-button-label\" style=\"display: none; \" data-wptb-element-hover-bg-color=\"null\" data-wptb-element-hover-text-color=\"null\" data-wptb-element-hover-scale=\"1\"><div class=\"wptb-button-label-decorator\" data-wptb-element-hover-bg-color=\"null\" data-wptb-element-hover-text-color=\"null\" data-wptb-element-hover-scale=\"1\" style=\"border-color: rgba(0, 0, 0, 0)  rgba(0, 0, 0, 0) rgba(0, 0, 0, 0);\"><br><\/div><div class=\"wptb-button-label-text\" data-wptb-element-hover-bg-color=\"null\" data-wptb-element-hover-text-color=\"null\" data-wptb-element-hover-scale=\"1\">label<\/div><\/div><\/div><\/a><\/div><\/div><\/td><\/tr><tr class=\"wptb-row \" style=\"\"><td class=\"wptb-cell \" style=\"border: 1px solid rgb(209, 209, 209); \" data-y-index=\"6\" data-x-index=\"0\" data-wptb-css-td-auto-width=\"true\" data-wptb-cell-vertical-alignment=\"center\"><div class=\"wptb-button-container wptb-ph-element wptb-element-button-7 edit-active\" style=\"\"><div class=\"wptb-button-wrapper wptb-size-m\" style=\"justify-content: center\"><a class=\"wptb-link-target\" id=\"\" style=\"width: ;\" href=\"https:\/\/sp58lodz.edu.pl\/?page_id=7183\"><div class=\"wptb-button wptb-plugin-button-order-left\" style=\"position: relative;border-radius: 5px; background-color: #C7290AFF; color: #FFFFFF; justify-content: center; \" data-wptb-element-bg-color=\"#C7290AFF\" data-wptb-element-color=\"#FFFFFF\" data-wptb-element-hover-bg-color=\"null\" data-wptb-element-hover-text-color=\"null\" data-wptb-element-hover-scale=\"1\"><p style=\"font-size: 15px; margin-inline: auto !important;\">2019 r.<\/p><div class=\"wptb-button-icon\" data-wptb-button-icon-src=\"\" data-wptb-element-hover-bg-color=\"null\" data-wptb-element-hover-text-color=\"null\" data-wptb-element-hover-scale=\"1\" style=\"width: 25px; height: 25px\"><\/div><div class=\"wptb-button-label\" style=\"display: none; \" data-wptb-element-hover-bg-color=\"null\" data-wptb-element-hover-text-color=\"null\" data-wptb-element-hover-scale=\"1\"><div class=\"wptb-button-label-decorator\" data-wptb-element-hover-bg-color=\"null\" data-wptb-element-hover-text-color=\"null\" data-wptb-element-hover-scale=\"1\" style=\"border-color: rgba(0, 0, 0, 0)  rgba(0, 0, 0, 0) rgba(0, 0, 0, 0);\"><br><\/div><div class=\"wptb-button-label-text\" data-wptb-element-hover-bg-color=\"null\" data-wptb-element-hover-text-color=\"null\" data-wptb-element-hover-scale=\"1\">label<\/div><\/div><\/div><\/a><\/div><\/div><div class=\"wptb-text-container wptb-ph-element wptb-element-text-598\" style=\"\"><div style=\"position: relative;\"><p><\/p><\/div><\/div><\/td><\/tr><\/tbody><\/table><\/div><\/div>\n\n","protected":false},"excerpt":{"rendered":"","protected":false},"author":2,"featured_media":0,"parent":0,"menu_order":0,"comment_status":"closed","ping_status":"closed","template":"","meta":{"footnotes":""},"class_list":["post-7134","page","type-page","status-publish","hentry"],"yoast_head":"<!-- This site is optimized with the Yoast SEO plugin v27.4 - https:\/\/yoast.com\/product\/yoast-seo-wordpress\/ -->\n<title>Galeria - Szko\u0142a Podstawowa nr 58 im. Melchiora Wa\u0144kowicza w \u0141odzi<\/title>\n<meta name=\"robots\" content=\"index, follow, max-snippet:-1, max-image-preview:large, max-video-preview:-1\" \/>\n<link rel=\"canonical\" href=\"https:\/\/sp58lodz.edu.pl\/?page_id=7134\" \/>\n<meta property=\"og:locale\" content=\"pl_PL\" \/>\n<meta property=\"og:type\" content=\"article\" \/>\n<meta property=\"og:title\" content=\"Galeria - Szko\u0142a Podstawowa nr 58 im. Melchiora Wa\u0144kowicza w \u0141odzi\" \/>\n<meta property=\"og:url\" content=\"https:\/\/sp58lodz.edu.pl\/?page_id=7134\" \/>\n<meta property=\"og:site_name\" content=\"Szko\u0142a Podstawowa nr 58 im. Melchiora Wa\u0144kowicza w \u0141odzi\" \/>\n<meta property=\"article:modified_time\" content=\"2025-03-14T09:39:38+00:00\" \/>\n<meta name=\"twitter:card\" content=\"summary_large_image\" \/>\n<meta name=\"twitter:label1\" content=\"Szacowany czas czytania\" \/>\n\t<meta name=\"twitter:data1\" content=\"1 minuta\" \/>\n<script type=\"application\/ld+json\" class=\"yoast-schema-graph\">{\"@context\":\"https:\\\/\\\/schema.org\",\"@graph\":[{\"@type\":\"WebPage\",\"@id\":\"https:\\\/\\\/sp58lodz.edu.pl\\\/?page_id=7134\",\"url\":\"https:\\\/\\\/sp58lodz.edu.pl\\\/?page_id=7134\",\"name\":\"Galeria - Szko\u0142a Podstawowa nr 58 im. Melchiora Wa\u0144kowicza w \u0141odzi\",\"isPartOf\":{\"@id\":\"https:\\\/\\\/sp58lodz.edu.pl\\\/#website\"},\"datePublished\":\"2025-03-13T09:32:17+00:00\",\"dateModified\":\"2025-03-14T09:39:38+00:00\",\"breadcrumb\":{\"@id\":\"https:\\\/\\\/sp58lodz.edu.pl\\\/?page_id=7134#breadcrumb\"},\"inLanguage\":\"pl-PL\",\"potentialAction\":[{\"@type\":\"ReadAction\",\"target\":[\"https:\\\/\\\/sp58lodz.edu.pl\\\/?page_id=7134\"]}]},{\"@type\":\"BreadcrumbList\",\"@id\":\"https:\\\/\\\/sp58lodz.edu.pl\\\/?page_id=7134#breadcrumb\",\"itemListElement\":[{\"@type\":\"ListItem\",\"position\":1,\"name\":\"Strona g\u0142\u00f3wna\",\"item\":\"https:\\\/\\\/sp58lodz.edu.pl\\\/\"},{\"@type\":\"ListItem\",\"position\":2,\"name\":\"Galeria\"}]},{\"@type\":\"WebSite\",\"@id\":\"https:\\\/\\\/sp58lodz.edu.pl\\\/#website\",\"url\":\"https:\\\/\\\/sp58lodz.edu.pl\\\/\",\"name\":\"Szko\u0142a Podstawowa nr 58 im. Melchiora Wa\u0144kowicza w \u0141odzi\",\"description\":\"Strona Szko\u0142y Podstawowej nr 58 w \u0141odzi\",\"publisher\":{\"@id\":\"https:\\\/\\\/sp58lodz.edu.pl\\\/#organization\"},\"potentialAction\":[{\"@type\":\"SearchAction\",\"target\":{\"@type\":\"EntryPoint\",\"urlTemplate\":\"https:\\\/\\\/sp58lodz.edu.pl\\\/?s={search_term_string}\"},\"query-input\":{\"@type\":\"PropertyValueSpecification\",\"valueRequired\":true,\"valueName\":\"search_term_string\"}}],\"inLanguage\":\"pl-PL\"},{\"@type\":\"Organization\",\"@id\":\"https:\\\/\\\/sp58lodz.edu.pl\\\/#organization\",\"name\":\"Szko\u0142a Podstawowa nr 58 im. Melchiora Wa\u0144kowicza w \u0141odzi\",\"url\":\"https:\\\/\\\/sp58lodz.edu.pl\\\/\",\"logo\":{\"@type\":\"ImageObject\",\"inLanguage\":\"pl-PL\",\"@id\":\"https:\\\/\\\/sp58lodz.edu.pl\\\/#\\\/schema\\\/logo\\\/image\\\/\",\"url\":\"https:\\\/\\\/sp58lodz.edu.pl\\\/wp-content\\\/uploads\\\/2019\\\/01\\\/cropped-cropped-logo_pat-e1601973191516.png\",\"contentUrl\":\"https:\\\/\\\/sp58lodz.edu.pl\\\/wp-content\\\/uploads\\\/2019\\\/01\\\/cropped-cropped-logo_pat-e1601973191516.png\",\"width\":140,\"height\":140,\"caption\":\"Szko\u0142a Podstawowa nr 58 im. Melchiora Wa\u0144kowicza w \u0141odzi\"},\"image\":{\"@id\":\"https:\\\/\\\/sp58lodz.edu.pl\\\/#\\\/schema\\\/logo\\\/image\\\/\"}}]}<\/script>\n<!-- \/ Yoast SEO plugin. -->","yoast_head_json":{"title":"Galeria - Szko\u0142a Podstawowa nr 58 im. Melchiora Wa\u0144kowicza w \u0141odzi","robots":{"index":"index","follow":"follow","max-snippet":"max-snippet:-1","max-image-preview":"max-image-preview:large","max-video-preview":"max-video-preview:-1"},"canonical":"https:\/\/sp58lodz.edu.pl\/?page_id=7134","og_locale":"pl_PL","og_type":"article","og_title":"Galeria - Szko\u0142a Podstawowa nr 58 im. Melchiora Wa\u0144kowicza w \u0141odzi","og_url":"https:\/\/sp58lodz.edu.pl\/?page_id=7134","og_site_name":"Szko\u0142a Podstawowa nr 58 im. Melchiora Wa\u0144kowicza w \u0141odzi","article_modified_time":"2025-03-14T09:39:38+00:00","twitter_card":"summary_large_image","twitter_misc":{"Szacowany czas czytania":"1 minuta"},"schema":{"@context":"https:\/\/schema.org","@graph":[{"@type":"WebPage","@id":"https:\/\/sp58lodz.edu.pl\/?page_id=7134","url":"https:\/\/sp58lodz.edu.pl\/?page_id=7134","name":"Galeria - Szko\u0142a Podstawowa nr 58 im. Melchiora Wa\u0144kowicza w \u0141odzi","isPartOf":{"@id":"https:\/\/sp58lodz.edu.pl\/#website"},"datePublished":"2025-03-13T09:32:17+00:00","dateModified":"2025-03-14T09:39:38+00:00","breadcrumb":{"@id":"https:\/\/sp58lodz.edu.pl\/?page_id=7134#breadcrumb"},"inLanguage":"pl-PL","potentialAction":[{"@type":"ReadAction","target":["https:\/\/sp58lodz.edu.pl\/?page_id=7134"]}]},{"@type":"BreadcrumbList","@id":"https:\/\/sp58lodz.edu.pl\/?page_id=7134#breadcrumb","itemListElement":[{"@type":"ListItem","position":1,"name":"Strona g\u0142\u00f3wna","item":"https:\/\/sp58lodz.edu.pl\/"},{"@type":"ListItem","position":2,"name":"Galeria"}]},{"@type":"WebSite","@id":"https:\/\/sp58lodz.edu.pl\/#website","url":"https:\/\/sp58lodz.edu.pl\/","name":"Szko\u0142a Podstawowa nr 58 im. Melchiora Wa\u0144kowicza w \u0141odzi","description":"Strona Szko\u0142y Podstawowej nr 58 w \u0141odzi","publisher":{"@id":"https:\/\/sp58lodz.edu.pl\/#organization"},"potentialAction":[{"@type":"SearchAction","target":{"@type":"EntryPoint","urlTemplate":"https:\/\/sp58lodz.edu.pl\/?s={search_term_string}"},"query-input":{"@type":"PropertyValueSpecification","valueRequired":true,"valueName":"search_term_string"}}],"inLanguage":"pl-PL"},{"@type":"Organization","@id":"https:\/\/sp58lodz.edu.pl\/#organization","name":"Szko\u0142a Podstawowa nr 58 im. Melchiora Wa\u0144kowicza w \u0141odzi","url":"https:\/\/sp58lodz.edu.pl\/","logo":{"@type":"ImageObject","inLanguage":"pl-PL","@id":"https:\/\/sp58lodz.edu.pl\/#\/schema\/logo\/image\/","url":"https:\/\/sp58lodz.edu.pl\/wp-content\/uploads\/2019\/01\/cropped-cropped-logo_pat-e1601973191516.png","contentUrl":"https:\/\/sp58lodz.edu.pl\/wp-content\/uploads\/2019\/01\/cropped-cropped-logo_pat-e1601973191516.png","width":140,"height":140,"caption":"Szko\u0142a Podstawowa nr 58 im. Melchiora Wa\u0144kowicza w \u0141odzi"},"image":{"@id":"https:\/\/sp58lodz.edu.pl\/#\/schema\/logo\/image\/"}}]}},"_links":{"self":[{"href":"https:\/\/sp58lodz.edu.pl\/index.php?rest_route=\/wp\/v2\/pages\/7134","targetHints":{"allow":["GET"]}}],"collection":[{"href":"https:\/\/sp58lodz.edu.pl\/index.php?rest_route=\/wp\/v2\/pages"}],"about":[{"href":"https:\/\/sp58lodz.edu.pl\/index.php?rest_route=\/wp\/v2\/types\/page"}],"author":[{"embeddable":true,"href":"https:\/\/sp58lodz.edu.pl\/index.php?rest_route=\/wp\/v2\/users\/2"}],"replies":[{"embeddable":true,"href":"https:\/\/sp58lodz.edu.pl\/index.php?rest_route=%2Fwp%2Fv2%2Fcomments&post=7134"}],"version-history":[{"count":2,"href":"https:\/\/sp58lodz.edu.pl\/index.php?rest_route=\/wp\/v2\/pages\/7134\/revisions"}],"predecessor-version":[{"id":7210,"href":"https:\/\/sp58lodz.edu.pl\/index.php?rest_route=\/wp\/v2\/pages\/7134\/revisions\/7210"}],"wp:attachment":[{"href":"https:\/\/sp58lodz.edu.pl\/index.php?rest_route=%2Fwp%2Fv2%2Fmedia&parent=7134"}],"curies":[{"name":"wp","href":"https:\/\/api.w.org\/{rel}","templated":true}]}}