{"id":7131,"date":"2025-03-13T10:20:29","date_gmt":"2025-03-13T09:20:29","guid":{"rendered":"https:\/\/sp58lodz.edu.pl\/?page_id=7131"},"modified":"2025-03-13T10:20:29","modified_gmt":"2025-03-13T09:20:29","slug":"telewizyjny-serwis-informacyjny","status":"publish","type":"page","link":"https:\/\/sp58lodz.edu.pl\/?page_id=7131","title":{"rendered":"Telewizyjny serwis informacyjny"},"content":{"rendered":"\n<p><strong>&#8222;Szkolne wiadomo\u015bci&#8221; &#8211; telewizyjny serwis informacyjny SP 58 w \u0141odzi<\/strong><\/p>\n\n\n\n<p>Od pa\u017adziernika 2024 r. ruszy\u0142a emisja &#8222;Szkolnych wiadomo\u015bci&#8221; &#8211; telewizyjnego serwisu informacyjnego SP 58 w \u0141odzi. Mo\u017cna je obejrze\u0107 na facebooku naszej szko\u0142y oraz w szkolnym przedsionku. Realizacj\u0105 zajmuje si\u0119 Samorz\u0105d Uczniowski, a opiek\u0119 nad projektem sprawuje Pani Paulina Wilczy\u0144ska-Sadowska. Celem tego programu jest nie tylko propagowanie osi\u0105gni\u0119\u0107 naszych uczni\u00f3w, ale r\u00f3wnie\u017c promowanie szko\u0142y w \u015brodowisku lokalnym.<\/p>\n","protected":false},"excerpt":{"rendered":"<p>&#8222;Szkolne wiadomo\u015bci&#8221; &#8211; telewizyjny serwis informacyjny SP 58 w \u0141odzi Od pa\u017adziernika 2024 r. ruszy\u0142a emisja &#8222;Szkolnych wiadomo\u015bci&#8221; &#8211; telewizyjnego serwisu informacyjnego SP 58 w \u0141odzi. Mo\u017cna je obejrze\u0107 na facebooku naszej szko\u0142y oraz w szkolnym przedsionku. Realizacj\u0105 zajmuje si\u0119&hellip; <a class=\"continue\" href=\"https:\/\/sp58lodz.edu.pl\/?page_id=7131\">Continue Reading<span> Telewizyjny serwis informacyjny<\/span><\/a><\/p>\n","protected":false},"author":2,"featured_media":0,"parent":0,"menu_order":0,"comment_status":"closed","ping_status":"closed","template":"","meta":{"footnotes":""},"class_list":["post-7131","page","type-page","status-publish","hentry"],"yoast_head":"<!-- This site is optimized with the Yoast SEO plugin v27.4 - https:\/\/yoast.com\/product\/yoast-seo-wordpress\/ -->\n<title>Telewizyjny serwis informacyjny - Szko\u0142a Podstawowa nr 58 im. Melchiora Wa\u0144kowicza w \u0141odzi<\/title>\n<meta name=\"robots\" content=\"index, follow, max-snippet:-1, max-image-preview:large, max-video-preview:-1\" \/>\n<link rel=\"canonical\" href=\"https:\/\/sp58lodz.edu.pl\/?page_id=7131\" \/>\n<meta property=\"og:locale\" content=\"pl_PL\" \/>\n<meta property=\"og:type\" content=\"article\" \/>\n<meta property=\"og:title\" content=\"Telewizyjny serwis informacyjny - Szko\u0142a Podstawowa nr 58 im. Melchiora Wa\u0144kowicza w \u0141odzi\" \/>\n<meta property=\"og:description\" content=\"&#8222;Szkolne wiadomo\u015bci&#8221; &#8211; telewizyjny serwis informacyjny SP 58 w \u0141odzi Od pa\u017adziernika 2024 r. ruszy\u0142a emisja &#8222;Szkolnych wiadomo\u015bci&#8221; &#8211; telewizyjnego serwisu informacyjnego SP 58 w \u0141odzi. Mo\u017cna je obejrze\u0107 na facebooku naszej szko\u0142y oraz w szkolnym przedsionku. Realizacj\u0105 zajmuje si\u0119&hellip; Continue Reading Telewizyjny serwis informacyjny\" \/>\n<meta property=\"og:url\" content=\"https:\/\/sp58lodz.edu.pl\/?page_id=7131\" \/>\n<meta property=\"og:site_name\" content=\"Szko\u0142a Podstawowa nr 58 im. Melchiora Wa\u0144kowicza w \u0141odzi\" \/>\n<meta name=\"twitter:card\" content=\"summary_large_image\" \/>\n<meta name=\"twitter:label1\" content=\"Szacowany czas czytania\" \/>\n\t<meta name=\"twitter:data1\" content=\"1 minuta\" \/>\n<script type=\"application\/ld+json\" class=\"yoast-schema-graph\">{\"@context\":\"https:\\\/\\\/schema.org\",\"@graph\":[{\"@type\":\"WebPage\",\"@id\":\"https:\\\/\\\/sp58lodz.edu.pl\\\/?page_id=7131\",\"url\":\"https:\\\/\\\/sp58lodz.edu.pl\\\/?page_id=7131\",\"name\":\"Telewizyjny serwis informacyjny - Szko\u0142a Podstawowa nr 58 im. Melchiora Wa\u0144kowicza w \u0141odzi\",\"isPartOf\":{\"@id\":\"https:\\\/\\\/sp58lodz.edu.pl\\\/#website\"},\"datePublished\":\"2025-03-13T09:20:29+00:00\",\"breadcrumb\":{\"@id\":\"https:\\\/\\\/sp58lodz.edu.pl\\\/?page_id=7131#breadcrumb\"},\"inLanguage\":\"pl-PL\",\"potentialAction\":[{\"@type\":\"ReadAction\",\"target\":[\"https:\\\/\\\/sp58lodz.edu.pl\\\/?page_id=7131\"]}]},{\"@type\":\"BreadcrumbList\",\"@id\":\"https:\\\/\\\/sp58lodz.edu.pl\\\/?page_id=7131#breadcrumb\",\"itemListElement\":[{\"@type\":\"ListItem\",\"position\":1,\"name\":\"Strona g\u0142\u00f3wna\",\"item\":\"https:\\\/\\\/sp58lodz.edu.pl\\\/\"},{\"@type\":\"ListItem\",\"position\":2,\"name\":\"Telewizyjny serwis informacyjny\"}]},{\"@type\":\"WebSite\",\"@id\":\"https:\\\/\\\/sp58lodz.edu.pl\\\/#website\",\"url\":\"https:\\\/\\\/sp58lodz.edu.pl\\\/\",\"name\":\"Szko\u0142a Podstawowa nr 58 im. Melchiora Wa\u0144kowicza w \u0141odzi\",\"description\":\"Strona Szko\u0142y Podstawowej nr 58 w \u0141odzi\",\"publisher\":{\"@id\":\"https:\\\/\\\/sp58lodz.edu.pl\\\/#organization\"},\"potentialAction\":[{\"@type\":\"SearchAction\",\"target\":{\"@type\":\"EntryPoint\",\"urlTemplate\":\"https:\\\/\\\/sp58lodz.edu.pl\\\/?s={search_term_string}\"},\"query-input\":{\"@type\":\"PropertyValueSpecification\",\"valueRequired\":true,\"valueName\":\"search_term_string\"}}],\"inLanguage\":\"pl-PL\"},{\"@type\":\"Organization\",\"@id\":\"https:\\\/\\\/sp58lodz.edu.pl\\\/#organization\",\"name\":\"Szko\u0142a Podstawowa nr 58 im. Melchiora Wa\u0144kowicza w \u0141odzi\",\"url\":\"https:\\\/\\\/sp58lodz.edu.pl\\\/\",\"logo\":{\"@type\":\"ImageObject\",\"inLanguage\":\"pl-PL\",\"@id\":\"https:\\\/\\\/sp58lodz.edu.pl\\\/#\\\/schema\\\/logo\\\/image\\\/\",\"url\":\"https:\\\/\\\/sp58lodz.edu.pl\\\/wp-content\\\/uploads\\\/2019\\\/01\\\/cropped-cropped-logo_pat-e1601973191516.png\",\"contentUrl\":\"https:\\\/\\\/sp58lodz.edu.pl\\\/wp-content\\\/uploads\\\/2019\\\/01\\\/cropped-cropped-logo_pat-e1601973191516.png\",\"width\":140,\"height\":140,\"caption\":\"Szko\u0142a Podstawowa nr 58 im. Melchiora Wa\u0144kowicza w \u0141odzi\"},\"image\":{\"@id\":\"https:\\\/\\\/sp58lodz.edu.pl\\\/#\\\/schema\\\/logo\\\/image\\\/\"}}]}<\/script>\n<!-- \/ Yoast SEO plugin. -->","yoast_head_json":{"title":"Telewizyjny serwis informacyjny - Szko\u0142a Podstawowa nr 58 im. Melchiora Wa\u0144kowicza w \u0141odzi","robots":{"index":"index","follow":"follow","max-snippet":"max-snippet:-1","max-image-preview":"max-image-preview:large","max-video-preview":"max-video-preview:-1"},"canonical":"https:\/\/sp58lodz.edu.pl\/?page_id=7131","og_locale":"pl_PL","og_type":"article","og_title":"Telewizyjny serwis informacyjny - Szko\u0142a Podstawowa nr 58 im. Melchiora Wa\u0144kowicza w \u0141odzi","og_description":"&#8222;Szkolne wiadomo\u015bci&#8221; &#8211; telewizyjny serwis informacyjny SP 58 w \u0141odzi Od pa\u017adziernika 2024 r. ruszy\u0142a emisja &#8222;Szkolnych wiadomo\u015bci&#8221; &#8211; telewizyjnego serwisu informacyjnego SP 58 w \u0141odzi. Mo\u017cna je obejrze\u0107 na facebooku naszej szko\u0142y oraz w szkolnym przedsionku. Realizacj\u0105 zajmuje si\u0119&hellip; Continue Reading Telewizyjny serwis informacyjny","og_url":"https:\/\/sp58lodz.edu.pl\/?page_id=7131","og_site_name":"Szko\u0142a Podstawowa nr 58 im. Melchiora Wa\u0144kowicza w \u0141odzi","twitter_card":"summary_large_image","twitter_misc":{"Szacowany czas czytania":"1 minuta"},"schema":{"@context":"https:\/\/schema.org","@graph":[{"@type":"WebPage","@id":"https:\/\/sp58lodz.edu.pl\/?page_id=7131","url":"https:\/\/sp58lodz.edu.pl\/?page_id=7131","name":"Telewizyjny serwis informacyjny - Szko\u0142a Podstawowa nr 58 im. Melchiora Wa\u0144kowicza w \u0141odzi","isPartOf":{"@id":"https:\/\/sp58lodz.edu.pl\/#website"},"datePublished":"2025-03-13T09:20:29+00:00","breadcrumb":{"@id":"https:\/\/sp58lodz.edu.pl\/?page_id=7131#breadcrumb"},"inLanguage":"pl-PL","potentialAction":[{"@type":"ReadAction","target":["https:\/\/sp58lodz.edu.pl\/?page_id=7131"]}]},{"@type":"BreadcrumbList","@id":"https:\/\/sp58lodz.edu.pl\/?page_id=7131#breadcrumb","itemListElement":[{"@type":"ListItem","position":1,"name":"Strona g\u0142\u00f3wna","item":"https:\/\/sp58lodz.edu.pl\/"},{"@type":"ListItem","position":2,"name":"Telewizyjny serwis informacyjny"}]},{"@type":"WebSite","@id":"https:\/\/sp58lodz.edu.pl\/#website","url":"https:\/\/sp58lodz.edu.pl\/","name":"Szko\u0142a Podstawowa nr 58 im. Melchiora Wa\u0144kowicza w \u0141odzi","description":"Strona Szko\u0142y Podstawowej nr 58 w \u0141odzi","publisher":{"@id":"https:\/\/sp58lodz.edu.pl\/#organization"},"potentialAction":[{"@type":"SearchAction","target":{"@type":"EntryPoint","urlTemplate":"https:\/\/sp58lodz.edu.pl\/?s={search_term_string}"},"query-input":{"@type":"PropertyValueSpecification","valueRequired":true,"valueName":"search_term_string"}}],"inLanguage":"pl-PL"},{"@type":"Organization","@id":"https:\/\/sp58lodz.edu.pl\/#organization","name":"Szko\u0142a Podstawowa nr 58 im. Melchiora Wa\u0144kowicza w \u0141odzi","url":"https:\/\/sp58lodz.edu.pl\/","logo":{"@type":"ImageObject","inLanguage":"pl-PL","@id":"https:\/\/sp58lodz.edu.pl\/#\/schema\/logo\/image\/","url":"https:\/\/sp58lodz.edu.pl\/wp-content\/uploads\/2019\/01\/cropped-cropped-logo_pat-e1601973191516.png","contentUrl":"https:\/\/sp58lodz.edu.pl\/wp-content\/uploads\/2019\/01\/cropped-cropped-logo_pat-e1601973191516.png","width":140,"height":140,"caption":"Szko\u0142a Podstawowa nr 58 im. Melchiora Wa\u0144kowicza w \u0141odzi"},"image":{"@id":"https:\/\/sp58lodz.edu.pl\/#\/schema\/logo\/image\/"}}]}},"_links":{"self":[{"href":"https:\/\/sp58lodz.edu.pl\/index.php?rest_route=\/wp\/v2\/pages\/7131","targetHints":{"allow":["GET"]}}],"collection":[{"href":"https:\/\/sp58lodz.edu.pl\/index.php?rest_route=\/wp\/v2\/pages"}],"about":[{"href":"https:\/\/sp58lodz.edu.pl\/index.php?rest_route=\/wp\/v2\/types\/page"}],"author":[{"embeddable":true,"href":"https:\/\/sp58lodz.edu.pl\/index.php?rest_route=\/wp\/v2\/users\/2"}],"replies":[{"embeddable":true,"href":"https:\/\/sp58lodz.edu.pl\/index.php?rest_route=%2Fwp%2Fv2%2Fcomments&post=7131"}],"version-history":[{"count":1,"href":"https:\/\/sp58lodz.edu.pl\/index.php?rest_route=\/wp\/v2\/pages\/7131\/revisions"}],"predecessor-version":[{"id":7132,"href":"https:\/\/sp58lodz.edu.pl\/index.php?rest_route=\/wp\/v2\/pages\/7131\/revisions\/7132"}],"wp:attachment":[{"href":"https:\/\/sp58lodz.edu.pl\/index.php?rest_route=%2Fwp%2Fv2%2Fmedia&parent=7131"}],"curies":[{"name":"wp","href":"https:\/\/api.w.org\/{rel}","templated":true}]}}