{"id":7094,"date":"2025-03-13T08:11:23","date_gmt":"2025-03-13T07:11:23","guid":{"rendered":"https:\/\/sp58lodz.edu.pl\/?page_id=7094"},"modified":"2025-03-13T08:18:41","modified_gmt":"2025-03-13T07:18:41","slug":"ogolnopolski-projekt-edukacyjny-zdrowe-zycie-i-pierwsza-pomoc","status":"publish","type":"page","link":"https:\/\/sp58lodz.edu.pl\/?page_id=7094","title":{"rendered":"Og\u00f3lnopolski projekt edukacyjny &#8222;Zdrowe \u017cycie i pierwsza pomoc&#8221;"},"content":{"rendered":"\n<p>\u00a0<strong>\u201eZdrowe \u017cycie i\u00a0pierwsza pomoc&#8221;<\/strong> jest kompleksowym programem edukacyjnym, kt\u00f3rego celem jest <strong>promowanie zdrowego stylu \u017cycia <\/strong>oraz rozwijanie umiej\u0119tno\u015bci zwi\u0105zanych z<strong>\u00a0udzielaniem pierwszej pomocy<\/strong> w\u015br\u00f3d dzieci. Przyst\u0105pi\u0142y do tego programu wszystkie klasy edukacji wczesnoszkolnej naszej szko\u0142y, a\u00a0jego realizacj\u0119 monitoruje Pani Izabela Pa\u0144czyk.<\/p>\n\n\n\n<p><\/p>\n","protected":false},"excerpt":{"rendered":"<p>\u00a0\u201eZdrowe \u017cycie i\u00a0pierwsza pomoc&#8221; jest kompleksowym programem edukacyjnym, kt\u00f3rego celem jest promowanie zdrowego stylu \u017cycia oraz rozwijanie umiej\u0119tno\u015bci zwi\u0105zanych z\u00a0udzielaniem pierwszej pomocy w\u015br\u00f3d dzieci. Przyst\u0105pi\u0142y do tego programu wszystkie klasy edukacji wczesnoszkolnej naszej szko\u0142y, a\u00a0jego realizacj\u0119 monitoruje Pani Izabela Pa\u0144czyk.<\/p>\n","protected":false},"author":2,"featured_media":7097,"parent":0,"menu_order":0,"comment_status":"closed","ping_status":"closed","template":"","meta":{"footnotes":""},"class_list":["post-7094","page","type-page","status-publish","has-post-thumbnail","hentry"],"yoast_head":"<!-- This site is optimized with the Yoast SEO plugin v27.5 - https:\/\/yoast.com\/product\/yoast-seo-wordpress\/ -->\n<title>Og\u00f3lnopolski projekt edukacyjny &quot;Zdrowe \u017cycie i pierwsza pomoc&quot; - Szko\u0142a Podstawowa nr 58 im. Melchiora Wa\u0144kowicza w \u0141odzi<\/title>\n<meta name=\"robots\" content=\"index, follow, max-snippet:-1, max-image-preview:large, max-video-preview:-1\" \/>\n<link rel=\"canonical\" href=\"https:\/\/sp58lodz.edu.pl\/?page_id=7094\" \/>\n<meta property=\"og:locale\" content=\"pl_PL\" \/>\n<meta property=\"og:type\" content=\"article\" \/>\n<meta property=\"og:title\" content=\"Og\u00f3lnopolski projekt edukacyjny &quot;Zdrowe \u017cycie i pierwsza pomoc&quot; - Szko\u0142a Podstawowa nr 58 im. Melchiora Wa\u0144kowicza w \u0141odzi\" \/>\n<meta property=\"og:description\" content=\"\u00a0\u201eZdrowe \u017cycie i\u00a0pierwsza pomoc&#8221; jest kompleksowym programem edukacyjnym, kt\u00f3rego celem jest promowanie zdrowego stylu \u017cycia oraz rozwijanie umiej\u0119tno\u015bci zwi\u0105zanych z\u00a0udzielaniem pierwszej pomocy w\u015br\u00f3d dzieci. Przyst\u0105pi\u0142y do tego programu wszystkie klasy edukacji wczesnoszkolnej naszej szko\u0142y, a\u00a0jego realizacj\u0119 monitoruje Pani Izabela Pa\u0144czyk.\" \/>\n<meta property=\"og:url\" content=\"https:\/\/sp58lodz.edu.pl\/?page_id=7094\" \/>\n<meta property=\"og:site_name\" content=\"Szko\u0142a Podstawowa nr 58 im. Melchiora Wa\u0144kowicza w \u0141odzi\" \/>\n<meta property=\"article:modified_time\" content=\"2025-03-13T07:18:41+00:00\" \/>\n<meta property=\"og:image\" content=\"https:\/\/sp58lodz.edu.pl\/wp-content\/uploads\/2025\/03\/zdrowe.png\" \/>\n\t<meta property=\"og:image:width\" content=\"262\" \/>\n\t<meta property=\"og:image:height\" content=\"262\" \/>\n\t<meta property=\"og:image:type\" content=\"image\/png\" \/>\n<meta name=\"twitter:card\" content=\"summary_large_image\" \/>\n<meta name=\"twitter:label1\" content=\"Szacowany czas czytania\" \/>\n\t<meta name=\"twitter:data1\" content=\"1 minuta\" \/>\n<script type=\"application\/ld+json\" class=\"yoast-schema-graph\">{\"@context\":\"https:\\\/\\\/schema.org\",\"@graph\":[{\"@type\":\"WebPage\",\"@id\":\"https:\\\/\\\/sp58lodz.edu.pl\\\/?page_id=7094\",\"url\":\"https:\\\/\\\/sp58lodz.edu.pl\\\/?page_id=7094\",\"name\":\"Og\u00f3lnopolski projekt edukacyjny \\\"Zdrowe \u017cycie i pierwsza pomoc\\\" - Szko\u0142a Podstawowa nr 58 im. Melchiora Wa\u0144kowicza w \u0141odzi\",\"isPartOf\":{\"@id\":\"https:\\\/\\\/sp58lodz.edu.pl\\\/#website\"},\"primaryImageOfPage\":{\"@id\":\"https:\\\/\\\/sp58lodz.edu.pl\\\/?page_id=7094#primaryimage\"},\"image\":{\"@id\":\"https:\\\/\\\/sp58lodz.edu.pl\\\/?page_id=7094#primaryimage\"},\"thumbnailUrl\":\"https:\\\/\\\/sp58lodz.edu.pl\\\/wp-content\\\/uploads\\\/2025\\\/03\\\/zdrowe.png\",\"datePublished\":\"2025-03-13T07:11:23+00:00\",\"dateModified\":\"2025-03-13T07:18:41+00:00\",\"breadcrumb\":{\"@id\":\"https:\\\/\\\/sp58lodz.edu.pl\\\/?page_id=7094#breadcrumb\"},\"inLanguage\":\"pl-PL\",\"potentialAction\":[{\"@type\":\"ReadAction\",\"target\":[\"https:\\\/\\\/sp58lodz.edu.pl\\\/?page_id=7094\"]}]},{\"@type\":\"ImageObject\",\"inLanguage\":\"pl-PL\",\"@id\":\"https:\\\/\\\/sp58lodz.edu.pl\\\/?page_id=7094#primaryimage\",\"url\":\"https:\\\/\\\/sp58lodz.edu.pl\\\/wp-content\\\/uploads\\\/2025\\\/03\\\/zdrowe.png\",\"contentUrl\":\"https:\\\/\\\/sp58lodz.edu.pl\\\/wp-content\\\/uploads\\\/2025\\\/03\\\/zdrowe.png\",\"width\":262,\"height\":262},{\"@type\":\"BreadcrumbList\",\"@id\":\"https:\\\/\\\/sp58lodz.edu.pl\\\/?page_id=7094#breadcrumb\",\"itemListElement\":[{\"@type\":\"ListItem\",\"position\":1,\"name\":\"Strona g\u0142\u00f3wna\",\"item\":\"https:\\\/\\\/sp58lodz.edu.pl\\\/\"},{\"@type\":\"ListItem\",\"position\":2,\"name\":\"Og\u00f3lnopolski projekt edukacyjny &#8222;Zdrowe \u017cycie i pierwsza pomoc&#8221;\"}]},{\"@type\":\"WebSite\",\"@id\":\"https:\\\/\\\/sp58lodz.edu.pl\\\/#website\",\"url\":\"https:\\\/\\\/sp58lodz.edu.pl\\\/\",\"name\":\"Szko\u0142a Podstawowa nr 58 im. Melchiora Wa\u0144kowicza w \u0141odzi\",\"description\":\"Strona Szko\u0142y Podstawowej nr 58 w \u0141odzi\",\"publisher\":{\"@id\":\"https:\\\/\\\/sp58lodz.edu.pl\\\/#organization\"},\"potentialAction\":[{\"@type\":\"SearchAction\",\"target\":{\"@type\":\"EntryPoint\",\"urlTemplate\":\"https:\\\/\\\/sp58lodz.edu.pl\\\/?s={search_term_string}\"},\"query-input\":{\"@type\":\"PropertyValueSpecification\",\"valueRequired\":true,\"valueName\":\"search_term_string\"}}],\"inLanguage\":\"pl-PL\"},{\"@type\":\"Organization\",\"@id\":\"https:\\\/\\\/sp58lodz.edu.pl\\\/#organization\",\"name\":\"Szko\u0142a Podstawowa nr 58 im. Melchiora Wa\u0144kowicza w \u0141odzi\",\"url\":\"https:\\\/\\\/sp58lodz.edu.pl\\\/\",\"logo\":{\"@type\":\"ImageObject\",\"inLanguage\":\"pl-PL\",\"@id\":\"https:\\\/\\\/sp58lodz.edu.pl\\\/#\\\/schema\\\/logo\\\/image\\\/\",\"url\":\"https:\\\/\\\/sp58lodz.edu.pl\\\/wp-content\\\/uploads\\\/2019\\\/01\\\/cropped-cropped-logo_pat-e1601973191516.png\",\"contentUrl\":\"https:\\\/\\\/sp58lodz.edu.pl\\\/wp-content\\\/uploads\\\/2019\\\/01\\\/cropped-cropped-logo_pat-e1601973191516.png\",\"width\":140,\"height\":140,\"caption\":\"Szko\u0142a Podstawowa nr 58 im. Melchiora Wa\u0144kowicza w \u0141odzi\"},\"image\":{\"@id\":\"https:\\\/\\\/sp58lodz.edu.pl\\\/#\\\/schema\\\/logo\\\/image\\\/\"}}]}<\/script>\n<!-- \/ Yoast SEO plugin. -->","yoast_head_json":{"title":"Og\u00f3lnopolski projekt edukacyjny \"Zdrowe \u017cycie i pierwsza pomoc\" - Szko\u0142a Podstawowa nr 58 im. Melchiora Wa\u0144kowicza w \u0141odzi","robots":{"index":"index","follow":"follow","max-snippet":"max-snippet:-1","max-image-preview":"max-image-preview:large","max-video-preview":"max-video-preview:-1"},"canonical":"https:\/\/sp58lodz.edu.pl\/?page_id=7094","og_locale":"pl_PL","og_type":"article","og_title":"Og\u00f3lnopolski projekt edukacyjny \"Zdrowe \u017cycie i pierwsza pomoc\" - Szko\u0142a Podstawowa nr 58 im. Melchiora Wa\u0144kowicza w \u0141odzi","og_description":"\u00a0\u201eZdrowe \u017cycie i\u00a0pierwsza pomoc&#8221; jest kompleksowym programem edukacyjnym, kt\u00f3rego celem jest promowanie zdrowego stylu \u017cycia oraz rozwijanie umiej\u0119tno\u015bci zwi\u0105zanych z\u00a0udzielaniem pierwszej pomocy w\u015br\u00f3d dzieci. Przyst\u0105pi\u0142y do tego programu wszystkie klasy edukacji wczesnoszkolnej naszej szko\u0142y, a\u00a0jego realizacj\u0119 monitoruje Pani Izabela Pa\u0144czyk.","og_url":"https:\/\/sp58lodz.edu.pl\/?page_id=7094","og_site_name":"Szko\u0142a Podstawowa nr 58 im. Melchiora Wa\u0144kowicza w \u0141odzi","article_modified_time":"2025-03-13T07:18:41+00:00","og_image":[{"width":262,"height":262,"url":"https:\/\/sp58lodz.edu.pl\/wp-content\/uploads\/2025\/03\/zdrowe.png","type":"image\/png"}],"twitter_card":"summary_large_image","twitter_misc":{"Szacowany czas czytania":"1 minuta"},"schema":{"@context":"https:\/\/schema.org","@graph":[{"@type":"WebPage","@id":"https:\/\/sp58lodz.edu.pl\/?page_id=7094","url":"https:\/\/sp58lodz.edu.pl\/?page_id=7094","name":"Og\u00f3lnopolski projekt edukacyjny \"Zdrowe \u017cycie i pierwsza pomoc\" - Szko\u0142a Podstawowa nr 58 im. Melchiora Wa\u0144kowicza w \u0141odzi","isPartOf":{"@id":"https:\/\/sp58lodz.edu.pl\/#website"},"primaryImageOfPage":{"@id":"https:\/\/sp58lodz.edu.pl\/?page_id=7094#primaryimage"},"image":{"@id":"https:\/\/sp58lodz.edu.pl\/?page_id=7094#primaryimage"},"thumbnailUrl":"https:\/\/sp58lodz.edu.pl\/wp-content\/uploads\/2025\/03\/zdrowe.png","datePublished":"2025-03-13T07:11:23+00:00","dateModified":"2025-03-13T07:18:41+00:00","breadcrumb":{"@id":"https:\/\/sp58lodz.edu.pl\/?page_id=7094#breadcrumb"},"inLanguage":"pl-PL","potentialAction":[{"@type":"ReadAction","target":["https:\/\/sp58lodz.edu.pl\/?page_id=7094"]}]},{"@type":"ImageObject","inLanguage":"pl-PL","@id":"https:\/\/sp58lodz.edu.pl\/?page_id=7094#primaryimage","url":"https:\/\/sp58lodz.edu.pl\/wp-content\/uploads\/2025\/03\/zdrowe.png","contentUrl":"https:\/\/sp58lodz.edu.pl\/wp-content\/uploads\/2025\/03\/zdrowe.png","width":262,"height":262},{"@type":"BreadcrumbList","@id":"https:\/\/sp58lodz.edu.pl\/?page_id=7094#breadcrumb","itemListElement":[{"@type":"ListItem","position":1,"name":"Strona g\u0142\u00f3wna","item":"https:\/\/sp58lodz.edu.pl\/"},{"@type":"ListItem","position":2,"name":"Og\u00f3lnopolski projekt edukacyjny &#8222;Zdrowe \u017cycie i pierwsza pomoc&#8221;"}]},{"@type":"WebSite","@id":"https:\/\/sp58lodz.edu.pl\/#website","url":"https:\/\/sp58lodz.edu.pl\/","name":"Szko\u0142a Podstawowa nr 58 im. Melchiora Wa\u0144kowicza w \u0141odzi","description":"Strona Szko\u0142y Podstawowej nr 58 w \u0141odzi","publisher":{"@id":"https:\/\/sp58lodz.edu.pl\/#organization"},"potentialAction":[{"@type":"SearchAction","target":{"@type":"EntryPoint","urlTemplate":"https:\/\/sp58lodz.edu.pl\/?s={search_term_string}"},"query-input":{"@type":"PropertyValueSpecification","valueRequired":true,"valueName":"search_term_string"}}],"inLanguage":"pl-PL"},{"@type":"Organization","@id":"https:\/\/sp58lodz.edu.pl\/#organization","name":"Szko\u0142a Podstawowa nr 58 im. Melchiora Wa\u0144kowicza w \u0141odzi","url":"https:\/\/sp58lodz.edu.pl\/","logo":{"@type":"ImageObject","inLanguage":"pl-PL","@id":"https:\/\/sp58lodz.edu.pl\/#\/schema\/logo\/image\/","url":"https:\/\/sp58lodz.edu.pl\/wp-content\/uploads\/2019\/01\/cropped-cropped-logo_pat-e1601973191516.png","contentUrl":"https:\/\/sp58lodz.edu.pl\/wp-content\/uploads\/2019\/01\/cropped-cropped-logo_pat-e1601973191516.png","width":140,"height":140,"caption":"Szko\u0142a Podstawowa nr 58 im. Melchiora Wa\u0144kowicza w \u0141odzi"},"image":{"@id":"https:\/\/sp58lodz.edu.pl\/#\/schema\/logo\/image\/"}}]}},"_links":{"self":[{"href":"https:\/\/sp58lodz.edu.pl\/index.php?rest_route=\/wp\/v2\/pages\/7094","targetHints":{"allow":["GET"]}}],"collection":[{"href":"https:\/\/sp58lodz.edu.pl\/index.php?rest_route=\/wp\/v2\/pages"}],"about":[{"href":"https:\/\/sp58lodz.edu.pl\/index.php?rest_route=\/wp\/v2\/types\/page"}],"author":[{"embeddable":true,"href":"https:\/\/sp58lodz.edu.pl\/index.php?rest_route=\/wp\/v2\/users\/2"}],"replies":[{"embeddable":true,"href":"https:\/\/sp58lodz.edu.pl\/index.php?rest_route=%2Fwp%2Fv2%2Fcomments&post=7094"}],"version-history":[{"count":3,"href":"https:\/\/sp58lodz.edu.pl\/index.php?rest_route=\/wp\/v2\/pages\/7094\/revisions"}],"predecessor-version":[{"id":7099,"href":"https:\/\/sp58lodz.edu.pl\/index.php?rest_route=\/wp\/v2\/pages\/7094\/revisions\/7099"}],"wp:featuredmedia":[{"embeddable":true,"href":"https:\/\/sp58lodz.edu.pl\/index.php?rest_route=\/wp\/v2\/media\/7097"}],"wp:attachment":[{"href":"https:\/\/sp58lodz.edu.pl\/index.php?rest_route=%2Fwp%2Fv2%2Fmedia&parent=7094"}],"curies":[{"name":"wp","href":"https:\/\/api.w.org\/{rel}","templated":true}]}}