{"id":7075,"date":"2025-03-12T07:34:54","date_gmt":"2025-03-12T06:34:54","guid":{"rendered":"https:\/\/sp58lodz.edu.pl\/?page_id=7075"},"modified":"2025-03-12T07:34:55","modified_gmt":"2025-03-12T06:34:55","slug":"7075-2","status":"publish","type":"page","link":"https:\/\/sp58lodz.edu.pl\/?page_id=7075","title":{"rendered":""},"content":{"rendered":"\n<table>\n\t<thead>\n\t\t<tr>\n\t\t\t<th><div class=\"wp-block-image\"><img loading=\"lazy\" decoding=\"async\" src=\"https:\/\/sp58lodz.edu.pl\/wp-content\/uploads\/2025\/03\/patron-300x75.png\" alt=\"\" width=\"300\" height=\"75\" data-warning=\"Missing alt text\" class=\"wpa-warning wpa-image-missing-alt alignnone size-medium wp-image-7034\" srcset=\"https:\/\/sp58lodz.edu.pl\/wp-content\/uploads\/2025\/03\/patron-300x75.png 300w, https:\/\/sp58lodz.edu.pl\/wp-content\/uploads\/2025\/03\/patron-360x90.png 360w, https:\/\/sp58lodz.edu.pl\/wp-content\/uploads\/2025\/03\/patron.png 720w\" sizes=\"auto, (max-width: 300px) 100vw, 300px\" \/><\/div><a href=\"https:\/\/sp58lodz.edu.pl\/?page_id=262\"><\/a><\/th>\n\t\t\t<th><img loading=\"lazy\" decoding=\"async\" src=\"https:\/\/sp58lodz.edu.pl\/wp-content\/uploads\/2025\/03\/historia1-300x75.png\" alt=\"Historia\" width=\"300\" height=\"75\" class=\"alignnone size-medium wp-image-7018\" srcset=\"https:\/\/sp58lodz.edu.pl\/wp-content\/uploads\/2025\/03\/historia1-300x75.png 300w, https:\/\/sp58lodz.edu.pl\/wp-content\/uploads\/2025\/03\/historia1-360x90.png 360w, https:\/\/sp58lodz.edu.pl\/wp-content\/uploads\/2025\/03\/historia1.png 720w\" sizes=\"auto, (max-width: 300px) 100vw, 300px\" \/><a href=\"https:\/\/sp58lodz.edu.pl\/?page_id=260\"><\/a><\/th>\n\t\t\t<th><div class=\"wp-block-image\"><img loading=\"lazy\" decoding=\"async\" src=\"https:\/\/sp58lodz.edu.pl\/wp-content\/uploads\/2025\/03\/ceremonial-300x75.png\" alt=\"\" width=\"300\" height=\"75\" data-warning=\"Missing alt text\" class=\"wpa-warning wpa-image-missing-alt alignnone size-medium wp-image-7020\" srcset=\"https:\/\/sp58lodz.edu.pl\/wp-content\/uploads\/2025\/03\/ceremonial-300x75.png 300w, https:\/\/sp58lodz.edu.pl\/wp-content\/uploads\/2025\/03\/ceremonial-360x90.png 360w, https:\/\/sp58lodz.edu.pl\/wp-content\/uploads\/2025\/03\/ceremonial.png 720w\" sizes=\"auto, (max-width: 300px) 100vw, 300px\" \/><\/div><a href=\"https:\/\/sp58lodz.edu.pl\/?page_id=3502\"><\/a><\/th>\n\t\t\t<th><div class=\"wp-block-image\"><img loading=\"lazy\" decoding=\"async\" src=\"https:\/\/sp58lodz.edu.pl\/wp-content\/uploads\/2025\/03\/nauczyciele-300x75.png\" alt=\"\" width=\"300\" height=\"75\" data-warning=\"Missing alt text\" class=\"wpa-warning wpa-image-missing-alt alignnone size-medium wp-image-7022\" srcset=\"https:\/\/sp58lodz.edu.pl\/wp-content\/uploads\/2025\/03\/nauczyciele-300x75.png 300w, https:\/\/sp58lodz.edu.pl\/wp-content\/uploads\/2025\/03\/nauczyciele-360x90.png 360w, https:\/\/sp58lodz.edu.pl\/wp-content\/uploads\/2025\/03\/nauczyciele.png 720w\" sizes=\"auto, (max-width: 300px) 100vw, 300px\" \/><\/div><a href=\"https:\/\/sp58lodz.edu.pl\/?page_id=266\"><\/a><\/th>\n\t\t<\/tr>\n\t<\/thead>\n\t<tbody>\n\t\t<tr>\n\t\t\t<td><\/td>\n\t\t\t<td><\/td>\n\t\t\t<td><\/td>\n\t\t\t<td><\/td>\n\t\t<\/tr>\n\t\t<tr>\n\t\t\t<td><\/td>\n\t\t\t<td><\/td>\n\t\t\t<td><\/td>\n\t\t\t<td><\/td>\n\t\t<\/tr>\n\t\t<tr>\n\t\t\t<td><\/td>\n\t\t\t<td><\/td>\n\t\t\t<td><\/td>\n\t\t\t<td><\/td>\n\t\t<\/tr>\n\t<\/tbody>\n<\/table>\n\n\n\n\n<p><\/p>\n","protected":false},"excerpt":{"rendered":"","protected":false},"author":2,"featured_media":0,"parent":0,"menu_order":0,"comment_status":"closed","ping_status":"closed","template":"","meta":{"footnotes":""},"class_list":["post-7075","page","type-page","status-publish","hentry"],"yoast_head":"<!-- This site is optimized with the Yoast SEO plugin v27.4 - https:\/\/yoast.com\/product\/yoast-seo-wordpress\/ -->\n<title>- Szko\u0142a Podstawowa nr 58 im. Melchiora Wa\u0144kowicza w \u0141odzi<\/title>\n<meta name=\"robots\" content=\"index, follow, max-snippet:-1, max-image-preview:large, max-video-preview:-1\" \/>\n<link rel=\"canonical\" href=\"https:\/\/sp58lodz.edu.pl\/?page_id=7075\" \/>\n<meta property=\"og:locale\" content=\"pl_PL\" \/>\n<meta property=\"og:type\" content=\"article\" \/>\n<meta property=\"og:title\" content=\"- Szko\u0142a Podstawowa nr 58 im. Melchiora Wa\u0144kowicza w \u0141odzi\" \/>\n<meta property=\"og:url\" content=\"https:\/\/sp58lodz.edu.pl\/?page_id=7075\" \/>\n<meta property=\"og:site_name\" content=\"Szko\u0142a Podstawowa nr 58 im. Melchiora Wa\u0144kowicza w \u0141odzi\" \/>\n<meta property=\"article:modified_time\" content=\"2025-03-12T06:34:55+00:00\" \/>\n<meta property=\"og:image\" content=\"https:\/\/sp58lodz.edu.pl\/wp-content\/uploads\/2025\/03\/patron.png\" \/>\n\t<meta property=\"og:image:width\" content=\"720\" \/>\n\t<meta property=\"og:image:height\" content=\"180\" \/>\n\t<meta property=\"og:image:type\" content=\"image\/png\" \/>\n<meta name=\"twitter:card\" content=\"summary_large_image\" \/>\n<meta name=\"twitter:label1\" content=\"Szacowany czas czytania\" \/>\n\t<meta name=\"twitter:data1\" content=\"1 minuta\" \/>\n<script type=\"application\/ld+json\" class=\"yoast-schema-graph\">{\"@context\":\"https:\\\/\\\/schema.org\",\"@graph\":[{\"@type\":\"WebPage\",\"@id\":\"https:\\\/\\\/sp58lodz.edu.pl\\\/?page_id=7075\",\"url\":\"https:\\\/\\\/sp58lodz.edu.pl\\\/?page_id=7075\",\"name\":\"- Szko\u0142a Podstawowa nr 58 im. Melchiora Wa\u0144kowicza w \u0141odzi\",\"isPartOf\":{\"@id\":\"https:\\\/\\\/sp58lodz.edu.pl\\\/#website\"},\"primaryImageOfPage\":{\"@id\":\"https:\\\/\\\/sp58lodz.edu.pl\\\/?page_id=7075#primaryimage\"},\"image\":{\"@id\":\"https:\\\/\\\/sp58lodz.edu.pl\\\/?page_id=7075#primaryimage\"},\"thumbnailUrl\":\"https:\\\/\\\/sp58lodz.edu.pl\\\/wp-content\\\/uploads\\\/2025\\\/03\\\/patron-300x75.png\",\"datePublished\":\"2025-03-12T06:34:54+00:00\",\"dateModified\":\"2025-03-12T06:34:55+00:00\",\"inLanguage\":\"pl-PL\",\"potentialAction\":[{\"@type\":\"ReadAction\",\"target\":[\"https:\\\/\\\/sp58lodz.edu.pl\\\/?page_id=7075\"]}]},{\"@type\":\"ImageObject\",\"inLanguage\":\"pl-PL\",\"@id\":\"https:\\\/\\\/sp58lodz.edu.pl\\\/?page_id=7075#primaryimage\",\"url\":\"https:\\\/\\\/sp58lodz.edu.pl\\\/wp-content\\\/uploads\\\/2025\\\/03\\\/patron.png\",\"contentUrl\":\"https:\\\/\\\/sp58lodz.edu.pl\\\/wp-content\\\/uploads\\\/2025\\\/03\\\/patron.png\",\"width\":720,\"height\":180},{\"@type\":\"WebSite\",\"@id\":\"https:\\\/\\\/sp58lodz.edu.pl\\\/#website\",\"url\":\"https:\\\/\\\/sp58lodz.edu.pl\\\/\",\"name\":\"Szko\u0142a Podstawowa nr 58 im. Melchiora Wa\u0144kowicza w \u0141odzi\",\"description\":\"Strona Szko\u0142y Podstawowej nr 58 w \u0141odzi\",\"publisher\":{\"@id\":\"https:\\\/\\\/sp58lodz.edu.pl\\\/#organization\"},\"potentialAction\":[{\"@type\":\"SearchAction\",\"target\":{\"@type\":\"EntryPoint\",\"urlTemplate\":\"https:\\\/\\\/sp58lodz.edu.pl\\\/?s={search_term_string}\"},\"query-input\":{\"@type\":\"PropertyValueSpecification\",\"valueRequired\":true,\"valueName\":\"search_term_string\"}}],\"inLanguage\":\"pl-PL\"},{\"@type\":\"Organization\",\"@id\":\"https:\\\/\\\/sp58lodz.edu.pl\\\/#organization\",\"name\":\"Szko\u0142a Podstawowa nr 58 im. Melchiora Wa\u0144kowicza w \u0141odzi\",\"url\":\"https:\\\/\\\/sp58lodz.edu.pl\\\/\",\"logo\":{\"@type\":\"ImageObject\",\"inLanguage\":\"pl-PL\",\"@id\":\"https:\\\/\\\/sp58lodz.edu.pl\\\/#\\\/schema\\\/logo\\\/image\\\/\",\"url\":\"https:\\\/\\\/sp58lodz.edu.pl\\\/wp-content\\\/uploads\\\/2019\\\/01\\\/cropped-cropped-logo_pat-e1601973191516.png\",\"contentUrl\":\"https:\\\/\\\/sp58lodz.edu.pl\\\/wp-content\\\/uploads\\\/2019\\\/01\\\/cropped-cropped-logo_pat-e1601973191516.png\",\"width\":140,\"height\":140,\"caption\":\"Szko\u0142a Podstawowa nr 58 im. Melchiora Wa\u0144kowicza w \u0141odzi\"},\"image\":{\"@id\":\"https:\\\/\\\/sp58lodz.edu.pl\\\/#\\\/schema\\\/logo\\\/image\\\/\"}}]}<\/script>\n<!-- \/ Yoast SEO plugin. -->","yoast_head_json":{"title":"- Szko\u0142a Podstawowa nr 58 im. Melchiora Wa\u0144kowicza w \u0141odzi","robots":{"index":"index","follow":"follow","max-snippet":"max-snippet:-1","max-image-preview":"max-image-preview:large","max-video-preview":"max-video-preview:-1"},"canonical":"https:\/\/sp58lodz.edu.pl\/?page_id=7075","og_locale":"pl_PL","og_type":"article","og_title":"- Szko\u0142a Podstawowa nr 58 im. Melchiora Wa\u0144kowicza w \u0141odzi","og_url":"https:\/\/sp58lodz.edu.pl\/?page_id=7075","og_site_name":"Szko\u0142a Podstawowa nr 58 im. Melchiora Wa\u0144kowicza w \u0141odzi","article_modified_time":"2025-03-12T06:34:55+00:00","og_image":[{"width":720,"height":180,"url":"https:\/\/sp58lodz.edu.pl\/wp-content\/uploads\/2025\/03\/patron.png","type":"image\/png"}],"twitter_card":"summary_large_image","twitter_misc":{"Szacowany czas czytania":"1 minuta"},"schema":{"@context":"https:\/\/schema.org","@graph":[{"@type":"WebPage","@id":"https:\/\/sp58lodz.edu.pl\/?page_id=7075","url":"https:\/\/sp58lodz.edu.pl\/?page_id=7075","name":"- Szko\u0142a Podstawowa nr 58 im. Melchiora Wa\u0144kowicza w \u0141odzi","isPartOf":{"@id":"https:\/\/sp58lodz.edu.pl\/#website"},"primaryImageOfPage":{"@id":"https:\/\/sp58lodz.edu.pl\/?page_id=7075#primaryimage"},"image":{"@id":"https:\/\/sp58lodz.edu.pl\/?page_id=7075#primaryimage"},"thumbnailUrl":"https:\/\/sp58lodz.edu.pl\/wp-content\/uploads\/2025\/03\/patron-300x75.png","datePublished":"2025-03-12T06:34:54+00:00","dateModified":"2025-03-12T06:34:55+00:00","inLanguage":"pl-PL","potentialAction":[{"@type":"ReadAction","target":["https:\/\/sp58lodz.edu.pl\/?page_id=7075"]}]},{"@type":"ImageObject","inLanguage":"pl-PL","@id":"https:\/\/sp58lodz.edu.pl\/?page_id=7075#primaryimage","url":"https:\/\/sp58lodz.edu.pl\/wp-content\/uploads\/2025\/03\/patron.png","contentUrl":"https:\/\/sp58lodz.edu.pl\/wp-content\/uploads\/2025\/03\/patron.png","width":720,"height":180},{"@type":"WebSite","@id":"https:\/\/sp58lodz.edu.pl\/#website","url":"https:\/\/sp58lodz.edu.pl\/","name":"Szko\u0142a Podstawowa nr 58 im. Melchiora Wa\u0144kowicza w \u0141odzi","description":"Strona Szko\u0142y Podstawowej nr 58 w \u0141odzi","publisher":{"@id":"https:\/\/sp58lodz.edu.pl\/#organization"},"potentialAction":[{"@type":"SearchAction","target":{"@type":"EntryPoint","urlTemplate":"https:\/\/sp58lodz.edu.pl\/?s={search_term_string}"},"query-input":{"@type":"PropertyValueSpecification","valueRequired":true,"valueName":"search_term_string"}}],"inLanguage":"pl-PL"},{"@type":"Organization","@id":"https:\/\/sp58lodz.edu.pl\/#organization","name":"Szko\u0142a Podstawowa nr 58 im. Melchiora Wa\u0144kowicza w \u0141odzi","url":"https:\/\/sp58lodz.edu.pl\/","logo":{"@type":"ImageObject","inLanguage":"pl-PL","@id":"https:\/\/sp58lodz.edu.pl\/#\/schema\/logo\/image\/","url":"https:\/\/sp58lodz.edu.pl\/wp-content\/uploads\/2019\/01\/cropped-cropped-logo_pat-e1601973191516.png","contentUrl":"https:\/\/sp58lodz.edu.pl\/wp-content\/uploads\/2019\/01\/cropped-cropped-logo_pat-e1601973191516.png","width":140,"height":140,"caption":"Szko\u0142a Podstawowa nr 58 im. Melchiora Wa\u0144kowicza w \u0141odzi"},"image":{"@id":"https:\/\/sp58lodz.edu.pl\/#\/schema\/logo\/image\/"}}]}},"_links":{"self":[{"href":"https:\/\/sp58lodz.edu.pl\/index.php?rest_route=\/wp\/v2\/pages\/7075","targetHints":{"allow":["GET"]}}],"collection":[{"href":"https:\/\/sp58lodz.edu.pl\/index.php?rest_route=\/wp\/v2\/pages"}],"about":[{"href":"https:\/\/sp58lodz.edu.pl\/index.php?rest_route=\/wp\/v2\/types\/page"}],"author":[{"embeddable":true,"href":"https:\/\/sp58lodz.edu.pl\/index.php?rest_route=\/wp\/v2\/users\/2"}],"replies":[{"embeddable":true,"href":"https:\/\/sp58lodz.edu.pl\/index.php?rest_route=%2Fwp%2Fv2%2Fcomments&post=7075"}],"version-history":[{"count":1,"href":"https:\/\/sp58lodz.edu.pl\/index.php?rest_route=\/wp\/v2\/pages\/7075\/revisions"}],"predecessor-version":[{"id":7077,"href":"https:\/\/sp58lodz.edu.pl\/index.php?rest_route=\/wp\/v2\/pages\/7075\/revisions\/7077"}],"wp:attachment":[{"href":"https:\/\/sp58lodz.edu.pl\/index.php?rest_route=%2Fwp%2Fv2%2Fmedia&parent=7075"}],"curies":[{"name":"wp","href":"https:\/\/api.w.org\/{rel}","templated":true}]}}