{"id":5358,"date":"2022-11-02T12:11:21","date_gmt":"2022-11-02T11:11:21","guid":{"rendered":"https:\/\/sp58lodz.edu.pl\/?page_id=5358"},"modified":"2025-03-15T16:19:50","modified_gmt":"2025-03-15T15:19:50","slug":"%d1%83%d0%ba%d1%80%d0%b0%d1%97%d0%bd%d1%81%d1%8c%d0%ba%d0%b0-%d0%bc%d0%be%d0%b2%d0%b0","status":"publish","type":"page","link":"https:\/\/sp58lodz.edu.pl\/?page_id=5358","title":{"rendered":"\u0423\u043a\u0440\u0430\u0457\u043d\u0441\u044c\u043a\u0430 \u043c\u043e\u0432\u0430"},"content":{"rendered":"\n<p class=\"has-black-color has-white-background-color has-text-color has-background has-huge-font-size\" style=\"letter-spacing:rem\"><strong>\u0423\u043a\u0440\u0430\u0457\u043d\u0441\u044c\u043a\u0430 \u043c\u043e\u0432\u0430<\/strong><\/p>\n\n\n<div class=\"wp-block-image\">\n<figure class=\"aligncenter size-full is-resized\"><a href=\"https:\/\/sp58lodz.edu.pl\/?page_id=5532\"><img loading=\"lazy\" decoding=\"async\" width=\"320\" height=\"140\" src=\"https:\/\/sp58lodz.edu.pl\/wp-content\/uploads\/2022\/12\/dzwonki_ua.png\" alt=\"\" class=\"wp-image-5541\" style=\"width:316px;height:138px\" srcset=\"https:\/\/sp58lodz.edu.pl\/wp-content\/uploads\/2022\/12\/dzwonki_ua.png 320w, https:\/\/sp58lodz.edu.pl\/wp-content\/uploads\/2022\/12\/dzwonki_ua-300x131.png 300w\" sizes=\"auto, (max-width: 320px) 100vw, 320px\" \/><\/a><\/figure>\n<\/div>\n\n<div class=\"wp-block-image\">\n<figure class=\"aligncenter size-full\"><a href=\"https:\/\/sp58lodz.edu.pl\/?page_id=5525\"><img loading=\"lazy\" decoding=\"async\" width=\"320\" height=\"140\" src=\"https:\/\/sp58lodz.edu.pl\/wp-content\/uploads\/2022\/12\/obiady_uaxcf-1.png\" alt=\"\" class=\"wp-image-5547\" srcset=\"https:\/\/sp58lodz.edu.pl\/wp-content\/uploads\/2022\/12\/obiady_uaxcf-1.png 320w, https:\/\/sp58lodz.edu.pl\/wp-content\/uploads\/2022\/12\/obiady_uaxcf-1-300x131.png 300w\" sizes=\"auto, (max-width: 320px) 100vw, 320px\" \/><\/a><\/figure>\n<\/div>\n\n<div class=\"wp-block-image\">\n<figure class=\"aligncenter size-full\"><a href=\"https:\/\/kuratorium.kielce.pl\/wp-content\/uploads\/2022\/04\/polsko-ukrain%CC%81ski-przewodnik-dla-ucznio%CC%81w-z-ukrainy-kto%CC%81rzy-rozpoczynaja%CC%A8-nauke%CC%A8-w-polskiej-szkole.pdf\"><img loading=\"lazy\" decoding=\"async\" width=\"320\" height=\"140\" src=\"https:\/\/sp58lodz.edu.pl\/wp-content\/uploads\/2022\/12\/witaj_ua.png\" alt=\"\" class=\"wp-image-5555\" srcset=\"https:\/\/sp58lodz.edu.pl\/wp-content\/uploads\/2022\/12\/witaj_ua.png 320w, https:\/\/sp58lodz.edu.pl\/wp-content\/uploads\/2022\/12\/witaj_ua-300x131.png 300w\" sizes=\"auto, (max-width: 320px) 100vw, 320px\" \/><\/a><\/figure>\n<\/div>\n\n<div class=\"wp-block-image\">\n<figure class=\"aligncenter size-full\"><a href=\"https:\/\/sp58lodz.edu.pl\/wp-content\/uploads\/2023\/01\/karta_sw_UA.docx\"><img loading=\"lazy\" decoding=\"async\" width=\"320\" height=\"140\" src=\"https:\/\/sp58lodz.edu.pl\/wp-content\/uploads\/2023\/01\/karta_sw.png\" alt=\"\" class=\"wp-image-5708\" srcset=\"https:\/\/sp58lodz.edu.pl\/wp-content\/uploads\/2023\/01\/karta_sw.png 320w, https:\/\/sp58lodz.edu.pl\/wp-content\/uploads\/2023\/01\/karta_sw-300x131.png 300w\" sizes=\"auto, (max-width: 320px) 100vw, 320px\" \/><\/a><\/figure>\n<\/div>\n\n<div class=\"wp-block-image\">\n<figure class=\"aligncenter size-full\"><a href=\"https:\/\/sp58lodz.edu.pl\/wp-content\/uploads\/2023\/01\/dok1_UA.docx\"><img loading=\"lazy\" decoding=\"async\" width=\"320\" height=\"140\" src=\"https:\/\/sp58lodz.edu.pl\/wp-content\/uploads\/2023\/01\/dok1_UA.png\" alt=\"\" class=\"wp-image-5714\" srcset=\"https:\/\/sp58lodz.edu.pl\/wp-content\/uploads\/2023\/01\/dok1_UA.png 320w, https:\/\/sp58lodz.edu.pl\/wp-content\/uploads\/2023\/01\/dok1_UA-300x131.png 300w\" sizes=\"auto, (max-width: 320px) 100vw, 320px\" \/><\/a><\/figure>\n<\/div>\n\n<div class=\"wp-block-image\">\n<figure class=\"aligncenter size-full\"><a href=\"https:\/\/sp58lodz.edu.pl\/wp-content\/uploads\/2023\/01\/dok2_UA.docx\"><img loading=\"lazy\" decoding=\"async\" width=\"320\" height=\"140\" src=\"https:\/\/sp58lodz.edu.pl\/wp-content\/uploads\/2023\/01\/dok2_UA.png\" alt=\"\" class=\"wp-image-5719\" srcset=\"https:\/\/sp58lodz.edu.pl\/wp-content\/uploads\/2023\/01\/dok2_UA.png 320w, https:\/\/sp58lodz.edu.pl\/wp-content\/uploads\/2023\/01\/dok2_UA-300x131.png 300w\" sizes=\"auto, (max-width: 320px) 100vw, 320px\" \/><\/a><\/figure>\n<\/div>\n\n\n<p><strong><a href=\"https:\/\/www.kuratorium.lodz.pl\/rodzice-i-uczniowie\/informacje-dotyczace-ksztalcenia-dzieci-uchodzcow-z-ukrainy-w-polskim-systemie-oswiaty\/\">\u0406\u041d\u0424\u041e\u0420\u041c\u0410\u0426\u0406\u042f \u0414\u041b\u042f \u0411\u0410\u0422\u042c\u041a\u0406\u0412 \u0414\u0406\u0422\u0415\u0419, \u042f\u041a\u0406 \u041f\u0420\u0418\u0411\u0423\u0412\u0410\u042e\u0422\u042c<\/a><\/strong><\/p>\n\n\n\n<p>\u0406\u043d\u0441\u0442\u0440\u0443\u043a\u0446\u0456\u044f \u0449\u043e\u0434\u043e \u0432\u0445\u043e\u0434\u0443 \u0432 \u0441\u0438\u0441\u0442\u0435\u043c\u0443 Librus Synergia <a href=\"https:\/\/sp58lodz.edu.pl\/wp-content\/uploads\/2022\/11\/logowanie-do-librusa-1-02112022.pdf\">str.1<\/a> <a href=\"https:\/\/sp58lodz.edu.pl\/wp-content\/uploads\/2022\/11\/logowanie-do-librusa-2-02112022.pdf\">str.2<\/a><\/p>\n\n\n\n<p>MEN &#8211; <a href=\"https:\/\/www.gov.pl\/web\/edukacja-i-nauka\/szkola-dla-was\">\u0448\u043a\u043e\u043b\u0430 \u0434\u043b\u044f \u0432\u0430\u0441<\/a><\/p>\n\n\n\n<p>www &#8211; <a href=\"https:\/\/uml.lodz.pl\/ua\/\">\u043c\u0456\u0441\u0442\u0430 \u041b\u043e\u0434\u0437\u044c<\/a><\/p>\n\n\n\n<p><strong><a href=\"https:\/\/uml.lodz.pl\/edukacja\/edukacja-i-pomoc-dla-uczniow-z-ukrainyosvita-ta-dopomoga-uchnjam-z-ukrajini\/\">\u041e\u0421\u0412\u0406\u0422\u0410 \u0422\u0410 \u0414\u041e\u041f\u041e\u041c\u041e\u0413\u0410 \u0423\u0427\u041d\u042f\u041c \u0417 \u0423\u041a\u0420\u0410\u0407\u041d\u0418<\/a><\/strong><\/p>\n\n\n\n<p><\/p>\n\n\n\n<p class=\"has-large-font-size\"><strong>E\u043a\u0437\u0430\u043c\u0435\u043d<\/strong>:<\/p>\n\n\n\n<p><a href=\"https:\/\/cke.gov.pl\/images\/_KOMUNIKATY\/20220324%20E8_22%20Aneksy_informacja%20i%20komunikat%20UA.pdf\">\u0414\u043e\u0434\u0430\u0442\u043e\u043a \u0434\u043e \u0406\u043d\u0444\u043e\u0440\u043c\u0430\u0446\u0456\u0457 \u043f\u0440\u043e \u043e\u0440\u0433\u0430\u043d\u0456\u0437\u0430\u0446\u0456\u044e \u0456 \u043f\u0440\u043e\u0432\u0435\u0434\u0435\u043d\u043d\u044f \u0456\u0441\u043f\u0438\u0442\u0443\u0432\u043e\u0441\u044c\u043c\u0438\u043a\u043b\u0430\u0441\u043d\u0438\u043a\u0430, \u0447\u0438\u043d\u043d\u043e\u0457 \u0443 2021\/2022 \u043d\u0430\u0432\u0447\u0430\u043b\u044c\u043d\u043e\u043c\u0443 \u0440\u043e\u0446\u0456<\/a><\/p>\n\n\n\n<p><a href=\"https:\/\/cke.gov.pl\/images\/_EGZAMIN_OSMOKLASISTY\/Informatory\/Informator_P1_matematyka_ukrainski.pdf\">\u041f\u041e\u0421\u0406\u0411\u041d\u0418\u041a \u0414\u041e \u0415\u041a\u0417\u0410\u041c\u0415\u041d\u0423 \u0417 \u041c\u0410\u0422\u0415\u041c\u0410\u0422\u0418\u041a\u0418 \u0414\u041b\u042f \u0412\u041e\u0421\u042c\u041c\u0418\u041a\u041b\u0410\u0421\u041d\u0418\u041a\u0406\u0412<\/a><\/p>\n\n\n\n<p><a href=\"https:\/\/cke.gov.pl\/images\/_EGZAMIN_OSMOKLASISTY\/Arkusze_pokaz\/Pokaz_arkusz_EO_ukrainski_matematyka.pdf\">\u0415\u041a\u0417\u0410\u041c\u0415\u041d \u0412\u041e\u0421\u042c\u041c\u0418\u041a\u041b\u0410\u0421\u041d\u0418\u041a\u0410 \u041c\u0410\u0422\u0415\u041c\u0410\u0422\u0418\u041a\u0410<\/a><\/p>\n\n\n\n<p class=\"has-normal-font-size\"><a href=\"https:\/\/www.gov.pl\/web\/edukacja-i-nauka\/wsparcie-dzieci-z-ukrainy-ze-specjalnymi-potrzebami-edukacyjnymi--informacja-mein\">\u041f\u0456\u0434\u0442\u0440\u0438\u043c\u043a\u0430 \u0434\u0456\u0442\u0435\u0439 \u0437 \u0423\u043a\u0440\u0430\u0457\u043d\u0438 \u0437 \u043e\u0441\u043e\u0431\u043b\u0438\u0432\u0438\u043c\u0438 \u043e\u0441\u0432\u0456\u0442\u043d\u0456\u043c\u0438 \u043f\u043e\u0442\u0440\u0435\u0431\u0430\u043c\u0438 \u2013 \u0456\u043d\u0444\u043e\u0440\u043c\u0430\u0446\u0456\u044f \u041c\u0456\u043d\u0456\u0441\u0442\u0435\u0440\u0441\u0442\u0432\u0430 \u041e\u0441\u0432\u0456\u0442\u0438 \u0442\u0430 \u041d\u0430\u0443\u043a\u0438<\/a><\/p>\n","protected":false},"excerpt":{"rendered":"<p>\u0423\u043a\u0440\u0430\u0457\u043d\u0441\u044c\u043a\u0430 \u043c\u043e\u0432\u0430 \u0406\u041d\u0424\u041e\u0420\u041c\u0410\u0426\u0406\u042f \u0414\u041b\u042f \u0411\u0410\u0422\u042c\u041a\u0406\u0412 \u0414\u0406\u0422\u0415\u0419, \u042f\u041a\u0406 \u041f\u0420\u0418\u0411\u0423\u0412\u0410\u042e\u0422\u042c \u0406\u043d\u0441\u0442\u0440\u0443\u043a\u0446\u0456\u044f \u0449\u043e\u0434\u043e \u0432\u0445\u043e\u0434\u0443 \u0432 \u0441\u0438\u0441\u0442\u0435\u043c\u0443 Librus Synergia str.1 str.2 MEN &#8211; \u0448\u043a\u043e\u043b\u0430 \u0434\u043b\u044f \u0432\u0430\u0441 www &#8211; \u043c\u0456\u0441\u0442\u0430 \u041b\u043e\u0434\u0437\u044c \u041e\u0421\u0412\u0406\u0422\u0410 \u0422\u0410 \u0414\u041e\u041f\u041e\u041c\u041e\u0413\u0410 \u0423\u0427\u041d\u042f\u041c \u0417 \u0423\u041a\u0420\u0410\u0407\u041d\u0418 E\u043a\u0437\u0430\u043c\u0435\u043d: \u0414\u043e\u0434\u0430\u0442\u043e\u043a \u0434\u043e \u0406\u043d\u0444\u043e\u0440\u043c\u0430\u0446\u0456\u0457 \u043f\u0440\u043e \u043e\u0440\u0433\u0430\u043d\u0456\u0437\u0430\u0446\u0456\u044e \u0456 \u043f\u0440\u043e\u0432\u0435\u0434\u0435\u043d\u043d\u044f&hellip; <a class=\"continue\" href=\"https:\/\/sp58lodz.edu.pl\/?page_id=5358\">Continue Reading<span> \u0423\u043a\u0440\u0430\u0457\u043d\u0441\u044c\u043a\u0430 \u043c\u043e\u0432\u0430<\/span><\/a><\/p>\n","protected":false},"author":2,"featured_media":0,"parent":0,"menu_order":0,"comment_status":"closed","ping_status":"closed","template":"","meta":{"footnotes":""},"class_list":["post-5358","page","type-page","status-publish","hentry"],"yoast_head":"<!-- This site is optimized with the Yoast SEO plugin v27.5 - https:\/\/yoast.com\/product\/yoast-seo-wordpress\/ -->\n<title>\u0423\u043a\u0440\u0430\u0457\u043d\u0441\u044c\u043a\u0430 \u043c\u043e\u0432\u0430 - Szko\u0142a Podstawowa nr 58 im. Melchiora Wa\u0144kowicza w \u0141odzi<\/title>\n<meta name=\"robots\" content=\"index, follow, max-snippet:-1, max-image-preview:large, max-video-preview:-1\" \/>\n<link rel=\"canonical\" href=\"https:\/\/sp58lodz.edu.pl\/?page_id=5358\" \/>\n<meta property=\"og:locale\" content=\"pl_PL\" \/>\n<meta property=\"og:type\" content=\"article\" \/>\n<meta property=\"og:title\" content=\"\u0423\u043a\u0440\u0430\u0457\u043d\u0441\u044c\u043a\u0430 \u043c\u043e\u0432\u0430 - Szko\u0142a Podstawowa nr 58 im. Melchiora Wa\u0144kowicza w \u0141odzi\" \/>\n<meta property=\"og:description\" content=\"\u0423\u043a\u0440\u0430\u0457\u043d\u0441\u044c\u043a\u0430 \u043c\u043e\u0432\u0430 \u0406\u041d\u0424\u041e\u0420\u041c\u0410\u0426\u0406\u042f \u0414\u041b\u042f \u0411\u0410\u0422\u042c\u041a\u0406\u0412 \u0414\u0406\u0422\u0415\u0419, \u042f\u041a\u0406 \u041f\u0420\u0418\u0411\u0423\u0412\u0410\u042e\u0422\u042c \u0406\u043d\u0441\u0442\u0440\u0443\u043a\u0446\u0456\u044f \u0449\u043e\u0434\u043e \u0432\u0445\u043e\u0434\u0443 \u0432 \u0441\u0438\u0441\u0442\u0435\u043c\u0443 Librus Synergia str.1 str.2 MEN &#8211; \u0448\u043a\u043e\u043b\u0430 \u0434\u043b\u044f \u0432\u0430\u0441 www &#8211; \u043c\u0456\u0441\u0442\u0430 \u041b\u043e\u0434\u0437\u044c \u041e\u0421\u0412\u0406\u0422\u0410 \u0422\u0410 \u0414\u041e\u041f\u041e\u041c\u041e\u0413\u0410 \u0423\u0427\u041d\u042f\u041c \u0417 \u0423\u041a\u0420\u0410\u0407\u041d\u0418 E\u043a\u0437\u0430\u043c\u0435\u043d: \u0414\u043e\u0434\u0430\u0442\u043e\u043a \u0434\u043e \u0406\u043d\u0444\u043e\u0440\u043c\u0430\u0446\u0456\u0457 \u043f\u0440\u043e \u043e\u0440\u0433\u0430\u043d\u0456\u0437\u0430\u0446\u0456\u044e \u0456 \u043f\u0440\u043e\u0432\u0435\u0434\u0435\u043d\u043d\u044f&hellip; Continue Reading \u0423\u043a\u0440\u0430\u0457\u043d\u0441\u044c\u043a\u0430 \u043c\u043e\u0432\u0430\" \/>\n<meta property=\"og:url\" content=\"https:\/\/sp58lodz.edu.pl\/?page_id=5358\" \/>\n<meta property=\"og:site_name\" content=\"Szko\u0142a Podstawowa nr 58 im. Melchiora Wa\u0144kowicza w \u0141odzi\" \/>\n<meta property=\"article:modified_time\" content=\"2025-03-15T15:19:50+00:00\" \/>\n<meta property=\"og:image\" content=\"https:\/\/sp58lodz.edu.pl\/wp-content\/uploads\/2022\/12\/dzwonki_ua.png\" \/>\n\t<meta property=\"og:image:width\" content=\"320\" \/>\n\t<meta property=\"og:image:height\" content=\"140\" \/>\n\t<meta property=\"og:image:type\" content=\"image\/png\" \/>\n<meta name=\"twitter:card\" content=\"summary_large_image\" \/>\n<meta name=\"twitter:label1\" content=\"Szacowany czas czytania\" \/>\n\t<meta name=\"twitter:data1\" content=\"2 minuty\" \/>\n<script type=\"application\/ld+json\" class=\"yoast-schema-graph\">{\"@context\":\"https:\\\/\\\/schema.org\",\"@graph\":[{\"@type\":\"WebPage\",\"@id\":\"https:\\\/\\\/sp58lodz.edu.pl\\\/?page_id=5358\",\"url\":\"https:\\\/\\\/sp58lodz.edu.pl\\\/?page_id=5358\",\"name\":\"\u0423\u043a\u0440\u0430\u0457\u043d\u0441\u044c\u043a\u0430 \u043c\u043e\u0432\u0430 - Szko\u0142a Podstawowa nr 58 im. Melchiora Wa\u0144kowicza w \u0141odzi\",\"isPartOf\":{\"@id\":\"https:\\\/\\\/sp58lodz.edu.pl\\\/#website\"},\"primaryImageOfPage\":{\"@id\":\"https:\\\/\\\/sp58lodz.edu.pl\\\/?page_id=5358#primaryimage\"},\"image\":{\"@id\":\"https:\\\/\\\/sp58lodz.edu.pl\\\/?page_id=5358#primaryimage\"},\"thumbnailUrl\":\"https:\\\/\\\/sp58lodz.edu.pl\\\/wp-content\\\/uploads\\\/2022\\\/12\\\/dzwonki_ua.png\",\"datePublished\":\"2022-11-02T11:11:21+00:00\",\"dateModified\":\"2025-03-15T15:19:50+00:00\",\"breadcrumb\":{\"@id\":\"https:\\\/\\\/sp58lodz.edu.pl\\\/?page_id=5358#breadcrumb\"},\"inLanguage\":\"pl-PL\",\"potentialAction\":[{\"@type\":\"ReadAction\",\"target\":[\"https:\\\/\\\/sp58lodz.edu.pl\\\/?page_id=5358\"]}]},{\"@type\":\"ImageObject\",\"inLanguage\":\"pl-PL\",\"@id\":\"https:\\\/\\\/sp58lodz.edu.pl\\\/?page_id=5358#primaryimage\",\"url\":\"https:\\\/\\\/sp58lodz.edu.pl\\\/wp-content\\\/uploads\\\/2022\\\/12\\\/dzwonki_ua.png\",\"contentUrl\":\"https:\\\/\\\/sp58lodz.edu.pl\\\/wp-content\\\/uploads\\\/2022\\\/12\\\/dzwonki_ua.png\",\"width\":320,\"height\":140},{\"@type\":\"BreadcrumbList\",\"@id\":\"https:\\\/\\\/sp58lodz.edu.pl\\\/?page_id=5358#breadcrumb\",\"itemListElement\":[{\"@type\":\"ListItem\",\"position\":1,\"name\":\"Strona g\u0142\u00f3wna\",\"item\":\"https:\\\/\\\/sp58lodz.edu.pl\\\/\"},{\"@type\":\"ListItem\",\"position\":2,\"name\":\"\u0423\u043a\u0440\u0430\u0457\u043d\u0441\u044c\u043a\u0430 \u043c\u043e\u0432\u0430\"}]},{\"@type\":\"WebSite\",\"@id\":\"https:\\\/\\\/sp58lodz.edu.pl\\\/#website\",\"url\":\"https:\\\/\\\/sp58lodz.edu.pl\\\/\",\"name\":\"Szko\u0142a Podstawowa nr 58 im. Melchiora Wa\u0144kowicza w \u0141odzi\",\"description\":\"Strona Szko\u0142y Podstawowej nr 58 w \u0141odzi\",\"publisher\":{\"@id\":\"https:\\\/\\\/sp58lodz.edu.pl\\\/#organization\"},\"potentialAction\":[{\"@type\":\"SearchAction\",\"target\":{\"@type\":\"EntryPoint\",\"urlTemplate\":\"https:\\\/\\\/sp58lodz.edu.pl\\\/?s={search_term_string}\"},\"query-input\":{\"@type\":\"PropertyValueSpecification\",\"valueRequired\":true,\"valueName\":\"search_term_string\"}}],\"inLanguage\":\"pl-PL\"},{\"@type\":\"Organization\",\"@id\":\"https:\\\/\\\/sp58lodz.edu.pl\\\/#organization\",\"name\":\"Szko\u0142a Podstawowa nr 58 im. Melchiora Wa\u0144kowicza w \u0141odzi\",\"url\":\"https:\\\/\\\/sp58lodz.edu.pl\\\/\",\"logo\":{\"@type\":\"ImageObject\",\"inLanguage\":\"pl-PL\",\"@id\":\"https:\\\/\\\/sp58lodz.edu.pl\\\/#\\\/schema\\\/logo\\\/image\\\/\",\"url\":\"https:\\\/\\\/sp58lodz.edu.pl\\\/wp-content\\\/uploads\\\/2019\\\/01\\\/cropped-cropped-logo_pat-e1601973191516.png\",\"contentUrl\":\"https:\\\/\\\/sp58lodz.edu.pl\\\/wp-content\\\/uploads\\\/2019\\\/01\\\/cropped-cropped-logo_pat-e1601973191516.png\",\"width\":140,\"height\":140,\"caption\":\"Szko\u0142a Podstawowa nr 58 im. Melchiora Wa\u0144kowicza w \u0141odzi\"},\"image\":{\"@id\":\"https:\\\/\\\/sp58lodz.edu.pl\\\/#\\\/schema\\\/logo\\\/image\\\/\"}}]}<\/script>\n<!-- \/ Yoast SEO plugin. -->","yoast_head_json":{"title":"\u0423\u043a\u0440\u0430\u0457\u043d\u0441\u044c\u043a\u0430 \u043c\u043e\u0432\u0430 - Szko\u0142a Podstawowa nr 58 im. Melchiora Wa\u0144kowicza w \u0141odzi","robots":{"index":"index","follow":"follow","max-snippet":"max-snippet:-1","max-image-preview":"max-image-preview:large","max-video-preview":"max-video-preview:-1"},"canonical":"https:\/\/sp58lodz.edu.pl\/?page_id=5358","og_locale":"pl_PL","og_type":"article","og_title":"\u0423\u043a\u0440\u0430\u0457\u043d\u0441\u044c\u043a\u0430 \u043c\u043e\u0432\u0430 - Szko\u0142a Podstawowa nr 58 im. Melchiora Wa\u0144kowicza w \u0141odzi","og_description":"\u0423\u043a\u0440\u0430\u0457\u043d\u0441\u044c\u043a\u0430 \u043c\u043e\u0432\u0430 \u0406\u041d\u0424\u041e\u0420\u041c\u0410\u0426\u0406\u042f \u0414\u041b\u042f \u0411\u0410\u0422\u042c\u041a\u0406\u0412 \u0414\u0406\u0422\u0415\u0419, \u042f\u041a\u0406 \u041f\u0420\u0418\u0411\u0423\u0412\u0410\u042e\u0422\u042c \u0406\u043d\u0441\u0442\u0440\u0443\u043a\u0446\u0456\u044f \u0449\u043e\u0434\u043e \u0432\u0445\u043e\u0434\u0443 \u0432 \u0441\u0438\u0441\u0442\u0435\u043c\u0443 Librus Synergia str.1 str.2 MEN &#8211; \u0448\u043a\u043e\u043b\u0430 \u0434\u043b\u044f \u0432\u0430\u0441 www &#8211; \u043c\u0456\u0441\u0442\u0430 \u041b\u043e\u0434\u0437\u044c \u041e\u0421\u0412\u0406\u0422\u0410 \u0422\u0410 \u0414\u041e\u041f\u041e\u041c\u041e\u0413\u0410 \u0423\u0427\u041d\u042f\u041c \u0417 \u0423\u041a\u0420\u0410\u0407\u041d\u0418 E\u043a\u0437\u0430\u043c\u0435\u043d: \u0414\u043e\u0434\u0430\u0442\u043e\u043a \u0434\u043e \u0406\u043d\u0444\u043e\u0440\u043c\u0430\u0446\u0456\u0457 \u043f\u0440\u043e \u043e\u0440\u0433\u0430\u043d\u0456\u0437\u0430\u0446\u0456\u044e \u0456 \u043f\u0440\u043e\u0432\u0435\u0434\u0435\u043d\u043d\u044f&hellip; Continue Reading \u0423\u043a\u0440\u0430\u0457\u043d\u0441\u044c\u043a\u0430 \u043c\u043e\u0432\u0430","og_url":"https:\/\/sp58lodz.edu.pl\/?page_id=5358","og_site_name":"Szko\u0142a Podstawowa nr 58 im. Melchiora Wa\u0144kowicza w \u0141odzi","article_modified_time":"2025-03-15T15:19:50+00:00","og_image":[{"width":320,"height":140,"url":"https:\/\/sp58lodz.edu.pl\/wp-content\/uploads\/2022\/12\/dzwonki_ua.png","type":"image\/png"}],"twitter_card":"summary_large_image","twitter_misc":{"Szacowany czas czytania":"2 minuty"},"schema":{"@context":"https:\/\/schema.org","@graph":[{"@type":"WebPage","@id":"https:\/\/sp58lodz.edu.pl\/?page_id=5358","url":"https:\/\/sp58lodz.edu.pl\/?page_id=5358","name":"\u0423\u043a\u0440\u0430\u0457\u043d\u0441\u044c\u043a\u0430 \u043c\u043e\u0432\u0430 - Szko\u0142a Podstawowa nr 58 im. Melchiora Wa\u0144kowicza w \u0141odzi","isPartOf":{"@id":"https:\/\/sp58lodz.edu.pl\/#website"},"primaryImageOfPage":{"@id":"https:\/\/sp58lodz.edu.pl\/?page_id=5358#primaryimage"},"image":{"@id":"https:\/\/sp58lodz.edu.pl\/?page_id=5358#primaryimage"},"thumbnailUrl":"https:\/\/sp58lodz.edu.pl\/wp-content\/uploads\/2022\/12\/dzwonki_ua.png","datePublished":"2022-11-02T11:11:21+00:00","dateModified":"2025-03-15T15:19:50+00:00","breadcrumb":{"@id":"https:\/\/sp58lodz.edu.pl\/?page_id=5358#breadcrumb"},"inLanguage":"pl-PL","potentialAction":[{"@type":"ReadAction","target":["https:\/\/sp58lodz.edu.pl\/?page_id=5358"]}]},{"@type":"ImageObject","inLanguage":"pl-PL","@id":"https:\/\/sp58lodz.edu.pl\/?page_id=5358#primaryimage","url":"https:\/\/sp58lodz.edu.pl\/wp-content\/uploads\/2022\/12\/dzwonki_ua.png","contentUrl":"https:\/\/sp58lodz.edu.pl\/wp-content\/uploads\/2022\/12\/dzwonki_ua.png","width":320,"height":140},{"@type":"BreadcrumbList","@id":"https:\/\/sp58lodz.edu.pl\/?page_id=5358#breadcrumb","itemListElement":[{"@type":"ListItem","position":1,"name":"Strona g\u0142\u00f3wna","item":"https:\/\/sp58lodz.edu.pl\/"},{"@type":"ListItem","position":2,"name":"\u0423\u043a\u0440\u0430\u0457\u043d\u0441\u044c\u043a\u0430 \u043c\u043e\u0432\u0430"}]},{"@type":"WebSite","@id":"https:\/\/sp58lodz.edu.pl\/#website","url":"https:\/\/sp58lodz.edu.pl\/","name":"Szko\u0142a Podstawowa nr 58 im. Melchiora Wa\u0144kowicza w \u0141odzi","description":"Strona Szko\u0142y Podstawowej nr 58 w \u0141odzi","publisher":{"@id":"https:\/\/sp58lodz.edu.pl\/#organization"},"potentialAction":[{"@type":"SearchAction","target":{"@type":"EntryPoint","urlTemplate":"https:\/\/sp58lodz.edu.pl\/?s={search_term_string}"},"query-input":{"@type":"PropertyValueSpecification","valueRequired":true,"valueName":"search_term_string"}}],"inLanguage":"pl-PL"},{"@type":"Organization","@id":"https:\/\/sp58lodz.edu.pl\/#organization","name":"Szko\u0142a Podstawowa nr 58 im. Melchiora Wa\u0144kowicza w \u0141odzi","url":"https:\/\/sp58lodz.edu.pl\/","logo":{"@type":"ImageObject","inLanguage":"pl-PL","@id":"https:\/\/sp58lodz.edu.pl\/#\/schema\/logo\/image\/","url":"https:\/\/sp58lodz.edu.pl\/wp-content\/uploads\/2019\/01\/cropped-cropped-logo_pat-e1601973191516.png","contentUrl":"https:\/\/sp58lodz.edu.pl\/wp-content\/uploads\/2019\/01\/cropped-cropped-logo_pat-e1601973191516.png","width":140,"height":140,"caption":"Szko\u0142a Podstawowa nr 58 im. Melchiora Wa\u0144kowicza w \u0141odzi"},"image":{"@id":"https:\/\/sp58lodz.edu.pl\/#\/schema\/logo\/image\/"}}]}},"_links":{"self":[{"href":"https:\/\/sp58lodz.edu.pl\/index.php?rest_route=\/wp\/v2\/pages\/5358","targetHints":{"allow":["GET"]}}],"collection":[{"href":"https:\/\/sp58lodz.edu.pl\/index.php?rest_route=\/wp\/v2\/pages"}],"about":[{"href":"https:\/\/sp58lodz.edu.pl\/index.php?rest_route=\/wp\/v2\/types\/page"}],"author":[{"embeddable":true,"href":"https:\/\/sp58lodz.edu.pl\/index.php?rest_route=\/wp\/v2\/users\/2"}],"replies":[{"embeddable":true,"href":"https:\/\/sp58lodz.edu.pl\/index.php?rest_route=%2Fwp%2Fv2%2Fcomments&post=5358"}],"version-history":[{"count":53,"href":"https:\/\/sp58lodz.edu.pl\/index.php?rest_route=\/wp\/v2\/pages\/5358\/revisions"}],"predecessor-version":[{"id":7240,"href":"https:\/\/sp58lodz.edu.pl\/index.php?rest_route=\/wp\/v2\/pages\/5358\/revisions\/7240"}],"wp:attachment":[{"href":"https:\/\/sp58lodz.edu.pl\/index.php?rest_route=%2Fwp%2Fv2%2Fmedia&parent=5358"}],"curies":[{"name":"wp","href":"https:\/\/api.w.org\/{rel}","templated":true}]}}