{"id":5063,"date":"2022-09-22T06:21:59","date_gmt":"2022-09-22T05:21:59","guid":{"rendered":"https:\/\/sp58lodz.edu.pl\/?page_id=5063"},"modified":"2022-12-01T08:51:25","modified_gmt":"2022-12-01T07:51:25","slug":"laboratoria-przyszlosci","status":"publish","type":"page","link":"https:\/\/sp58lodz.edu.pl\/?page_id=5063","title":{"rendered":"Laboratoria Przysz\u0142o\u015bci"},"content":{"rendered":"\n<p>Laboratoria Przysz\u0142o\u015bci to Program skierowany do szk\u00f3\u0142 podstawowych oraz og\u00f3lnokszta\u0142c\u0105cych szk\u00f3\u0142 artystycznych. Jego celem jest budowanie kompetencji kreatywnych i technicznych w\u015br\u00f3d uczni\u00f3w. W ramach Programu szko\u0142y otrzymaj\u0105 od pa\u0144stwa wsparcie finansowe na zakup wyposa\u017cenia technicznego niezb\u0119dnego do rozwoju umiej\u0119tno\u015bci praktycznych w\u015br\u00f3d dzieci i m\u0142odzie\u017cy.<\/p>\n\n\n\n<p>Kreatywne my\u015blenie oraz obs\u0142uga narz\u0119dzi to jedne z podstawowych umiej\u0119tno\u015bci decyduj\u0105cych o rozwoju cywilizacyjnym, gospodarczym i\u202fspo\u0142ecznym.&nbsp;Wzrost innowacyjno\u015bci oraz rozw\u00f3j technologiczny spowodowa\u0142, \u017ce umiej\u0119tno\u015bci matematyczne, w zakresie nauk przyrodniczych, technologii i in\u017cynierii s\u0105 dzi\u015b wa\u017cniejsze ni\u017c\u202fkiedykolwiek wcze\u015bniej. Laboratoria Przysz\u0142o\u015bci to kolejny krok w stron\u0119 wzmocnienia i uatrakcyjnienia dotychczasowego procesu zdobywania wiedzy i praktycznych umiej\u0119tno\u015bci w tych&nbsp;obszarach&nbsp;przez uczni\u00f3w.&nbsp;<\/p>\n\n\n\n<p>W ramach Laboratori\u00f3w&nbsp;Przysz\u0142o\u015bci szko\u0142y otrzymaj\u0105 wsparcie finansowe na zakup&nbsp;wyposa\u017cenia&nbsp;technicznego&nbsp;potrzebnego&nbsp;w\u202fkszta\u0142towaniu i\u202frozwijaniu umiej\u0119tno\u015bci manualnych i technicznych, umiej\u0119tno\u015bci samodzielnego i krytycznego my\u015blenia, zdolno\u015bci my\u015blenia matematycznego oraz umiej\u0119tno\u015bci w zakresie nauk przyrodniczych, technologii i in\u017cynierii, stosowania technologii informacyjno-komunikacyjnych, jak r\u00f3wnie\u017c pracy zespo\u0142owej, dobrej organizacji i dbania o\u202fporz\u0105dek na stanowisku pracy oraz radzenia sobie w \u017cyciu codziennym.&nbsp;Pe\u0142en zakres wyposa\u017cenia mo\u017cliwego&nbsp;do zakupienia z pozyskanych \u015brodk\u00f3w zosta\u0142 uj\u0119ty w&nbsp;Katalogu&nbsp;wyposa\u017cenia. Katalog zawiera zar\u00f3wno wyposa\u017cenie podstawowe (kt\u00f3re chcemy, aby od 30&nbsp;czerwca 2023&nbsp;roku mia\u0142y&nbsp;wszystkie szko\u0142y podstawowe) jak i dodatkowe (dobierane swobodnie przez szko\u0142y).<\/p>\n\n\n\n<p>Laboratoria Przysz\u0142o\u015bci to nowoczesny sprz\u0119t, kt\u00f3ry\u00a0uatrakcyjni\u00a0zaj\u0119cia szkolne i pozwol\u0105\u00a0uczniom rozwija\u0107 swoje zainteresowania\u00a0nie tylko na lekcjach techniki i\u00a0w\u202framach innych obowi\u0105zkowych zaj\u0119\u0107 edukacyjnych, lecz\u00a0tak\u017ce w ramach zaj\u0119\u0107 pozalekcyjnych, k\u00f3\u0142 zainteresowa\u0144 i innych form rozwijania umiej\u0119tno\u015bci.\u00a0<\/p>\n\n\n\n<hr class=\"wp-block-separator has-alpha-channel-opacity\"\/>\n\n\n\n<p class=\"has-large-font-size\"><strong>Zaj\u0119cia multimedialne z wykorzystaniem VR #LaboratoriaPrzysz\u0142o\u015bci<\/strong><\/p>\n\n\n\n<p>Uczniowie klasy pierwszej &nbsp;podczas zaj\u0119\u0107 multimedialnych z wykorzystaniem goglli Oculus Quest do Wirtualnej Rzeczywisto\u015bci (VR) poznawali historie je\u017cyka w aplikacji Henry. Tak wiele rado\u015bci zawdzi\u0119czamy sprz\u0119towi zakupionemu w ramach projektu<\/p>\n\n\n\n<p><a href=\"https:\/\/www.facebook.com\/hashtag\/laboratoriaprzyszlosci?__eep__=6&amp;__cft__%5b0%5d=AZV-_5s7zl64pPyl9cP54BV9Gddhhsor0qU-P2fd3QZO6Tmd74bWqnPgMliGEzUK7aIQkGcurVW0mYvCAsIjWtRgpDmwAPPmUJoVisMqwOhsFD4V7f3kUs8eSvrqYp1shBuXsa-qFKN-DCssr5MYgoc7Y7-1UIJFtuy-OLNrpjK3_UZsJsInDjuXi6goqcocMEk&amp;__tn__=*NK-R\">#LaboratoriaPrzyszlosci<\/a>\u00a0 <a href=\"https:\/\/www.facebook.com\/hashtag\/laboratoriaprzysz%C5%82o%C5%9Bci?__eep__=6&amp;__cft__%5b0%5d=AZV-_5s7zl64pPyl9cP54BV9Gddhhsor0qU-P2fd3QZO6Tmd74bWqnPgMliGEzUK7aIQkGcurVW0mYvCAsIjWtRgpDmwAPPmUJoVisMqwOhsFD4V7f3kUs8eSvrqYp1shBuXsa-qFKN-DCssr5MYgoc7Y7-1UIJFtuy-OLNrpjK3_UZsJsInDjuXi6goqcocMEk&amp;__tn__=*NK-R\">#LaboratoriaPrzysz\u0142o\u015bci<\/a><a href=\"https:\/\/www.facebook.com\/LaboratoriaPrzyszlosci?__cft__%5b0%5d=AZV-_5s7zl64pPyl9cP54BV9Gddhhsor0qU-P2fd3QZO6Tmd74bWqnPgMliGEzUK7aIQkGcurVW0mYvCAsIjWtRgpDmwAPPmUJoVisMqwOhsFD4V7f3kUs8eSvrqYp1shBuXsa-qFKN-DCssr5MYgoc7Y7-1UIJFtuy-OLNrpjK3_UZsJsInDjuXi6goqcocMEk&amp;__tn__=-%5dK-R\">Laboratoria Przysz\u0142o\u015bci<\/a><\/p>\n\n\n\n<figure class=\"wp-block-gallery has-nested-images columns-default is-cropped wp-block-gallery-1 is-layout-flex wp-block-gallery-is-layout-flex\">\n<figure class=\"wp-block-image size-large\"><img loading=\"lazy\" decoding=\"async\" width=\"2560\" height=\"1920\" data-id=\"5519\" src=\"https:\/\/sp58lodz.edu.pl\/wp-content\/uploads\/2022\/12\/315522401_710673080647317_2583612220606586681_n-1-scaled.jpg\" alt=\"\" class=\"wp-image-5519\" srcset=\"https:\/\/sp58lodz.edu.pl\/wp-content\/uploads\/2022\/12\/315522401_710673080647317_2583612220606586681_n-1-scaled.jpg 2560w, https:\/\/sp58lodz.edu.pl\/wp-content\/uploads\/2022\/12\/315522401_710673080647317_2583612220606586681_n-1-300x225.jpg 300w, https:\/\/sp58lodz.edu.pl\/wp-content\/uploads\/2022\/12\/315522401_710673080647317_2583612220606586681_n-1-768x576.jpg 768w, https:\/\/sp58lodz.edu.pl\/wp-content\/uploads\/2022\/12\/315522401_710673080647317_2583612220606586681_n-1-1536x1152.jpg 1536w, https:\/\/sp58lodz.edu.pl\/wp-content\/uploads\/2022\/12\/315522401_710673080647317_2583612220606586681_n-1-2048x1536.jpg 2048w, https:\/\/sp58lodz.edu.pl\/wp-content\/uploads\/2022\/12\/315522401_710673080647317_2583612220606586681_n-1-360x270.jpg 360w, https:\/\/sp58lodz.edu.pl\/wp-content\/uploads\/2022\/12\/315522401_710673080647317_2583612220606586681_n-1-scaled-400x300.jpg 400w\" sizes=\"auto, (max-width: 2560px) 100vw, 2560px\" \/><\/figure>\n\n\n\n<figure class=\"wp-block-image size-large\"><img loading=\"lazy\" decoding=\"async\" width=\"720\" height=\"960\" data-id=\"5518\" src=\"https:\/\/sp58lodz.edu.pl\/wp-content\/uploads\/2022\/12\/316170475_150839827693794_2629284006593450399_n-1.jpg\" alt=\"\" class=\"wp-image-5518\" srcset=\"https:\/\/sp58lodz.edu.pl\/wp-content\/uploads\/2022\/12\/316170475_150839827693794_2629284006593450399_n-1.jpg 720w, https:\/\/sp58lodz.edu.pl\/wp-content\/uploads\/2022\/12\/316170475_150839827693794_2629284006593450399_n-1-225x300.jpg 225w, https:\/\/sp58lodz.edu.pl\/wp-content\/uploads\/2022\/12\/316170475_150839827693794_2629284006593450399_n-1-203x270.jpg 203w, https:\/\/sp58lodz.edu.pl\/wp-content\/uploads\/2022\/12\/316170475_150839827693794_2629284006593450399_n-1-400x533.jpg 400w\" sizes=\"auto, (max-width: 720px) 100vw, 720px\" \/><\/figure>\n\n\n\n<figure class=\"wp-block-image size-large\"><img loading=\"lazy\" decoding=\"async\" width=\"960\" height=\"720\" data-id=\"5520\" src=\"https:\/\/sp58lodz.edu.pl\/wp-content\/uploads\/2022\/12\/316251939_150840151027095_346920908051785537_n-1.jpg\" alt=\"\" class=\"wp-image-5520\" srcset=\"https:\/\/sp58lodz.edu.pl\/wp-content\/uploads\/2022\/12\/316251939_150840151027095_346920908051785537_n-1.jpg 960w, https:\/\/sp58lodz.edu.pl\/wp-content\/uploads\/2022\/12\/316251939_150840151027095_346920908051785537_n-1-300x225.jpg 300w, https:\/\/sp58lodz.edu.pl\/wp-content\/uploads\/2022\/12\/316251939_150840151027095_346920908051785537_n-1-768x576.jpg 768w, https:\/\/sp58lodz.edu.pl\/wp-content\/uploads\/2022\/12\/316251939_150840151027095_346920908051785537_n-1-360x270.jpg 360w, https:\/\/sp58lodz.edu.pl\/wp-content\/uploads\/2022\/12\/316251939_150840151027095_346920908051785537_n-1-400x300.jpg 400w\" sizes=\"auto, (max-width: 960px) 100vw, 960px\" \/><\/figure>\n\n\n\n<figure class=\"wp-block-image size-large\"><img loading=\"lazy\" decoding=\"async\" width=\"700\" height=\"394\" data-id=\"5521\" src=\"https:\/\/sp58lodz.edu.pl\/wp-content\/uploads\/2022\/12\/316546904_150857651025345_8470099223572762437_n-1.jpg\" alt=\"\" class=\"wp-image-5521\" srcset=\"https:\/\/sp58lodz.edu.pl\/wp-content\/uploads\/2022\/12\/316546904_150857651025345_8470099223572762437_n-1.jpg 700w, https:\/\/sp58lodz.edu.pl\/wp-content\/uploads\/2022\/12\/316546904_150857651025345_8470099223572762437_n-1-300x169.jpg 300w, https:\/\/sp58lodz.edu.pl\/wp-content\/uploads\/2022\/12\/316546904_150857651025345_8470099223572762437_n-1-360x203.jpg 360w\" sizes=\"auto, (max-width: 700px) 100vw, 700px\" \/><\/figure>\n\n\n\n<figure class=\"wp-block-image size-large\"><img loading=\"lazy\" decoding=\"async\" width=\"2990\" height=\"4000\" data-id=\"5522\" src=\"https:\/\/sp58lodz.edu.pl\/wp-content\/uploads\/2022\/12\/316880081_1521628001651625_8088907190507903940_n-1-2990x4000.jpg\" alt=\"\" class=\"wp-image-5522\" srcset=\"https:\/\/sp58lodz.edu.pl\/wp-content\/uploads\/2022\/12\/316880081_1521628001651625_8088907190507903940_n-1-2990x4000.jpg 2990w, https:\/\/sp58lodz.edu.pl\/wp-content\/uploads\/2022\/12\/316880081_1521628001651625_8088907190507903940_n-1-224x300.jpg 224w, https:\/\/sp58lodz.edu.pl\/wp-content\/uploads\/2022\/12\/316880081_1521628001651625_8088907190507903940_n-1-768x1028.jpg 768w, https:\/\/sp58lodz.edu.pl\/wp-content\/uploads\/2022\/12\/316880081_1521628001651625_8088907190507903940_n-1-1148x1536.jpg 1148w, https:\/\/sp58lodz.edu.pl\/wp-content\/uploads\/2022\/12\/316880081_1521628001651625_8088907190507903940_n-1-1531x2048.jpg 1531w, https:\/\/sp58lodz.edu.pl\/wp-content\/uploads\/2022\/12\/316880081_1521628001651625_8088907190507903940_n-1-202x270.jpg 202w, https:\/\/sp58lodz.edu.pl\/wp-content\/uploads\/2022\/12\/316880081_1521628001651625_8088907190507903940_n-1-scaled-400x535.jpg 400w, https:\/\/sp58lodz.edu.pl\/wp-content\/uploads\/2022\/12\/316880081_1521628001651625_8088907190507903940_n-1-scaled-1644x2200.jpg 1644w, https:\/\/sp58lodz.edu.pl\/wp-content\/uploads\/2022\/12\/316880081_1521628001651625_8088907190507903940_n-1-scaled.jpg 1913w\" sizes=\"auto, (max-width: 2990px) 100vw, 2990px\" \/><\/figure>\n\n\n\n<figure class=\"wp-block-image size-large\"><img loading=\"lazy\" decoding=\"async\" width=\"2560\" height=\"1920\" data-id=\"5523\" src=\"https:\/\/sp58lodz.edu.pl\/wp-content\/uploads\/2022\/12\/317538952_506928674803565_2430132553589237752_n-1-scaled.jpg\" alt=\"\" class=\"wp-image-5523\" srcset=\"https:\/\/sp58lodz.edu.pl\/wp-content\/uploads\/2022\/12\/317538952_506928674803565_2430132553589237752_n-1-scaled.jpg 2560w, https:\/\/sp58lodz.edu.pl\/wp-content\/uploads\/2022\/12\/317538952_506928674803565_2430132553589237752_n-1-300x225.jpg 300w, https:\/\/sp58lodz.edu.pl\/wp-content\/uploads\/2022\/12\/317538952_506928674803565_2430132553589237752_n-1-768x576.jpg 768w, https:\/\/sp58lodz.edu.pl\/wp-content\/uploads\/2022\/12\/317538952_506928674803565_2430132553589237752_n-1-1536x1152.jpg 1536w, https:\/\/sp58lodz.edu.pl\/wp-content\/uploads\/2022\/12\/317538952_506928674803565_2430132553589237752_n-1-2048x1536.jpg 2048w, https:\/\/sp58lodz.edu.pl\/wp-content\/uploads\/2022\/12\/317538952_506928674803565_2430132553589237752_n-1-360x270.jpg 360w, https:\/\/sp58lodz.edu.pl\/wp-content\/uploads\/2022\/12\/317538952_506928674803565_2430132553589237752_n-1-scaled-400x300.jpg 400w\" sizes=\"auto, (max-width: 2560px) 100vw, 2560px\" \/><\/figure>\n<\/figure>\n\n\n\n<hr class=\"wp-block-separator has-alpha-channel-opacity\"\/>\n\n\n\n<p class=\"has-large-font-size\"><strong>Film na konkurs promuj\u0105cy Fundusze Unijne<\/strong><\/p>\n\n\n\n<p>W listopadzie uczniowie klasy 8c wykorzystali mi\u0119dzy innymi aparat fotograficzny pochodz\u0105cy z wyposa\u017cenia Laboratori\u00f3w Przysz\u0142o\u015bci do nagrania filmu na konkurs promuj\u0105cy Fundusze Unijne. Jest to jeden z dw\u00f3ch nagranych film\u00f3w, kt\u00f3ry bierze udzia\u0142 w konkursie. Zach\u0119camy do g\u0142osowania na te filmy poprzez klikniecie \u0142apki w g\u00f3r\u0119.&nbsp;<\/p>\n\n\n\n<p>Oto linki:<\/p>\n\n\n\n<figure class=\"wp-block-embed is-type-video is-provider-youtube wp-block-embed-youtube wp-embed-aspect-16-9 wp-has-aspect-ratio\"><div class=\"wp-block-embed__wrapper\">\n<iframe loading=\"lazy\" title=\"#SP 58 kl 8c\" width=\"847\" height=\"476\" src=\"https:\/\/www.youtube.com\/embed\/6I1hk_CQUHQ?feature=oembed\" frameborder=\"0\" allow=\"accelerometer; autoplay; clipboard-write; encrypted-media; gyroscope; picture-in-picture\" allowfullscreen><\/iframe>\n<\/div><\/figure>\n\n\n\n<figure class=\"wp-block-embed is-type-video is-provider-youtube wp-block-embed-youtube wp-embed-aspect-16-9 wp-has-aspect-ratio\"><div class=\"wp-block-embed__wrapper\">\n<iframe loading=\"lazy\" title=\"SP nr 58 \u0141\u00f3d\u017a\" width=\"847\" height=\"476\" src=\"https:\/\/www.youtube.com\/embed\/JMlbPSR7-iE?feature=oembed\" frameborder=\"0\" allow=\"accelerometer; autoplay; clipboard-write; encrypted-media; gyroscope; picture-in-picture\" allowfullscreen><\/iframe>\n<\/div><\/figure>\n","protected":false},"excerpt":{"rendered":"<p>Laboratoria Przysz\u0142o\u015bci to Program skierowany do szk\u00f3\u0142 podstawowych oraz og\u00f3lnokszta\u0142c\u0105cych szk\u00f3\u0142 artystycznych. Jego celem jest budowanie kompetencji kreatywnych i technicznych w\u015br\u00f3d uczni\u00f3w. W ramach Programu szko\u0142y otrzymaj\u0105 od pa\u0144stwa wsparcie finansowe na zakup wyposa\u017cenia technicznego niezb\u0119dnego do rozwoju umiej\u0119tno\u015bci praktycznych&hellip; <a class=\"continue\" href=\"https:\/\/sp58lodz.edu.pl\/?page_id=5063\">Continue Reading<span> Laboratoria Przysz\u0142o\u015bci<\/span><\/a><\/p>\n","protected":false},"author":2,"featured_media":0,"parent":0,"menu_order":0,"comment_status":"closed","ping_status":"closed","template":"","meta":{"footnotes":""},"class_list":["post-5063","page","type-page","status-publish","hentry"],"yoast_head":"<!-- This site is optimized with the Yoast SEO plugin v27.4 - https:\/\/yoast.com\/product\/yoast-seo-wordpress\/ -->\n<title>Laboratoria Przysz\u0142o\u015bci - Szko\u0142a Podstawowa nr 58 im. Melchiora Wa\u0144kowicza w \u0141odzi<\/title>\n<meta name=\"robots\" content=\"index, follow, max-snippet:-1, max-image-preview:large, max-video-preview:-1\" \/>\n<link rel=\"canonical\" href=\"https:\/\/sp58lodz.edu.pl\/?page_id=5063\" \/>\n<meta property=\"og:locale\" content=\"pl_PL\" \/>\n<meta property=\"og:type\" content=\"article\" \/>\n<meta property=\"og:title\" content=\"Laboratoria Przysz\u0142o\u015bci - Szko\u0142a Podstawowa nr 58 im. Melchiora Wa\u0144kowicza w \u0141odzi\" \/>\n<meta property=\"og:description\" content=\"Laboratoria Przysz\u0142o\u015bci to Program skierowany do szk\u00f3\u0142 podstawowych oraz og\u00f3lnokszta\u0142c\u0105cych szk\u00f3\u0142 artystycznych. Jego celem jest budowanie kompetencji kreatywnych i technicznych w\u015br\u00f3d uczni\u00f3w. W ramach Programu szko\u0142y otrzymaj\u0105 od pa\u0144stwa wsparcie finansowe na zakup wyposa\u017cenia technicznego niezb\u0119dnego do rozwoju umiej\u0119tno\u015bci praktycznych&hellip; Continue Reading Laboratoria Przysz\u0142o\u015bci\" \/>\n<meta property=\"og:url\" content=\"https:\/\/sp58lodz.edu.pl\/?page_id=5063\" \/>\n<meta property=\"og:site_name\" content=\"Szko\u0142a Podstawowa nr 58 im. Melchiora Wa\u0144kowicza w \u0141odzi\" \/>\n<meta property=\"article:modified_time\" content=\"2022-12-01T07:51:25+00:00\" \/>\n<meta property=\"og:image\" content=\"https:\/\/sp58lodz.edu.pl\/wp-content\/uploads\/2022\/12\/315522401_710673080647317_2583612220606586681_n-1-scaled.jpg\" \/>\n<meta name=\"twitter:card\" content=\"summary_large_image\" \/>\n<meta name=\"twitter:label1\" content=\"Szacowany czas czytania\" \/>\n\t<meta name=\"twitter:data1\" content=\"4 minuty\" \/>\n<script type=\"application\/ld+json\" class=\"yoast-schema-graph\">{\"@context\":\"https:\\\/\\\/schema.org\",\"@graph\":[{\"@type\":\"WebPage\",\"@id\":\"https:\\\/\\\/sp58lodz.edu.pl\\\/?page_id=5063\",\"url\":\"https:\\\/\\\/sp58lodz.edu.pl\\\/?page_id=5063\",\"name\":\"Laboratoria Przysz\u0142o\u015bci - Szko\u0142a Podstawowa nr 58 im. Melchiora Wa\u0144kowicza w \u0141odzi\",\"isPartOf\":{\"@id\":\"https:\\\/\\\/sp58lodz.edu.pl\\\/#website\"},\"primaryImageOfPage\":{\"@id\":\"https:\\\/\\\/sp58lodz.edu.pl\\\/?page_id=5063#primaryimage\"},\"image\":{\"@id\":\"https:\\\/\\\/sp58lodz.edu.pl\\\/?page_id=5063#primaryimage\"},\"thumbnailUrl\":\"https:\\\/\\\/sp58lodz.edu.pl\\\/wp-content\\\/uploads\\\/2022\\\/12\\\/315522401_710673080647317_2583612220606586681_n-1-scaled.jpg\",\"datePublished\":\"2022-09-22T05:21:59+00:00\",\"dateModified\":\"2022-12-01T07:51:25+00:00\",\"breadcrumb\":{\"@id\":\"https:\\\/\\\/sp58lodz.edu.pl\\\/?page_id=5063#breadcrumb\"},\"inLanguage\":\"pl-PL\",\"potentialAction\":[{\"@type\":\"ReadAction\",\"target\":[\"https:\\\/\\\/sp58lodz.edu.pl\\\/?page_id=5063\"]}]},{\"@type\":\"ImageObject\",\"inLanguage\":\"pl-PL\",\"@id\":\"https:\\\/\\\/sp58lodz.edu.pl\\\/?page_id=5063#primaryimage\",\"url\":\"https:\\\/\\\/sp58lodz.edu.pl\\\/wp-content\\\/uploads\\\/2022\\\/12\\\/315522401_710673080647317_2583612220606586681_n-1-scaled.jpg\",\"contentUrl\":\"https:\\\/\\\/sp58lodz.edu.pl\\\/wp-content\\\/uploads\\\/2022\\\/12\\\/315522401_710673080647317_2583612220606586681_n-1-scaled.jpg\",\"width\":2560,\"height\":1920},{\"@type\":\"BreadcrumbList\",\"@id\":\"https:\\\/\\\/sp58lodz.edu.pl\\\/?page_id=5063#breadcrumb\",\"itemListElement\":[{\"@type\":\"ListItem\",\"position\":1,\"name\":\"Strona g\u0142\u00f3wna\",\"item\":\"https:\\\/\\\/sp58lodz.edu.pl\\\/\"},{\"@type\":\"ListItem\",\"position\":2,\"name\":\"Laboratoria Przysz\u0142o\u015bci\"}]},{\"@type\":\"WebSite\",\"@id\":\"https:\\\/\\\/sp58lodz.edu.pl\\\/#website\",\"url\":\"https:\\\/\\\/sp58lodz.edu.pl\\\/\",\"name\":\"Szko\u0142a Podstawowa nr 58 im. Melchiora Wa\u0144kowicza w \u0141odzi\",\"description\":\"Strona Szko\u0142y Podstawowej nr 58 w \u0141odzi\",\"publisher\":{\"@id\":\"https:\\\/\\\/sp58lodz.edu.pl\\\/#organization\"},\"potentialAction\":[{\"@type\":\"SearchAction\",\"target\":{\"@type\":\"EntryPoint\",\"urlTemplate\":\"https:\\\/\\\/sp58lodz.edu.pl\\\/?s={search_term_string}\"},\"query-input\":{\"@type\":\"PropertyValueSpecification\",\"valueRequired\":true,\"valueName\":\"search_term_string\"}}],\"inLanguage\":\"pl-PL\"},{\"@type\":\"Organization\",\"@id\":\"https:\\\/\\\/sp58lodz.edu.pl\\\/#organization\",\"name\":\"Szko\u0142a Podstawowa nr 58 im. Melchiora Wa\u0144kowicza w \u0141odzi\",\"url\":\"https:\\\/\\\/sp58lodz.edu.pl\\\/\",\"logo\":{\"@type\":\"ImageObject\",\"inLanguage\":\"pl-PL\",\"@id\":\"https:\\\/\\\/sp58lodz.edu.pl\\\/#\\\/schema\\\/logo\\\/image\\\/\",\"url\":\"https:\\\/\\\/sp58lodz.edu.pl\\\/wp-content\\\/uploads\\\/2019\\\/01\\\/cropped-cropped-logo_pat-e1601973191516.png\",\"contentUrl\":\"https:\\\/\\\/sp58lodz.edu.pl\\\/wp-content\\\/uploads\\\/2019\\\/01\\\/cropped-cropped-logo_pat-e1601973191516.png\",\"width\":140,\"height\":140,\"caption\":\"Szko\u0142a Podstawowa nr 58 im. Melchiora Wa\u0144kowicza w \u0141odzi\"},\"image\":{\"@id\":\"https:\\\/\\\/sp58lodz.edu.pl\\\/#\\\/schema\\\/logo\\\/image\\\/\"}}]}<\/script>\n<!-- \/ Yoast SEO plugin. -->","yoast_head_json":{"title":"Laboratoria Przysz\u0142o\u015bci - Szko\u0142a Podstawowa nr 58 im. Melchiora Wa\u0144kowicza w \u0141odzi","robots":{"index":"index","follow":"follow","max-snippet":"max-snippet:-1","max-image-preview":"max-image-preview:large","max-video-preview":"max-video-preview:-1"},"canonical":"https:\/\/sp58lodz.edu.pl\/?page_id=5063","og_locale":"pl_PL","og_type":"article","og_title":"Laboratoria Przysz\u0142o\u015bci - Szko\u0142a Podstawowa nr 58 im. Melchiora Wa\u0144kowicza w \u0141odzi","og_description":"Laboratoria Przysz\u0142o\u015bci to Program skierowany do szk\u00f3\u0142 podstawowych oraz og\u00f3lnokszta\u0142c\u0105cych szk\u00f3\u0142 artystycznych. Jego celem jest budowanie kompetencji kreatywnych i technicznych w\u015br\u00f3d uczni\u00f3w. W ramach Programu szko\u0142y otrzymaj\u0105 od pa\u0144stwa wsparcie finansowe na zakup wyposa\u017cenia technicznego niezb\u0119dnego do rozwoju umiej\u0119tno\u015bci praktycznych&hellip; Continue Reading Laboratoria Przysz\u0142o\u015bci","og_url":"https:\/\/sp58lodz.edu.pl\/?page_id=5063","og_site_name":"Szko\u0142a Podstawowa nr 58 im. Melchiora Wa\u0144kowicza w \u0141odzi","article_modified_time":"2022-12-01T07:51:25+00:00","og_image":[{"url":"https:\/\/sp58lodz.edu.pl\/wp-content\/uploads\/2022\/12\/315522401_710673080647317_2583612220606586681_n-1-scaled.jpg","type":"","width":"","height":""}],"twitter_card":"summary_large_image","twitter_misc":{"Szacowany czas czytania":"4 minuty"},"schema":{"@context":"https:\/\/schema.org","@graph":[{"@type":"WebPage","@id":"https:\/\/sp58lodz.edu.pl\/?page_id=5063","url":"https:\/\/sp58lodz.edu.pl\/?page_id=5063","name":"Laboratoria Przysz\u0142o\u015bci - Szko\u0142a Podstawowa nr 58 im. Melchiora Wa\u0144kowicza w \u0141odzi","isPartOf":{"@id":"https:\/\/sp58lodz.edu.pl\/#website"},"primaryImageOfPage":{"@id":"https:\/\/sp58lodz.edu.pl\/?page_id=5063#primaryimage"},"image":{"@id":"https:\/\/sp58lodz.edu.pl\/?page_id=5063#primaryimage"},"thumbnailUrl":"https:\/\/sp58lodz.edu.pl\/wp-content\/uploads\/2022\/12\/315522401_710673080647317_2583612220606586681_n-1-scaled.jpg","datePublished":"2022-09-22T05:21:59+00:00","dateModified":"2022-12-01T07:51:25+00:00","breadcrumb":{"@id":"https:\/\/sp58lodz.edu.pl\/?page_id=5063#breadcrumb"},"inLanguage":"pl-PL","potentialAction":[{"@type":"ReadAction","target":["https:\/\/sp58lodz.edu.pl\/?page_id=5063"]}]},{"@type":"ImageObject","inLanguage":"pl-PL","@id":"https:\/\/sp58lodz.edu.pl\/?page_id=5063#primaryimage","url":"https:\/\/sp58lodz.edu.pl\/wp-content\/uploads\/2022\/12\/315522401_710673080647317_2583612220606586681_n-1-scaled.jpg","contentUrl":"https:\/\/sp58lodz.edu.pl\/wp-content\/uploads\/2022\/12\/315522401_710673080647317_2583612220606586681_n-1-scaled.jpg","width":2560,"height":1920},{"@type":"BreadcrumbList","@id":"https:\/\/sp58lodz.edu.pl\/?page_id=5063#breadcrumb","itemListElement":[{"@type":"ListItem","position":1,"name":"Strona g\u0142\u00f3wna","item":"https:\/\/sp58lodz.edu.pl\/"},{"@type":"ListItem","position":2,"name":"Laboratoria Przysz\u0142o\u015bci"}]},{"@type":"WebSite","@id":"https:\/\/sp58lodz.edu.pl\/#website","url":"https:\/\/sp58lodz.edu.pl\/","name":"Szko\u0142a Podstawowa nr 58 im. Melchiora Wa\u0144kowicza w \u0141odzi","description":"Strona Szko\u0142y Podstawowej nr 58 w \u0141odzi","publisher":{"@id":"https:\/\/sp58lodz.edu.pl\/#organization"},"potentialAction":[{"@type":"SearchAction","target":{"@type":"EntryPoint","urlTemplate":"https:\/\/sp58lodz.edu.pl\/?s={search_term_string}"},"query-input":{"@type":"PropertyValueSpecification","valueRequired":true,"valueName":"search_term_string"}}],"inLanguage":"pl-PL"},{"@type":"Organization","@id":"https:\/\/sp58lodz.edu.pl\/#organization","name":"Szko\u0142a Podstawowa nr 58 im. Melchiora Wa\u0144kowicza w \u0141odzi","url":"https:\/\/sp58lodz.edu.pl\/","logo":{"@type":"ImageObject","inLanguage":"pl-PL","@id":"https:\/\/sp58lodz.edu.pl\/#\/schema\/logo\/image\/","url":"https:\/\/sp58lodz.edu.pl\/wp-content\/uploads\/2019\/01\/cropped-cropped-logo_pat-e1601973191516.png","contentUrl":"https:\/\/sp58lodz.edu.pl\/wp-content\/uploads\/2019\/01\/cropped-cropped-logo_pat-e1601973191516.png","width":140,"height":140,"caption":"Szko\u0142a Podstawowa nr 58 im. Melchiora Wa\u0144kowicza w \u0141odzi"},"image":{"@id":"https:\/\/sp58lodz.edu.pl\/#\/schema\/logo\/image\/"}}]}},"_links":{"self":[{"href":"https:\/\/sp58lodz.edu.pl\/index.php?rest_route=\/wp\/v2\/pages\/5063","targetHints":{"allow":["GET"]}}],"collection":[{"href":"https:\/\/sp58lodz.edu.pl\/index.php?rest_route=\/wp\/v2\/pages"}],"about":[{"href":"https:\/\/sp58lodz.edu.pl\/index.php?rest_route=\/wp\/v2\/types\/page"}],"author":[{"embeddable":true,"href":"https:\/\/sp58lodz.edu.pl\/index.php?rest_route=\/wp\/v2\/users\/2"}],"replies":[{"embeddable":true,"href":"https:\/\/sp58lodz.edu.pl\/index.php?rest_route=%2Fwp%2Fv2%2Fcomments&post=5063"}],"version-history":[{"count":3,"href":"https:\/\/sp58lodz.edu.pl\/index.php?rest_route=\/wp\/v2\/pages\/5063\/revisions"}],"predecessor-version":[{"id":5524,"href":"https:\/\/sp58lodz.edu.pl\/index.php?rest_route=\/wp\/v2\/pages\/5063\/revisions\/5524"}],"wp:attachment":[{"href":"https:\/\/sp58lodz.edu.pl\/index.php?rest_route=%2Fwp%2Fv2%2Fmedia&parent=5063"}],"curies":[{"name":"wp","href":"https:\/\/api.w.org\/{rel}","templated":true}]}}