{"id":409,"date":"2019-01-25T09:07:11","date_gmt":"2019-01-25T09:07:11","guid":{"rendered":"http:\/\/sp58lodz.edu.pl\/?page_id=409"},"modified":"2025-08-27T10:33:14","modified_gmt":"2025-08-27T09:33:14","slug":"obiady","status":"publish","type":"page","link":"https:\/\/sp58lodz.edu.pl\/?page_id=409","title":{"rendered":"Informacja dotycz\u0105ca obiad\u00f3w w szkolnej sto\u0142\u00f3wce."},"content":{"rendered":"\n<p><strong>Informacja<\/strong> <strong>dotycz\u0105ca obiad\u00f3w w szkolnej sto\u0142\u00f3wce.<\/strong><\/p>\n\n\n\n<p class=\"has-red-color has-text-color\"><a href=\"https:\/\/sp58lodz.edu.pl\/wp-content\/uploads\/2023\/08\/regulamin-korzystania-ze-stolowki-szkolnej.pdf\">REGULAMIN KORZYSTANIA ZE STO\u0141\u00d3WKI SZKOLNEJ<\/a><\/p>\n\n\n\n<p><a href=\"https:\/\/sp58lodz.edu.pl\/wp-content\/uploads\/2023\/08\/Zalacznik-nr1.pdf\">ZA\u0141\u0104CZNIK NR 1<\/a><\/p>\n\n\n\n<p><a href=\"https:\/\/sp58lodz.edu.pl\/wp-content\/uploads\/2023\/08\/Zalacznik-nr-2.pdf\">ZA\u0141\u0104CZNIK NR 2<\/a><\/p>\n\n\n\n<p><strong>Informacja<\/strong> <strong>dotycz\u0105ca obiad\u00f3w w szkolnej sto\u0142\u00f3wce.<\/strong><\/p>\n\n\n\n<p>Op\u0142aty za obiady nale\u017cy wp\u0142aca\u0107 na konto w terminie:<\/p>\n\n\n\n<p><strong>do 5 wrze\u015bnia za wrzesie\u0144<\/strong> i <strong>do 5 stycznia za stycze\u0144<\/strong>, <strong>pozosta\u0142e miesi\u0105ce z g\u00f3ry tj.: w ci\u0105gu ostatnich pi\u0119ciu dni roboczych miesi\u0105ca poprzedzaj\u0105cego miesi\u0105c, w kt\u00f3rym nast\u0105pi korzystanie z posi\u0142k\u00f3w w sto\u0142\u00f3wce szkolnej<\/strong> (wp\u0142acamy tylko za dany miesi\u0105c).<\/p>\n\n\n\n<p>Je\u015bli rodzic dokona wp\u0142aty w ostatnim dniu miesi\u0105ca i istnieje mo\u017cliwo\u015b\u0107, \u017ce op\u0142ata nie zostanie zaksi\u0119gowana, w\u00f3wczas powinien dostarczy\u0107 do sekretariatu szko\u0142y potwierdzenia dokonania wp\u0142aty za posi\u0142ki, je\u015bli tego nie zrobi, dziecko nie b\u0119dzie mog\u0142o korzysta\u0107 z obiad\u00f3w w szkole.<\/p>\n\n\n\n<p>Nr konta Bank Pekao: <strong>30 1240 1037 1111 0011 0916 7401.<\/strong><\/p>\n\n\n\n<p>W tytule wp\u0142aty wpisujemy: <strong>imi\u0119 i nazwisko dziecka, klas\u0119 i za jaki miesi\u0105c jest op\u0142ata.<\/strong><\/p>\n\n\n\n<p><strong>Uprawnieni do korzystania z obiad\u00f3w s\u0105 uczniowie, kt\u00f3rych rodzice wnie\u015bli w terminie op\u0142at\u0119 za obiady.<\/strong><\/p>\n\n\n\n<figure class=\"wp-block-table\"><table class=\"has-fixed-layout\"><tbody><tr><td><strong>&nbsp;<\/strong><strong>Miesi\u0105c<\/strong><strong><\/strong><\/td><td><strong>Liczba dni \u017cywieniowych<\/strong><strong><\/strong><\/td><td><strong>Jednostkowa kwota posi\u0142ku<\/strong><strong><\/strong><\/td><td><strong>Kwota do zap\u0142aty<\/strong><strong><\/strong><\/td><td><strong>&nbsp;<\/strong><strong>Termin wp\u0142at<\/strong><strong><\/strong><\/td><\/tr><tr><td>Wrzesie\u0144 2025 r.<\/td><td>17<\/td><td>6,00 z\u0142.<\/td><td>102,00 z\u0142<\/td><td>do 05.09.2025 r.<\/td><\/tr><tr><td>Pa\u017adziernik 2025 r.<\/td><td>22<\/td><td>6,00 z\u0142.<\/td><td>132,00 z\u0142.<\/td><td>24-30.09.2025r.<\/td><\/tr><tr><td>Listopada 2025 r.<\/td><td>18<\/td><td>6,00 z\u0142.<\/td><td>108,00 z\u0142.<\/td><td>27-31.10.2025 r.<\/td><\/tr><tr><td>Grudzie\u0144 2025 r.<\/td><td>15<\/td><td>6,00 z\u0142.<\/td><td>90,00 z\u0142.<\/td><td>24-28.11.2025 r.<\/td><\/tr><tr><td>Stycze\u0144 2026 r.<\/td><td>18<\/td><td>6,00 z\u0142.<\/td><td>108,00 z\u0142.<\/td><td>do 05.01.2026 r.<\/td><\/tr><tr><td>Luty 2026 r.<\/td><td>10<\/td><td>6,00 z\u0142.<\/td><td>60,00 z\u0142.<\/td><td>26-30.01.2026 r.<\/td><\/tr><tr><td>Marzec 2026 r.<\/td><td>22<\/td><td>6,00 z\u0142.<\/td><td>132,00 z\u0142.<\/td><td>23-27.02.2026 r.<\/td><\/tr><tr><td>Kwiecie\u0144 2026 r.<\/td><td>18<\/td><td>6,00 z\u0142.<\/td><td>108,00 z\u0142.<\/td><td>25-31.03.2026 r.<\/td><\/tr><tr><td>Maj 2026 r.<\/td><td>17<\/td><td>6,00 z\u0142.<\/td><td>102,00 z\u0142.<\/td><td>24-30.04.2026 r.<\/td><\/tr><tr><td>Czerwiec 2026 r.<\/td><td>15<\/td><td>6,00 z\u0142.<\/td><td>90,00 z\u0142.<\/td><td>25-29.05.2026 r.<\/td><\/tr><\/tbody><\/table><\/figure>\n\n\n\n<p><strong>Zwrotowi<\/strong> podlega dzienna op\u0142ata wniesiona za posi\u0142ek za pierwszy dzie\u0144 nieobecno\u015bci lub dzie\u0144 zg\u0142oszenia rezygnacji z posi\u0142ku, w przypadku, gdy nieobecno\u015b\u0107 albo rezygnacja zostan\u0105 zg\u0142oszone nie p\u00f3\u017aniej ni\u017c w dniu poprzedzaj\u0105cym nieobecno\u015b\u0107.<\/p>\n\n\n\n<p>Nieobecno\u015b\u0107 musi by\u0107 zg\u0142oszona w sekretariacie szko\u0142y osobi\u015bcie, telefonicznie 42 655 34 50 &nbsp;lub za pomoc\u0105 e-maila (kontakt@sp58.elodz.edu.pl) oraz przez Librus \u2013 sekretariat. Tylko na tej podstawie powsta\u0142a nadp\u0142ata mo\u017ce by\u0107 zaliczona na poczet op\u0142aty za korzystanie z posi\u0142k\u00f3w w nast\u0119pnym miesi\u0105cu.<\/p>\n\n\n\n<p><strong>Odpisy<\/strong> za zg\u0142oszon\u0105 nieobecno\u015b\u0107 dziecka w szkole prosz\u0119 uzgadnia\u0107 z pracownikami sekretariatu.<\/p>\n\n\n\n<p>Odpisy za dany miesi\u0105c odliczane s\u0105 przy najbli\u017cszej op\u0142atno\u015bci.<\/p>\n\n\n\n<p><\/p>\n","protected":false},"excerpt":{"rendered":"<p>Informacja dotycz\u0105ca obiad\u00f3w w szkolnej sto\u0142\u00f3wce. REGULAMIN KORZYSTANIA ZE STO\u0141\u00d3WKI SZKOLNEJ ZA\u0141\u0104CZNIK NR 1 ZA\u0141\u0104CZNIK NR 2 Informacja dotycz\u0105ca obiad\u00f3w w szkolnej sto\u0142\u00f3wce. Op\u0142aty za obiady nale\u017cy wp\u0142aca\u0107 na konto w terminie: do 5 wrze\u015bnia za wrzesie\u0144 i do 5&hellip; <a class=\"continue\" href=\"https:\/\/sp58lodz.edu.pl\/?page_id=409\">Continue Reading<span> Informacja dotycz\u0105ca obiad\u00f3w w szkolnej sto\u0142\u00f3wce.<\/span><\/a><\/p>\n","protected":false},"author":2,"featured_media":0,"parent":0,"menu_order":0,"comment_status":"closed","ping_status":"closed","template":"","meta":{"footnotes":""},"class_list":["post-409","page","type-page","status-publish","hentry"],"yoast_head":"<!-- This site is optimized with the Yoast SEO plugin v27.6 - https:\/\/yoast.com\/product\/yoast-seo-wordpress\/ -->\n<title>Informacja dotycz\u0105ca obiad\u00f3w w szkolnej sto\u0142\u00f3wce. - Szko\u0142a Podstawowa nr 58 im. Melchiora Wa\u0144kowicza w \u0141odzi<\/title>\n<meta name=\"robots\" content=\"index, follow, max-snippet:-1, max-image-preview:large, max-video-preview:-1\" \/>\n<link rel=\"canonical\" href=\"https:\/\/sp58lodz.edu.pl\/?page_id=409\" \/>\n<meta property=\"og:locale\" content=\"pl_PL\" \/>\n<meta property=\"og:type\" content=\"article\" \/>\n<meta property=\"og:title\" content=\"Informacja dotycz\u0105ca obiad\u00f3w w szkolnej sto\u0142\u00f3wce. - Szko\u0142a Podstawowa nr 58 im. Melchiora Wa\u0144kowicza w \u0141odzi\" \/>\n<meta property=\"og:description\" content=\"Informacja dotycz\u0105ca obiad\u00f3w w szkolnej sto\u0142\u00f3wce. REGULAMIN KORZYSTANIA ZE STO\u0141\u00d3WKI SZKOLNEJ ZA\u0141\u0104CZNIK NR 1 ZA\u0141\u0104CZNIK NR 2 Informacja dotycz\u0105ca obiad\u00f3w w szkolnej sto\u0142\u00f3wce. Op\u0142aty za obiady nale\u017cy wp\u0142aca\u0107 na konto w terminie: do 5 wrze\u015bnia za wrzesie\u0144 i do 5&hellip; Continue Reading Informacja dotycz\u0105ca obiad\u00f3w w szkolnej sto\u0142\u00f3wce.\" \/>\n<meta property=\"og:url\" content=\"https:\/\/sp58lodz.edu.pl\/?page_id=409\" \/>\n<meta property=\"og:site_name\" content=\"Szko\u0142a Podstawowa nr 58 im. Melchiora Wa\u0144kowicza w \u0141odzi\" \/>\n<meta property=\"article:modified_time\" content=\"2025-08-27T09:33:14+00:00\" \/>\n<meta name=\"twitter:card\" content=\"summary_large_image\" \/>\n<meta name=\"twitter:label1\" content=\"Szacowany czas czytania\" \/>\n\t<meta name=\"twitter:data1\" content=\"3 minuty\" \/>\n<script type=\"application\/ld+json\" class=\"yoast-schema-graph\">{\"@context\":\"https:\\\/\\\/schema.org\",\"@graph\":[{\"@type\":\"WebPage\",\"@id\":\"https:\\\/\\\/sp58lodz.edu.pl\\\/?page_id=409\",\"url\":\"https:\\\/\\\/sp58lodz.edu.pl\\\/?page_id=409\",\"name\":\"Informacja dotycz\u0105ca obiad\u00f3w w szkolnej sto\u0142\u00f3wce. - Szko\u0142a Podstawowa nr 58 im. Melchiora Wa\u0144kowicza w \u0141odzi\",\"isPartOf\":{\"@id\":\"https:\\\/\\\/sp58lodz.edu.pl\\\/#website\"},\"datePublished\":\"2019-01-25T09:07:11+00:00\",\"dateModified\":\"2025-08-27T09:33:14+00:00\",\"breadcrumb\":{\"@id\":\"https:\\\/\\\/sp58lodz.edu.pl\\\/?page_id=409#breadcrumb\"},\"inLanguage\":\"pl-PL\",\"potentialAction\":[{\"@type\":\"ReadAction\",\"target\":[\"https:\\\/\\\/sp58lodz.edu.pl\\\/?page_id=409\"]}]},{\"@type\":\"BreadcrumbList\",\"@id\":\"https:\\\/\\\/sp58lodz.edu.pl\\\/?page_id=409#breadcrumb\",\"itemListElement\":[{\"@type\":\"ListItem\",\"position\":1,\"name\":\"Strona g\u0142\u00f3wna\",\"item\":\"https:\\\/\\\/sp58lodz.edu.pl\\\/\"},{\"@type\":\"ListItem\",\"position\":2,\"name\":\"Informacja dotycz\u0105ca obiad\u00f3w w szkolnej sto\u0142\u00f3wce.\"}]},{\"@type\":\"WebSite\",\"@id\":\"https:\\\/\\\/sp58lodz.edu.pl\\\/#website\",\"url\":\"https:\\\/\\\/sp58lodz.edu.pl\\\/\",\"name\":\"Szko\u0142a Podstawowa nr 58 im. Melchiora Wa\u0144kowicza w \u0141odzi\",\"description\":\"Strona Szko\u0142y Podstawowej nr 58 w \u0141odzi\",\"publisher\":{\"@id\":\"https:\\\/\\\/sp58lodz.edu.pl\\\/#organization\"},\"potentialAction\":[{\"@type\":\"SearchAction\",\"target\":{\"@type\":\"EntryPoint\",\"urlTemplate\":\"https:\\\/\\\/sp58lodz.edu.pl\\\/?s={search_term_string}\"},\"query-input\":{\"@type\":\"PropertyValueSpecification\",\"valueRequired\":true,\"valueName\":\"search_term_string\"}}],\"inLanguage\":\"pl-PL\"},{\"@type\":\"Organization\",\"@id\":\"https:\\\/\\\/sp58lodz.edu.pl\\\/#organization\",\"name\":\"Szko\u0142a Podstawowa nr 58 im. Melchiora Wa\u0144kowicza w \u0141odzi\",\"url\":\"https:\\\/\\\/sp58lodz.edu.pl\\\/\",\"logo\":{\"@type\":\"ImageObject\",\"inLanguage\":\"pl-PL\",\"@id\":\"https:\\\/\\\/sp58lodz.edu.pl\\\/#\\\/schema\\\/logo\\\/image\\\/\",\"url\":\"https:\\\/\\\/sp58lodz.edu.pl\\\/wp-content\\\/uploads\\\/2019\\\/01\\\/cropped-cropped-logo_pat-e1601973191516.png\",\"contentUrl\":\"https:\\\/\\\/sp58lodz.edu.pl\\\/wp-content\\\/uploads\\\/2019\\\/01\\\/cropped-cropped-logo_pat-e1601973191516.png\",\"width\":140,\"height\":140,\"caption\":\"Szko\u0142a Podstawowa nr 58 im. Melchiora Wa\u0144kowicza w \u0141odzi\"},\"image\":{\"@id\":\"https:\\\/\\\/sp58lodz.edu.pl\\\/#\\\/schema\\\/logo\\\/image\\\/\"}}]}<\/script>\n<!-- \/ Yoast SEO plugin. -->","yoast_head_json":{"title":"Informacja dotycz\u0105ca obiad\u00f3w w szkolnej sto\u0142\u00f3wce. - Szko\u0142a Podstawowa nr 58 im. Melchiora Wa\u0144kowicza w \u0141odzi","robots":{"index":"index","follow":"follow","max-snippet":"max-snippet:-1","max-image-preview":"max-image-preview:large","max-video-preview":"max-video-preview:-1"},"canonical":"https:\/\/sp58lodz.edu.pl\/?page_id=409","og_locale":"pl_PL","og_type":"article","og_title":"Informacja dotycz\u0105ca obiad\u00f3w w szkolnej sto\u0142\u00f3wce. - Szko\u0142a Podstawowa nr 58 im. Melchiora Wa\u0144kowicza w \u0141odzi","og_description":"Informacja dotycz\u0105ca obiad\u00f3w w szkolnej sto\u0142\u00f3wce. REGULAMIN KORZYSTANIA ZE STO\u0141\u00d3WKI SZKOLNEJ ZA\u0141\u0104CZNIK NR 1 ZA\u0141\u0104CZNIK NR 2 Informacja dotycz\u0105ca obiad\u00f3w w szkolnej sto\u0142\u00f3wce. Op\u0142aty za obiady nale\u017cy wp\u0142aca\u0107 na konto w terminie: do 5 wrze\u015bnia za wrzesie\u0144 i do 5&hellip; Continue Reading Informacja dotycz\u0105ca obiad\u00f3w w szkolnej sto\u0142\u00f3wce.","og_url":"https:\/\/sp58lodz.edu.pl\/?page_id=409","og_site_name":"Szko\u0142a Podstawowa nr 58 im. Melchiora Wa\u0144kowicza w \u0141odzi","article_modified_time":"2025-08-27T09:33:14+00:00","twitter_card":"summary_large_image","twitter_misc":{"Szacowany czas czytania":"3 minuty"},"schema":{"@context":"https:\/\/schema.org","@graph":[{"@type":"WebPage","@id":"https:\/\/sp58lodz.edu.pl\/?page_id=409","url":"https:\/\/sp58lodz.edu.pl\/?page_id=409","name":"Informacja dotycz\u0105ca obiad\u00f3w w szkolnej sto\u0142\u00f3wce. - Szko\u0142a Podstawowa nr 58 im. Melchiora Wa\u0144kowicza w \u0141odzi","isPartOf":{"@id":"https:\/\/sp58lodz.edu.pl\/#website"},"datePublished":"2019-01-25T09:07:11+00:00","dateModified":"2025-08-27T09:33:14+00:00","breadcrumb":{"@id":"https:\/\/sp58lodz.edu.pl\/?page_id=409#breadcrumb"},"inLanguage":"pl-PL","potentialAction":[{"@type":"ReadAction","target":["https:\/\/sp58lodz.edu.pl\/?page_id=409"]}]},{"@type":"BreadcrumbList","@id":"https:\/\/sp58lodz.edu.pl\/?page_id=409#breadcrumb","itemListElement":[{"@type":"ListItem","position":1,"name":"Strona g\u0142\u00f3wna","item":"https:\/\/sp58lodz.edu.pl\/"},{"@type":"ListItem","position":2,"name":"Informacja dotycz\u0105ca obiad\u00f3w w szkolnej sto\u0142\u00f3wce."}]},{"@type":"WebSite","@id":"https:\/\/sp58lodz.edu.pl\/#website","url":"https:\/\/sp58lodz.edu.pl\/","name":"Szko\u0142a Podstawowa nr 58 im. Melchiora Wa\u0144kowicza w \u0141odzi","description":"Strona Szko\u0142y Podstawowej nr 58 w \u0141odzi","publisher":{"@id":"https:\/\/sp58lodz.edu.pl\/#organization"},"potentialAction":[{"@type":"SearchAction","target":{"@type":"EntryPoint","urlTemplate":"https:\/\/sp58lodz.edu.pl\/?s={search_term_string}"},"query-input":{"@type":"PropertyValueSpecification","valueRequired":true,"valueName":"search_term_string"}}],"inLanguage":"pl-PL"},{"@type":"Organization","@id":"https:\/\/sp58lodz.edu.pl\/#organization","name":"Szko\u0142a Podstawowa nr 58 im. Melchiora Wa\u0144kowicza w \u0141odzi","url":"https:\/\/sp58lodz.edu.pl\/","logo":{"@type":"ImageObject","inLanguage":"pl-PL","@id":"https:\/\/sp58lodz.edu.pl\/#\/schema\/logo\/image\/","url":"https:\/\/sp58lodz.edu.pl\/wp-content\/uploads\/2019\/01\/cropped-cropped-logo_pat-e1601973191516.png","contentUrl":"https:\/\/sp58lodz.edu.pl\/wp-content\/uploads\/2019\/01\/cropped-cropped-logo_pat-e1601973191516.png","width":140,"height":140,"caption":"Szko\u0142a Podstawowa nr 58 im. Melchiora Wa\u0144kowicza w \u0141odzi"},"image":{"@id":"https:\/\/sp58lodz.edu.pl\/#\/schema\/logo\/image\/"}}]}},"_links":{"self":[{"href":"https:\/\/sp58lodz.edu.pl\/index.php?rest_route=\/wp\/v2\/pages\/409","targetHints":{"allow":["GET"]}}],"collection":[{"href":"https:\/\/sp58lodz.edu.pl\/index.php?rest_route=\/wp\/v2\/pages"}],"about":[{"href":"https:\/\/sp58lodz.edu.pl\/index.php?rest_route=\/wp\/v2\/types\/page"}],"author":[{"embeddable":true,"href":"https:\/\/sp58lodz.edu.pl\/index.php?rest_route=\/wp\/v2\/users\/2"}],"replies":[{"embeddable":true,"href":"https:\/\/sp58lodz.edu.pl\/index.php?rest_route=%2Fwp%2Fv2%2Fcomments&post=409"}],"version-history":[{"count":16,"href":"https:\/\/sp58lodz.edu.pl\/index.php?rest_route=\/wp\/v2\/pages\/409\/revisions"}],"predecessor-version":[{"id":7558,"href":"https:\/\/sp58lodz.edu.pl\/index.php?rest_route=\/wp\/v2\/pages\/409\/revisions\/7558"}],"wp:attachment":[{"href":"https:\/\/sp58lodz.edu.pl\/index.php?rest_route=%2Fwp%2Fv2%2Fmedia&parent=409"}],"curies":[{"name":"wp","href":"https:\/\/api.w.org\/{rel}","templated":true}]}}