{"id":389,"date":"2019-01-25T08:53:27","date_gmt":"2019-01-25T08:53:27","guid":{"rendered":"http:\/\/sp58lodz.edu.pl\/?page_id=389"},"modified":"2025-09-09T09:27:32","modified_gmt":"2025-09-09T08:27:32","slug":"pedagog","status":"publish","type":"page","link":"https:\/\/sp58lodz.edu.pl\/?page_id=389","title":{"rendered":"Pedagog, pedagog specjalny, psycholog"},"content":{"rendered":"\n<p class=\"has-text-align-center\">Wsparcie, doradztwo i konsultacje dla uczni\u00f3w, rodzic\u00f3w i nauczycieli w obszarach:<\/p>\n\n\n\n<p>&#8211; radzenia sobie z emocjami dzieci,<\/p>\n\n\n\n<p>&#8211; trudno\u015bciach adaptacyjnych, konflikt\u00f3w mi\u0119dzyr\u00f3wie\u015bniczych,<\/p>\n\n\n\n<p>&#8211; trudno\u015bciach edukacyjnych, z koncentracj\u0105 uwagi,<\/p>\n\n\n\n<p>&#8211; wsp\u00f3\u0142praca z instytucjami wspomagaj\u0105cymi szko\u0142\u0119 w temacie diagnozy uczni\u00f3w m.in. z poradni\u0105 pedagogiczno-psychologiczn\u0105,<\/p>\n\n\n\n<p class=\"has-text-align-center\">&#8211; dostosowania wymaga\u0144 edukacyjnych do potrzeb i mo\u017cliwo\u015bci uczni\u00f3w<br><\/p>\n\n\n\n<p class=\"has-text-align-center\"><strong>Dy\u017cury:<\/strong><\/p>\n\n\n\n<p>Godziny pracy pedagoga, pedagoga specjalnego, psychologa<\/p>\n\n\n\n<p><\/p>\n\n\n\n<figure class=\"wp-block-table\"><table class=\"has-fixed-layout\"><tbody><tr><td><strong>DZIE\u0143 TYGODNIA<\/strong><\/td><td><strong>Psycholog<\/strong><br><strong>Aleksandra Zawada<\/strong><\/td><td><strong>Pedagog<\/strong><br><strong>Anna Krasnopolska<\/strong><\/td><td><strong>Pedagog specjalny<\/strong><br><strong>Anna W\u0142adysiak<\/strong><\/td><\/tr><tr><td><strong>Poniedzia\u0142ek<\/strong><\/td><td>8.30 &#8211; 11.40<\/td><td>7.20 &#8211; 12.25<\/td><td>8.00 &#8211; 14.00<\/td><\/tr><tr><td><strong>Wtorek<\/strong><\/td><td>11.00 &#8211; 14.30<\/td><td>7.20 &#8211; 12.25<\/td><td>11.00 &#8211; 16.00<\/td><\/tr><tr><td><strong>\u015aroda<\/strong><\/td><td>7.20 &#8211; 10.00<\/td><td>8.30 &#8211; 13.30<\/td><td>8.00 &#8211; 13.00<\/td><\/tr><tr><td><strong>Czwartek<\/strong><\/td><td>8.00 &#8211; 15.00<\/td><td>12.00 &#8211; 16.00<\/td><td>7.20 &#8211; 12.40<\/td><\/tr><tr><td><strong>Pi\u0105tek<\/strong><\/td><td>7.20 &#8211; 13.10<\/td><td>8.30 &#8211; 12.30<\/td><td>9.50 &#8211; 14.50<\/td><\/tr><\/tbody><\/table><\/figure>\n\n\n\n<p>Psycholog PPP2 Joanna Cimoszko &#8211; wtorek dy\u017cur<\/p>\n\n\n\n<p><strong>INSTYTUCJE POMOCOWE<\/strong><br><br><strong>Miejski O\u015brodek Pomocy Spo\u0142ecznej<\/strong><br>ul. Tybury 16 w&nbsp;\u0141odzi, tel. 0-42 640 70 07<\/p>\n\n\n\n<p><strong>Caritas Archidiecezji \u0141\u00f3dzkiej<\/strong><br>ul. Gda\u0144ska 111 tel. 0-42 639 95 81, 0-42 639 95 81 82<br><br><em>Pomoc samotnym i&nbsp;potrzebuj\u0105cym w&nbsp;postaci przydzielania odzie\u017cy, obuwia,<br>\u017cywno\u015bci, sprz\u0119tu gospodarstwa domowego, organizacja zaj\u0119\u0107 dla dzieci, zaj\u0119cia terapeutyczne.<\/em><\/p>\n\n\n\n<p><br><strong>Polski Czerwony Krzy\u017c. \u0141\u00f3dzki Zarz\u0105d Okr\u0119gowy<\/strong><br>90-037 \u0141\u00f3d\u017a ul. Wysoka 44, tel. 0-42 636 11 22<br><br><em>Dzia\u0142ania podejmowane s\u0105 na rzecz os\u00f3b najbardziej potrzebuj\u0105cych, ubogich, chorych,<br>niepe\u0142nosprawnych oraz mniejszo\u015bci narodowych.<\/em><\/p>\n\n\n\n<p><br><strong>Centrum S\u0142u\u017cby Rodzinie<\/strong><br>ul. Broniewskiego 1a w&nbsp;\u0141odzi, tel. 0-42 682 20 22, 0-42 684 14 60&nbsp;<br><br><em>Pomoc osobom i&nbsp;rodzinom w&nbsp;tworzeniu godnych warunk\u00f3w \u017cycia i&nbsp;rozwoju, promocja rodziny oraz udzielanie wsparcia rodzinom w&nbsp;sytuacjach kryzysowych.<br><br><\/em><br><em>Pomoc spo\u0142eczna, w&nbsp;tym pomoc rodzinom i&nbsp;osobom w&nbsp;trudnej sytuacji \u017cyciowej, dzia\u0142ania na rzecz os\u00f3b niepe\u0142nosprawnych, dzia\u0142alno\u015b\u0107 charytatywna.<br><\/em><br><strong>Fundacja Centrum Praw Kobiet Oddzia\u0142 w&nbsp;\u0141odzi<\/strong><br>ul. Piotrkowska 115 w&nbsp;\u0141odzi, tel.\/fax 0-42 633 34 11, 0-42 633 34 40<br><br><em>Pomoc prawna i&nbsp;psychologiczna ofiarom przemocy i&nbsp;dyskryminacji, podnoszenie znajomo\u015bci prawa przez kobiety i&nbsp;mo\u017cliwo\u015bci korzystania z&nbsp;przys\u0142uguj\u0105cych im praw.<br><\/em><br><strong>Fundacja \u201eUwolnienie\u201d<\/strong><br>ul. Inowroc\u0142awska 5a w&nbsp;\u0141odzi, tel.\/fax 0-42 640 62 40<br><br><em>Pomoc osobom uzale\u017cnionym i&nbsp;zagro\u017conym uzale\u017cnieniem.<br><\/em><br><strong>O\u015brodek Rehabilitacyjno-Readaptacyjny \u201eMonar\u201d Dla Dzieci i&nbsp;M\u0142odzie\u017cy<\/strong><br>ul. Tuszy\u0144ska 106 w&nbsp;\u0141odzi, tel. 0-42 646 40 12, 0-42 645 98 32<br><br><strong>Komisariat V Policji KMP W&nbsp;\u0141odzi<\/strong><br>ul. Organizacji WiN 60 w&nbsp;\u0141odzi, Dy\u017curny Komisariatu: tel. 0-42 665 15 56, 0-42 640 69 30<br><br><strong>Poradnia Psychologiczno-Pedagogiczna nr 1<\/strong><br>ul. Hipoteczna 3\/5, tel.\/fax 0-42 651 49 72, tel. 0-42 651 36 52<br><br><strong>Poradnia Psychologiczno-Pedagogiczna nr 2<\/strong><br>ul. Motylowa 3, tel.\/fax 0-42 659 15 81,<strong>Poradnia Psychologiczno-Pedagogiczna dla M\u0142odzie\u017cy&nbsp;<\/strong><br>ul. Wyszy\u0144skiego 86, tel.\/fax 0-42 688 16 68,<\/p>\n\n\n\n<p><strong>Specjalistyczna Poradnia Psychologiczno-Pedagogiczna Doradztwa Zawodowego i&nbsp;Dla Dzieci z&nbsp;Wadami Rozwoju&nbsp;<\/strong><br>ul. Wyszy\u0144skiego 86, tel.\/fax 0-42 688 20 70,<\/p>\n\n\n\n<p><strong>Miejski O\u015brodek Profilaktyki Zdrowotnej w&nbsp;\u0141odzi<\/strong><br>ul. Piotrkowska 102, tel. 0-42 630 11 02<br><br>W ramach Miejskiego O\u015brodka Profilaktyki Zdrowotnej dzia\u0142aj\u0105:<\/p>\n\n\n\n<ul class=\"wp-block-list\">\n<li>Punkt konsultacyjny dla os\u00f3b dotkni\u0119tych przemoc\u0105: tel. 0 42 633 26 12<\/li>\n\n\n\n<li>Centrum Mediacji: tel. 0-42 633 05 6<\/li>\n\n\n\n<li>O\u015brodek Interwencji Kryzysowej: tel. 0-42 630 11 02<\/li>\n<\/ul>\n\n\n\n<p><br><strong>Poradnia Zdrowia Psychicznego dla Dzieci<\/strong><br>ul. Sieradzka 11 w&nbsp;\u0141odzi, tel. 0-42 679 02 13<br><br><br><strong>Og\u00f3lnopolskie Pogotowie dla Ofiar Przemocy w&nbsp;Rodzinie \u201eNiebieska Linia\u201d<\/strong><br>tel. 0-801 12 00 02 \u2013 po\u0142\u0105czenie nieodp\u0142atne lub odp\u0142atne 0-22 666 00 60<br><br><br><strong>Profesjonalny Og\u00f3lnoproblemowy Telefon Zaufania<\/strong><br>tel. 0-42 92 88<br><br><em>Pomoc psychologiczna w&nbsp;sytuacjach kryzysowych, udzielanie informacji o&nbsp;instytucjach pomocowych<\/em><br><br><strong>Telefon dla Os\u00f3b z&nbsp;Problemem Alkoholowym i&nbsp;ich Rodzin<\/strong><br>tel. 0-42 632 44 77<br><br><strong>Telefon Zaufania dla dzieci, m\u0142odzie\u017cy oraz rodzin z&nbsp;problemem uzale\u017cnienia<\/strong><br>tel. 0-42 630 21 54<br><br><strong>Dzieci\u0119cy Telefon Zaufania Rzecznika Praw Dziecka<\/strong><\/p>\n\n\n\n<p>tel. 800 12 12 12<\/p>\n","protected":false},"excerpt":{"rendered":"<p>Wsparcie, doradztwo i konsultacje dla uczni\u00f3w, rodzic\u00f3w i nauczycieli w obszarach: &#8211; radzenia sobie z emocjami dzieci, &#8211; trudno\u015bciach adaptacyjnych, konflikt\u00f3w mi\u0119dzyr\u00f3wie\u015bniczych, &#8211; trudno\u015bciach edukacyjnych, z koncentracj\u0105 uwagi, &#8211; wsp\u00f3\u0142praca z instytucjami wspomagaj\u0105cymi szko\u0142\u0119 w temacie diagnozy uczni\u00f3w m.in. z&hellip; <a class=\"continue\" href=\"https:\/\/sp58lodz.edu.pl\/?page_id=389\">Continue Reading<span> Pedagog, pedagog specjalny, psycholog<\/span><\/a><\/p>\n","protected":false},"author":2,"featured_media":0,"parent":27,"menu_order":0,"comment_status":"closed","ping_status":"closed","template":"","meta":{"footnotes":""},"class_list":["post-389","page","type-page","status-publish","hentry"],"yoast_head":"<!-- This site is optimized with the Yoast SEO plugin v27.5 - https:\/\/yoast.com\/product\/yoast-seo-wordpress\/ -->\n<title>Pedagog, pedagog specjalny, psycholog - Szko\u0142a Podstawowa nr 58 im. Melchiora Wa\u0144kowicza w \u0141odzi<\/title>\n<meta name=\"robots\" content=\"index, follow, max-snippet:-1, max-image-preview:large, max-video-preview:-1\" \/>\n<link rel=\"canonical\" href=\"https:\/\/sp58lodz.edu.pl\/?page_id=389\" \/>\n<meta property=\"og:locale\" content=\"pl_PL\" \/>\n<meta property=\"og:type\" content=\"article\" \/>\n<meta property=\"og:title\" content=\"Pedagog, pedagog specjalny, psycholog - Szko\u0142a Podstawowa nr 58 im. Melchiora Wa\u0144kowicza w \u0141odzi\" \/>\n<meta property=\"og:description\" content=\"Wsparcie, doradztwo i konsultacje dla uczni\u00f3w, rodzic\u00f3w i nauczycieli w obszarach: &#8211; radzenia sobie z emocjami dzieci, &#8211; trudno\u015bciach adaptacyjnych, konflikt\u00f3w mi\u0119dzyr\u00f3wie\u015bniczych, &#8211; trudno\u015bciach edukacyjnych, z koncentracj\u0105 uwagi, &#8211; wsp\u00f3\u0142praca z instytucjami wspomagaj\u0105cymi szko\u0142\u0119 w temacie diagnozy uczni\u00f3w m.in. z&hellip; Continue Reading Pedagog, pedagog specjalny, psycholog\" \/>\n<meta property=\"og:url\" content=\"https:\/\/sp58lodz.edu.pl\/?page_id=389\" \/>\n<meta property=\"og:site_name\" content=\"Szko\u0142a Podstawowa nr 58 im. Melchiora Wa\u0144kowicza w \u0141odzi\" \/>\n<meta property=\"article:modified_time\" content=\"2025-09-09T08:27:32+00:00\" \/>\n<meta name=\"twitter:card\" content=\"summary_large_image\" \/>\n<meta name=\"twitter:label1\" content=\"Szacowany czas czytania\" \/>\n\t<meta name=\"twitter:data1\" content=\"4 minuty\" \/>\n<script type=\"application\/ld+json\" class=\"yoast-schema-graph\">{\"@context\":\"https:\\\/\\\/schema.org\",\"@graph\":[{\"@type\":\"WebPage\",\"@id\":\"https:\\\/\\\/sp58lodz.edu.pl\\\/?page_id=389\",\"url\":\"https:\\\/\\\/sp58lodz.edu.pl\\\/?page_id=389\",\"name\":\"Pedagog, pedagog specjalny, psycholog - Szko\u0142a Podstawowa nr 58 im. Melchiora Wa\u0144kowicza w \u0141odzi\",\"isPartOf\":{\"@id\":\"https:\\\/\\\/sp58lodz.edu.pl\\\/#website\"},\"datePublished\":\"2019-01-25T08:53:27+00:00\",\"dateModified\":\"2025-09-09T08:27:32+00:00\",\"breadcrumb\":{\"@id\":\"https:\\\/\\\/sp58lodz.edu.pl\\\/?page_id=389#breadcrumb\"},\"inLanguage\":\"pl-PL\",\"potentialAction\":[{\"@type\":\"ReadAction\",\"target\":[\"https:\\\/\\\/sp58lodz.edu.pl\\\/?page_id=389\"]}]},{\"@type\":\"BreadcrumbList\",\"@id\":\"https:\\\/\\\/sp58lodz.edu.pl\\\/?page_id=389#breadcrumb\",\"itemListElement\":[{\"@type\":\"ListItem\",\"position\":1,\"name\":\"Strona g\u0142\u00f3wna\",\"item\":\"https:\\\/\\\/sp58lodz.edu.pl\\\/\"},{\"@type\":\"ListItem\",\"position\":2,\"name\":\"O szkole\",\"item\":\"https:\\\/\\\/sp58lodz.edu.pl\\\/?page_id=27\"},{\"@type\":\"ListItem\",\"position\":3,\"name\":\"Pedagog, pedagog specjalny, psycholog\"}]},{\"@type\":\"WebSite\",\"@id\":\"https:\\\/\\\/sp58lodz.edu.pl\\\/#website\",\"url\":\"https:\\\/\\\/sp58lodz.edu.pl\\\/\",\"name\":\"Szko\u0142a Podstawowa nr 58 im. Melchiora Wa\u0144kowicza w \u0141odzi\",\"description\":\"Strona Szko\u0142y Podstawowej nr 58 w \u0141odzi\",\"publisher\":{\"@id\":\"https:\\\/\\\/sp58lodz.edu.pl\\\/#organization\"},\"potentialAction\":[{\"@type\":\"SearchAction\",\"target\":{\"@type\":\"EntryPoint\",\"urlTemplate\":\"https:\\\/\\\/sp58lodz.edu.pl\\\/?s={search_term_string}\"},\"query-input\":{\"@type\":\"PropertyValueSpecification\",\"valueRequired\":true,\"valueName\":\"search_term_string\"}}],\"inLanguage\":\"pl-PL\"},{\"@type\":\"Organization\",\"@id\":\"https:\\\/\\\/sp58lodz.edu.pl\\\/#organization\",\"name\":\"Szko\u0142a Podstawowa nr 58 im. Melchiora Wa\u0144kowicza w \u0141odzi\",\"url\":\"https:\\\/\\\/sp58lodz.edu.pl\\\/\",\"logo\":{\"@type\":\"ImageObject\",\"inLanguage\":\"pl-PL\",\"@id\":\"https:\\\/\\\/sp58lodz.edu.pl\\\/#\\\/schema\\\/logo\\\/image\\\/\",\"url\":\"https:\\\/\\\/sp58lodz.edu.pl\\\/wp-content\\\/uploads\\\/2019\\\/01\\\/cropped-cropped-logo_pat-e1601973191516.png\",\"contentUrl\":\"https:\\\/\\\/sp58lodz.edu.pl\\\/wp-content\\\/uploads\\\/2019\\\/01\\\/cropped-cropped-logo_pat-e1601973191516.png\",\"width\":140,\"height\":140,\"caption\":\"Szko\u0142a Podstawowa nr 58 im. Melchiora Wa\u0144kowicza w \u0141odzi\"},\"image\":{\"@id\":\"https:\\\/\\\/sp58lodz.edu.pl\\\/#\\\/schema\\\/logo\\\/image\\\/\"}}]}<\/script>\n<!-- \/ Yoast SEO plugin. -->","yoast_head_json":{"title":"Pedagog, pedagog specjalny, psycholog - Szko\u0142a Podstawowa nr 58 im. Melchiora Wa\u0144kowicza w \u0141odzi","robots":{"index":"index","follow":"follow","max-snippet":"max-snippet:-1","max-image-preview":"max-image-preview:large","max-video-preview":"max-video-preview:-1"},"canonical":"https:\/\/sp58lodz.edu.pl\/?page_id=389","og_locale":"pl_PL","og_type":"article","og_title":"Pedagog, pedagog specjalny, psycholog - Szko\u0142a Podstawowa nr 58 im. Melchiora Wa\u0144kowicza w \u0141odzi","og_description":"Wsparcie, doradztwo i konsultacje dla uczni\u00f3w, rodzic\u00f3w i nauczycieli w obszarach: &#8211; radzenia sobie z emocjami dzieci, &#8211; trudno\u015bciach adaptacyjnych, konflikt\u00f3w mi\u0119dzyr\u00f3wie\u015bniczych, &#8211; trudno\u015bciach edukacyjnych, z koncentracj\u0105 uwagi, &#8211; wsp\u00f3\u0142praca z instytucjami wspomagaj\u0105cymi szko\u0142\u0119 w temacie diagnozy uczni\u00f3w m.in. z&hellip; Continue Reading Pedagog, pedagog specjalny, psycholog","og_url":"https:\/\/sp58lodz.edu.pl\/?page_id=389","og_site_name":"Szko\u0142a Podstawowa nr 58 im. Melchiora Wa\u0144kowicza w \u0141odzi","article_modified_time":"2025-09-09T08:27:32+00:00","twitter_card":"summary_large_image","twitter_misc":{"Szacowany czas czytania":"4 minuty"},"schema":{"@context":"https:\/\/schema.org","@graph":[{"@type":"WebPage","@id":"https:\/\/sp58lodz.edu.pl\/?page_id=389","url":"https:\/\/sp58lodz.edu.pl\/?page_id=389","name":"Pedagog, pedagog specjalny, psycholog - Szko\u0142a Podstawowa nr 58 im. Melchiora Wa\u0144kowicza w \u0141odzi","isPartOf":{"@id":"https:\/\/sp58lodz.edu.pl\/#website"},"datePublished":"2019-01-25T08:53:27+00:00","dateModified":"2025-09-09T08:27:32+00:00","breadcrumb":{"@id":"https:\/\/sp58lodz.edu.pl\/?page_id=389#breadcrumb"},"inLanguage":"pl-PL","potentialAction":[{"@type":"ReadAction","target":["https:\/\/sp58lodz.edu.pl\/?page_id=389"]}]},{"@type":"BreadcrumbList","@id":"https:\/\/sp58lodz.edu.pl\/?page_id=389#breadcrumb","itemListElement":[{"@type":"ListItem","position":1,"name":"Strona g\u0142\u00f3wna","item":"https:\/\/sp58lodz.edu.pl\/"},{"@type":"ListItem","position":2,"name":"O szkole","item":"https:\/\/sp58lodz.edu.pl\/?page_id=27"},{"@type":"ListItem","position":3,"name":"Pedagog, pedagog specjalny, psycholog"}]},{"@type":"WebSite","@id":"https:\/\/sp58lodz.edu.pl\/#website","url":"https:\/\/sp58lodz.edu.pl\/","name":"Szko\u0142a Podstawowa nr 58 im. Melchiora Wa\u0144kowicza w \u0141odzi","description":"Strona Szko\u0142y Podstawowej nr 58 w \u0141odzi","publisher":{"@id":"https:\/\/sp58lodz.edu.pl\/#organization"},"potentialAction":[{"@type":"SearchAction","target":{"@type":"EntryPoint","urlTemplate":"https:\/\/sp58lodz.edu.pl\/?s={search_term_string}"},"query-input":{"@type":"PropertyValueSpecification","valueRequired":true,"valueName":"search_term_string"}}],"inLanguage":"pl-PL"},{"@type":"Organization","@id":"https:\/\/sp58lodz.edu.pl\/#organization","name":"Szko\u0142a Podstawowa nr 58 im. Melchiora Wa\u0144kowicza w \u0141odzi","url":"https:\/\/sp58lodz.edu.pl\/","logo":{"@type":"ImageObject","inLanguage":"pl-PL","@id":"https:\/\/sp58lodz.edu.pl\/#\/schema\/logo\/image\/","url":"https:\/\/sp58lodz.edu.pl\/wp-content\/uploads\/2019\/01\/cropped-cropped-logo_pat-e1601973191516.png","contentUrl":"https:\/\/sp58lodz.edu.pl\/wp-content\/uploads\/2019\/01\/cropped-cropped-logo_pat-e1601973191516.png","width":140,"height":140,"caption":"Szko\u0142a Podstawowa nr 58 im. Melchiora Wa\u0144kowicza w \u0141odzi"},"image":{"@id":"https:\/\/sp58lodz.edu.pl\/#\/schema\/logo\/image\/"}}]}},"_links":{"self":[{"href":"https:\/\/sp58lodz.edu.pl\/index.php?rest_route=\/wp\/v2\/pages\/389","targetHints":{"allow":["GET"]}}],"collection":[{"href":"https:\/\/sp58lodz.edu.pl\/index.php?rest_route=\/wp\/v2\/pages"}],"about":[{"href":"https:\/\/sp58lodz.edu.pl\/index.php?rest_route=\/wp\/v2\/types\/page"}],"author":[{"embeddable":true,"href":"https:\/\/sp58lodz.edu.pl\/index.php?rest_route=\/wp\/v2\/users\/2"}],"replies":[{"embeddable":true,"href":"https:\/\/sp58lodz.edu.pl\/index.php?rest_route=%2Fwp%2Fv2%2Fcomments&post=389"}],"version-history":[{"count":10,"href":"https:\/\/sp58lodz.edu.pl\/index.php?rest_route=\/wp\/v2\/pages\/389\/revisions"}],"predecessor-version":[{"id":7600,"href":"https:\/\/sp58lodz.edu.pl\/index.php?rest_route=\/wp\/v2\/pages\/389\/revisions\/7600"}],"up":[{"embeddable":true,"href":"https:\/\/sp58lodz.edu.pl\/index.php?rest_route=\/wp\/v2\/pages\/27"}],"wp:attachment":[{"href":"https:\/\/sp58lodz.edu.pl\/index.php?rest_route=%2Fwp%2Fv2%2Fmedia&parent=389"}],"curies":[{"name":"wp","href":"https:\/\/api.w.org\/{rel}","templated":true}]}}