{"id":3502,"date":"2021-03-31T14:15:12","date_gmt":"2021-03-31T13:15:12","guid":{"rendered":"https:\/\/sp58lodz.edu.pl\/?page_id=3502"},"modified":"2025-03-13T11:43:35","modified_gmt":"2025-03-13T10:43:35","slug":"dzialalnosc-szkoly","status":"publish","type":"page","link":"https:\/\/sp58lodz.edu.pl\/?page_id=3502","title":{"rendered":"Dzia\u0142alno\u015b\u0107 Szko\u0142y"},"content":{"rendered":"\n<figure class=\"wp-block-embed is-type-video is-provider-youtube wp-block-embed-youtube wp-embed-aspect-16-9 wp-has-aspect-ratio\"><div class=\"wp-block-embed__wrapper\">\n<iframe loading=\"lazy\" title=\"migowy movie\" width=\"847\" height=\"476\" src=\"https:\/\/www.youtube.com\/embed\/Fy_d5T8LnLM?feature=oembed\" frameborder=\"0\" allow=\"accelerometer; autoplay; clipboard-write; encrypted-media; gyroscope; picture-in-picture\" allowfullscreen><\/iframe>\n<\/div><\/figure>\n\n\n\n<p>Szko\u0142a Podstawowa nr 58 w \u0141odzi uczy dzieci, kt\u00f3re mieszkaj\u0105 blisko szko\u0142y.<\/p>\n\n\n\n<p>Uczniowie mog\u0105 je\u015b\u0107 obiady gotowane w szkole.<\/p>\n\n\n\n<p>Dzieci z klas 1 &#8211; 3 mog\u0105 ucz\u0119szcza\u0107 na \u015bwietlic\u0119 od 7.00 do 17.00<\/p>\n\n\n\n<p>Lekcje rozpoczynaj\u0105 si\u0119 o godzinie 8.00.<\/p>\n\n\n\n<p>Szko\u0142a ma dwa boiska i plac zabaw.<\/p>\n\n\n\n<p>Uczniowie i rodzice mog\u0105 korzysta\u0107 z pomocy pedagoga i psychologa.<\/p>\n\n\n\n<p>Szko\u0142a nie uczy dzieci g\u0142uchych i s\u0142abo s\u0142ysz\u0105cych.<\/p>\n\n\n\n<p>Skontaktuj si\u0119 z nami.<\/p>\n\n\n\n<p>Adres: \u0141\u00f3d\u017a ul. M\u0142ynarska 42\/46<\/p>\n\n\n\n<p>Napisz do nas:&nbsp;<a href=\"mailto:kontakt@sp58.elodz.edu.pl\" target=\"_blank\" rel=\"noreferrer noopener\">kontakt@sp58.elodz.edu.pl<\/a><\/p>\n\n\n\n<p>Wy\u015blij SMS: 789\u00a0232\u00a0874<\/p>\n\n\n\n<p>Zadzwo\u0144: 42&nbsp;655 34 50<\/p>\n\n\n\n<p>Nasza strona internetowa:&nbsp;<a href=\"http:\/\/www.sp58lodz.edu.pl\/\" target=\"_blank\" rel=\"noreferrer noopener\">www.sp58lodz.edu.pl<\/a><\/p>\n\n\n\n<p>Aby rozmawia\u0107 w j\u0119zyku migowym napisz do nas trzy dni wcze\u015bniej.<\/p>\n","protected":false},"excerpt":{"rendered":"<p>Szko\u0142a Podstawowa nr 58 w \u0141odzi uczy dzieci, kt\u00f3re mieszkaj\u0105 blisko szko\u0142y. Uczniowie mog\u0105 je\u015b\u0107 obiady gotowane w szkole. Dzieci z klas 1 &#8211; 3 mog\u0105 ucz\u0119szcza\u0107 na \u015bwietlic\u0119 od 7.00 do 17.00 Lekcje rozpoczynaj\u0105 si\u0119 o godzinie 8.00. Szko\u0142a&hellip; <a class=\"continue\" href=\"https:\/\/sp58lodz.edu.pl\/?page_id=3502\">Continue Reading<span> Dzia\u0142alno\u015b\u0107 Szko\u0142y<\/span><\/a><\/p>\n","protected":false},"author":2,"featured_media":0,"parent":0,"menu_order":0,"comment_status":"closed","ping_status":"closed","template":"","meta":{"footnotes":""},"class_list":["post-3502","page","type-page","status-publish","hentry"],"yoast_head":"<!-- This site is optimized with the Yoast SEO plugin v27.5 - https:\/\/yoast.com\/product\/yoast-seo-wordpress\/ -->\n<title>Dzia\u0142alno\u015b\u0107 Szko\u0142y - Szko\u0142a Podstawowa nr 58 im. Melchiora Wa\u0144kowicza w \u0141odzi<\/title>\n<meta name=\"robots\" content=\"index, follow, max-snippet:-1, max-image-preview:large, max-video-preview:-1\" \/>\n<link rel=\"canonical\" href=\"https:\/\/sp58lodz.edu.pl\/?page_id=3502\" \/>\n<meta property=\"og:locale\" content=\"pl_PL\" \/>\n<meta property=\"og:type\" content=\"article\" \/>\n<meta property=\"og:title\" content=\"Dzia\u0142alno\u015b\u0107 Szko\u0142y - Szko\u0142a Podstawowa nr 58 im. Melchiora Wa\u0144kowicza w \u0141odzi\" \/>\n<meta property=\"og:description\" content=\"Szko\u0142a Podstawowa nr 58 w \u0141odzi uczy dzieci, kt\u00f3re mieszkaj\u0105 blisko szko\u0142y. Uczniowie mog\u0105 je\u015b\u0107 obiady gotowane w szkole. Dzieci z klas 1 &#8211; 3 mog\u0105 ucz\u0119szcza\u0107 na \u015bwietlic\u0119 od 7.00 do 17.00 Lekcje rozpoczynaj\u0105 si\u0119 o godzinie 8.00. Szko\u0142a&hellip; Continue Reading Dzia\u0142alno\u015b\u0107 Szko\u0142y\" \/>\n<meta property=\"og:url\" content=\"https:\/\/sp58lodz.edu.pl\/?page_id=3502\" \/>\n<meta property=\"og:site_name\" content=\"Szko\u0142a Podstawowa nr 58 im. Melchiora Wa\u0144kowicza w \u0141odzi\" \/>\n<meta property=\"article:modified_time\" content=\"2025-03-13T10:43:35+00:00\" \/>\n<meta name=\"twitter:card\" content=\"summary_large_image\" \/>\n<meta name=\"twitter:label1\" content=\"Szacowany czas czytania\" \/>\n\t<meta name=\"twitter:data1\" content=\"1 minuta\" \/>\n<script type=\"application\/ld+json\" class=\"yoast-schema-graph\">{\"@context\":\"https:\\\/\\\/schema.org\",\"@graph\":[{\"@type\":\"WebPage\",\"@id\":\"https:\\\/\\\/sp58lodz.edu.pl\\\/?page_id=3502\",\"url\":\"https:\\\/\\\/sp58lodz.edu.pl\\\/?page_id=3502\",\"name\":\"Dzia\u0142alno\u015b\u0107 Szko\u0142y - Szko\u0142a Podstawowa nr 58 im. Melchiora Wa\u0144kowicza w \u0141odzi\",\"isPartOf\":{\"@id\":\"https:\\\/\\\/sp58lodz.edu.pl\\\/#website\"},\"datePublished\":\"2021-03-31T13:15:12+00:00\",\"dateModified\":\"2025-03-13T10:43:35+00:00\",\"breadcrumb\":{\"@id\":\"https:\\\/\\\/sp58lodz.edu.pl\\\/?page_id=3502#breadcrumb\"},\"inLanguage\":\"pl-PL\",\"potentialAction\":[{\"@type\":\"ReadAction\",\"target\":[\"https:\\\/\\\/sp58lodz.edu.pl\\\/?page_id=3502\"]}]},{\"@type\":\"BreadcrumbList\",\"@id\":\"https:\\\/\\\/sp58lodz.edu.pl\\\/?page_id=3502#breadcrumb\",\"itemListElement\":[{\"@type\":\"ListItem\",\"position\":1,\"name\":\"Strona g\u0142\u00f3wna\",\"item\":\"https:\\\/\\\/sp58lodz.edu.pl\\\/\"},{\"@type\":\"ListItem\",\"position\":2,\"name\":\"Dzia\u0142alno\u015b\u0107 Szko\u0142y\"}]},{\"@type\":\"WebSite\",\"@id\":\"https:\\\/\\\/sp58lodz.edu.pl\\\/#website\",\"url\":\"https:\\\/\\\/sp58lodz.edu.pl\\\/\",\"name\":\"Szko\u0142a Podstawowa nr 58 im. Melchiora Wa\u0144kowicza w \u0141odzi\",\"description\":\"Strona Szko\u0142y Podstawowej nr 58 w \u0141odzi\",\"publisher\":{\"@id\":\"https:\\\/\\\/sp58lodz.edu.pl\\\/#organization\"},\"potentialAction\":[{\"@type\":\"SearchAction\",\"target\":{\"@type\":\"EntryPoint\",\"urlTemplate\":\"https:\\\/\\\/sp58lodz.edu.pl\\\/?s={search_term_string}\"},\"query-input\":{\"@type\":\"PropertyValueSpecification\",\"valueRequired\":true,\"valueName\":\"search_term_string\"}}],\"inLanguage\":\"pl-PL\"},{\"@type\":\"Organization\",\"@id\":\"https:\\\/\\\/sp58lodz.edu.pl\\\/#organization\",\"name\":\"Szko\u0142a Podstawowa nr 58 im. Melchiora Wa\u0144kowicza w \u0141odzi\",\"url\":\"https:\\\/\\\/sp58lodz.edu.pl\\\/\",\"logo\":{\"@type\":\"ImageObject\",\"inLanguage\":\"pl-PL\",\"@id\":\"https:\\\/\\\/sp58lodz.edu.pl\\\/#\\\/schema\\\/logo\\\/image\\\/\",\"url\":\"https:\\\/\\\/sp58lodz.edu.pl\\\/wp-content\\\/uploads\\\/2019\\\/01\\\/cropped-cropped-logo_pat-e1601973191516.png\",\"contentUrl\":\"https:\\\/\\\/sp58lodz.edu.pl\\\/wp-content\\\/uploads\\\/2019\\\/01\\\/cropped-cropped-logo_pat-e1601973191516.png\",\"width\":140,\"height\":140,\"caption\":\"Szko\u0142a Podstawowa nr 58 im. Melchiora Wa\u0144kowicza w \u0141odzi\"},\"image\":{\"@id\":\"https:\\\/\\\/sp58lodz.edu.pl\\\/#\\\/schema\\\/logo\\\/image\\\/\"}}]}<\/script>\n<!-- \/ Yoast SEO plugin. -->","yoast_head_json":{"title":"Dzia\u0142alno\u015b\u0107 Szko\u0142y - Szko\u0142a Podstawowa nr 58 im. Melchiora Wa\u0144kowicza w \u0141odzi","robots":{"index":"index","follow":"follow","max-snippet":"max-snippet:-1","max-image-preview":"max-image-preview:large","max-video-preview":"max-video-preview:-1"},"canonical":"https:\/\/sp58lodz.edu.pl\/?page_id=3502","og_locale":"pl_PL","og_type":"article","og_title":"Dzia\u0142alno\u015b\u0107 Szko\u0142y - Szko\u0142a Podstawowa nr 58 im. Melchiora Wa\u0144kowicza w \u0141odzi","og_description":"Szko\u0142a Podstawowa nr 58 w \u0141odzi uczy dzieci, kt\u00f3re mieszkaj\u0105 blisko szko\u0142y. Uczniowie mog\u0105 je\u015b\u0107 obiady gotowane w szkole. Dzieci z klas 1 &#8211; 3 mog\u0105 ucz\u0119szcza\u0107 na \u015bwietlic\u0119 od 7.00 do 17.00 Lekcje rozpoczynaj\u0105 si\u0119 o godzinie 8.00. Szko\u0142a&hellip; Continue Reading Dzia\u0142alno\u015b\u0107 Szko\u0142y","og_url":"https:\/\/sp58lodz.edu.pl\/?page_id=3502","og_site_name":"Szko\u0142a Podstawowa nr 58 im. Melchiora Wa\u0144kowicza w \u0141odzi","article_modified_time":"2025-03-13T10:43:35+00:00","twitter_card":"summary_large_image","twitter_misc":{"Szacowany czas czytania":"1 minuta"},"schema":{"@context":"https:\/\/schema.org","@graph":[{"@type":"WebPage","@id":"https:\/\/sp58lodz.edu.pl\/?page_id=3502","url":"https:\/\/sp58lodz.edu.pl\/?page_id=3502","name":"Dzia\u0142alno\u015b\u0107 Szko\u0142y - Szko\u0142a Podstawowa nr 58 im. Melchiora Wa\u0144kowicza w \u0141odzi","isPartOf":{"@id":"https:\/\/sp58lodz.edu.pl\/#website"},"datePublished":"2021-03-31T13:15:12+00:00","dateModified":"2025-03-13T10:43:35+00:00","breadcrumb":{"@id":"https:\/\/sp58lodz.edu.pl\/?page_id=3502#breadcrumb"},"inLanguage":"pl-PL","potentialAction":[{"@type":"ReadAction","target":["https:\/\/sp58lodz.edu.pl\/?page_id=3502"]}]},{"@type":"BreadcrumbList","@id":"https:\/\/sp58lodz.edu.pl\/?page_id=3502#breadcrumb","itemListElement":[{"@type":"ListItem","position":1,"name":"Strona g\u0142\u00f3wna","item":"https:\/\/sp58lodz.edu.pl\/"},{"@type":"ListItem","position":2,"name":"Dzia\u0142alno\u015b\u0107 Szko\u0142y"}]},{"@type":"WebSite","@id":"https:\/\/sp58lodz.edu.pl\/#website","url":"https:\/\/sp58lodz.edu.pl\/","name":"Szko\u0142a Podstawowa nr 58 im. Melchiora Wa\u0144kowicza w \u0141odzi","description":"Strona Szko\u0142y Podstawowej nr 58 w \u0141odzi","publisher":{"@id":"https:\/\/sp58lodz.edu.pl\/#organization"},"potentialAction":[{"@type":"SearchAction","target":{"@type":"EntryPoint","urlTemplate":"https:\/\/sp58lodz.edu.pl\/?s={search_term_string}"},"query-input":{"@type":"PropertyValueSpecification","valueRequired":true,"valueName":"search_term_string"}}],"inLanguage":"pl-PL"},{"@type":"Organization","@id":"https:\/\/sp58lodz.edu.pl\/#organization","name":"Szko\u0142a Podstawowa nr 58 im. Melchiora Wa\u0144kowicza w \u0141odzi","url":"https:\/\/sp58lodz.edu.pl\/","logo":{"@type":"ImageObject","inLanguage":"pl-PL","@id":"https:\/\/sp58lodz.edu.pl\/#\/schema\/logo\/image\/","url":"https:\/\/sp58lodz.edu.pl\/wp-content\/uploads\/2019\/01\/cropped-cropped-logo_pat-e1601973191516.png","contentUrl":"https:\/\/sp58lodz.edu.pl\/wp-content\/uploads\/2019\/01\/cropped-cropped-logo_pat-e1601973191516.png","width":140,"height":140,"caption":"Szko\u0142a Podstawowa nr 58 im. Melchiora Wa\u0144kowicza w \u0141odzi"},"image":{"@id":"https:\/\/sp58lodz.edu.pl\/#\/schema\/logo\/image\/"}}]}},"_links":{"self":[{"href":"https:\/\/sp58lodz.edu.pl\/index.php?rest_route=\/wp\/v2\/pages\/3502","targetHints":{"allow":["GET"]}}],"collection":[{"href":"https:\/\/sp58lodz.edu.pl\/index.php?rest_route=\/wp\/v2\/pages"}],"about":[{"href":"https:\/\/sp58lodz.edu.pl\/index.php?rest_route=\/wp\/v2\/types\/page"}],"author":[{"embeddable":true,"href":"https:\/\/sp58lodz.edu.pl\/index.php?rest_route=\/wp\/v2\/users\/2"}],"replies":[{"embeddable":true,"href":"https:\/\/sp58lodz.edu.pl\/index.php?rest_route=%2Fwp%2Fv2%2Fcomments&post=3502"}],"version-history":[{"count":5,"href":"https:\/\/sp58lodz.edu.pl\/index.php?rest_route=\/wp\/v2\/pages\/3502\/revisions"}],"predecessor-version":[{"id":7157,"href":"https:\/\/sp58lodz.edu.pl\/index.php?rest_route=\/wp\/v2\/pages\/3502\/revisions\/7157"}],"wp:attachment":[{"href":"https:\/\/sp58lodz.edu.pl\/index.php?rest_route=%2Fwp%2Fv2%2Fmedia&parent=3502"}],"curies":[{"name":"wp","href":"https:\/\/api.w.org\/{rel}","templated":true}]}}