{"id":3440,"date":"2021-03-30T12:58:10","date_gmt":"2021-03-30T11:58:10","guid":{"rendered":"https:\/\/sp58lodz.edu.pl\/?page_id=3440"},"modified":"2023-04-03T06:20:54","modified_gmt":"2023-04-03T05:20:54","slug":"deklaracja-dostepnosci","status":"publish","type":"page","link":"https:\/\/sp58lodz.edu.pl\/?page_id=3440","title":{"rendered":"Deklaracja dost\u0119pno\u015bci"},"content":{"rendered":"\n<figure class=\"wp-block-embed is-type-video is-provider-youtube wp-block-embed-youtube wp-embed-aspect-16-9 wp-has-aspect-ratio\"><div class=\"wp-block-embed__wrapper\">\n<iframe loading=\"lazy\" title=\"migowy\" width=\"847\" height=\"476\" src=\"https:\/\/www.youtube.com\/embed\/IHJOqWHPvwg?feature=oembed\" frameborder=\"0\" allow=\"accelerometer; autoplay; clipboard-write; encrypted-media; gyroscope; picture-in-picture; web-share\" allowfullscreen><\/iframe>\n<\/div><\/figure>\n\n\n\n<h4 class=\"wp-block-heading\" id=\"a11y-wstep\">WST\u0118P<\/h4>\n\n\n\n<p><span id=\"a11y-podmiot\">Szko\u0142a Podstawowa nr 58 im. M.Wa\u0144kowicza w \u0141odzi<\/span>&nbsp;zobowi\u0105zuje si\u0119 zapewni\u0107 dost\u0119pno\u015b\u0107 swojej strony internetowej zgodnie z przepisami ustawy z dnia 4 kwietnia 2019 r. o dost\u0119pno\u015bci cyfrowej stron internetowych i aplikacji mobilnych podmiot\u00f3w publicznych. O\u015bwiadczenie w sprawie dost\u0119pno\u015bci ma zastosowanie do strony internetowej (<a href=\"https:\/\/sp58.elodz.edu.pl\">https:\/\/sp58.elodz.edu.pl<\/a>)&nbsp;Szko\u0142y Podstawowej nr 58 im. Melchiora Wa\u0144kowicza w \u0141odzi.<\/p>\n\n\n\n<p>Data publikacji strony internetowej:&nbsp;<span id=\"a11y-data-publikacja\">2019-02-01<\/span>. Data ostatniej istotnej aktualizacji:&nbsp;<span id=\"a11y-data-aktualizacja\">2021-03-30.<\/span><\/p>\n\n\n\n<p>Strona internetowa jest cz\u0119\u015bciowo zgodna z ustaw\u0105 z dnia 4 kwietnia 2019 r. o dost\u0119pno\u015bci cyfrowej stron internetowych i aplikacji mobilnych podmiot\u00f3w publicznych. Jest cz\u0119\u015bciowo niezgodna: filmy nie posiadaj\u0105 napis\u00f3w dla os\u00f3b g\u0142uchych i s\u0142abos\u0142ysz\u0105cych. Zosta\u0142y opublikowane przed wej\u015bciem w \u017cycie ustawy o dost\u0119pno\u015bci cyfrowej. Brak formularzy kontaktowych.<\/p>\n\n\n\n<p>O\u015bwiadczenie sporz\u0105dzono dnia: <span id=\"a11y-data-sporzadzenie\">2021-03-30.<\/span><\/p>\n\n\n\n<p>Deklaracj\u0119 sporz\u0105dzono na podstawie samooceny przeprowadzonej przez podmiot publiczny.<\/p>\n\n\n\n<p>Na stronie internetowej mo\u017cna korzysta\u0107 ze standardowych skr\u00f3t\u00f3w klawiaturowych.,tj.:<\/p>\n\n\n\n<ul class=\"wp-block-list\">\n<li>Ctrl++ (powi\u0119kszenie)<\/li>\n\n\n\n<li>Ctrl+- (pomniejszenie)<\/li>\n\n\n\n<li>Ctrl+0 (rozmiar pierwotny)<\/li>\n\n\n\n<li>F11 (tryb pe\u0142noekranowy)<\/li>\n\n\n\n<li>Ctrl+A (zaznaczenie wszystkiego)<\/li>\n\n\n\n<li>Ctrl+C (kopiowanie)<\/li>\n\n\n\n<li>Ctrl+S (zapisanie strony)<\/li>\n\n\n\n<li>Ctrl+F (szukanie na stronie)<\/li>\n\n\n\n<li>Ctrl+P (drukowanie)<\/li>\n\n\n\n<li>Ctrl+I (informacje o stronie)<\/li>\n\n\n\n<li>Ctrl+Shift+Q (zamkni\u0119cie)<\/li>\n<\/ul>\n\n\n\n<h4 class=\"wp-block-heading\" id=\"\u201ea11y-procedura\u201d\">INFORMACJE ZWROTNE I DANE KONTAKTOWE<\/h4>\n\n\n\n<p>W przypadku problem\u00f3w z dost\u0119pno\u015bci\u0105 strony internetowej prosimy o kontakt. Osob\u0105 kontaktow\u0105 jest <span id=\"a11y-osoba\">Ramona Ko\u0142odziejczyk<\/span>, adres poczty elektronicznej: <a id=\"ally-email\" href=\"mailto:kontakt@sp58.elodz.edu.pl\">kontakt@sp58.elodz.edu.pl<\/a>. Kontaktowa\u0107 mo\u017cna si\u0119 tak\u017ce dzwoni\u0105c na numer telefonu: <span id=\"a11y-telefon\">(426553450)<\/span>. T\u0105 sam\u0105 drog\u0105 mo\u017cna sk\u0142ada\u0107 wnioski o udost\u0119pnienie informacji niedost\u0119pnej oraz sk\u0142ada\u0107 skargi na brak zapewnienia dost\u0119pno\u015bci.<\/p>\n\n\n\n<p>Ka\u017cdy ma prawo do wyst\u0105pienia z \u017c\u0105daniem zapewnienia dost\u0119pno\u015bci cyfrowej strony internetowej, aplikacji mobilnej lub jakiego\u015b ich elementu. Mo\u017cna tak\u017ce za\u017c\u0105da\u0107 udost\u0119pnienia informacji za pomoc\u0105 alternatywnego sposobu dost\u0119pu, na przyk\u0142ad przez odczytanie niedost\u0119pnego cyfrowo dokumentu, opisanie zawarto\u015bci filmu bez audiodeskrypcji itp. \u017b\u0105danie powinno zawiera\u0107 dane osoby zg\u0142aszaj\u0105cej \u017c\u0105danie, wskazanie, o kt\u00f3r\u0105 stron\u0119 internetow\u0105 lub aplikacj\u0119 mobiln\u0105 chodzi oraz spos\u00f3b kontaktu. Je\u017celi osoba \u017c\u0105daj\u0105ca zg\u0142asza potrzeb\u0119 otrzymania informacji za pomoc\u0105 alternatywnego sposobu dost\u0119pu, powinna tak\u017ce okre\u015bli\u0107 dogodny dla niej spos\u00f3b przedstawienia tej informacji. Podmiot publiczny powinien zrealizowa\u0107 \u017c\u0105danie niezw\u0142ocznie, nie p\u00f3\u017aniej ni\u017c w ci\u0105gu 7 dni od dnia wyst\u0105pienia z \u017c\u0105daniem. Je\u017celi dotrzymanie tego terminu nie jest mo\u017cliwe, podmiot publiczny niezw\u0142ocznie informuje o tym wnosz\u0105cego \u017c\u0105danie, kiedy realizacja \u017c\u0105dania b\u0119dzie mo\u017cliwa, przy czym termin ten nie mo\u017ce by\u0107 d\u0142u\u017cszy ni\u017c 2 miesi\u0105ce od dnia wyst\u0105pienia z \u017c\u0105daniem. Je\u017celi zapewnienie dost\u0119pno\u015bci cyfrowej nie jest mo\u017cliwe, podmiot publiczny mo\u017ce zaproponowa\u0107 alternatywny spos\u00f3b dost\u0119pu do informacji.<\/p>\n\n\n\n<p>W przypadku, gdy podmiot publiczny odm\u00f3wi realizacji \u017c\u0105dania zapewnienia dost\u0119pno\u015bci lub alternatywnego sposobu dost\u0119pu do informacji, wnosz\u0105cy \u017c\u0105danie mo\u017cne z\u0142o\u017cy\u0107 skarg\u0119 w sprawie zapewniana dost\u0119pno\u015bci cyfrowej strony internetowej, aplikacji mobilnej lub elementu strony internetowej, lub aplikacji mobilnej.<\/p>\n\n\n\n<p>Po wyczerpaniu wskazanej wy\u017cej procedury mo\u017cna tak\u017ce z\u0142o\u017cy\u0107 wniosek do&nbsp;<a href=\"https:\/\/www.rpo.gov.pl\/pl\">Rzecznika Praw Obywatelskich<\/a>.<\/p>\n\n\n\n<h2 class=\"wp-block-heading\">Dzia\u0142 1. Dost\u0119pno\u015b\u0107 architektoniczna<\/h2>\n\n\n\n<p>Liczba budynk\u00f3w, w kt\u00f3rych podmiot prowadzi podstawow\u0105 dzia\u0142alno\u015b\u0107 i\/lub obs\u0142ug\u0119 interesant\u00f3w:  1<\/p>\n\n\n\n<ol class=\"wp-block-list\" type=\"1\">\n<li>Czy podmiot zapewnia w tym budynku (tych budynkach) wolne od barier poziome i pionowe przestrzenie komunikacyjne? &#8211; NIE <\/li>\n\n\n\n<li>Czy podmiot zastosowa\u0142 w tym budynku (tych budynkach) rozwi\u0105zania architektoniczne, \u015brodki techniczne lub posiada zainstalowane urz\u0105dzenia, kt\u00f3re umo\u017cliwiaj\u0105 dost\u0119p do wszystkich pomieszcze\u0144, z wy\u0142\u0105czeniem pomieszcze\u0144 technicznych?  -NIE<\/li>\n\n\n\n<li>Czy podmiot zapewnia w tym budynku (tych budynkach) informacj\u0119 na temat rozk\u0142adu pomieszcze\u0144, co najmniej w spos\u00f3b wizualny i dotykowy lub g\u0142osowy? &#8211; TAK<\/li>\n\n\n\n<li>Czy podmiot zapewnia (umo\u017cliwia, dopuszcza) wst\u0119p do tego budynku (tych budynk\u00f3w) osobie korzystaj\u0105cej z psa asystuj\u0105cego? &#8211; TAK<\/li>\n\n\n\n<li>Czy podmiot zapewnia w przypadku tego budynku (tych budynk\u00f3w) osobom ze szczeg\u00f3lnymi potrzebami mo\u017cliwo\u015b\u0107 ewakuacji lub uratowania w inny spos\u00f3b?- TAK<\/li>\n<\/ol>\n\n\n\n<p><strong>Komentarze i uwagi dotycz\u0105ce dost\u0119pno\u015bci architektonicznej<\/strong><\/p>\n\n\n\n<p>Budynek o czterech kondygnacjach, bez windy bez podobnych urz\u0105dze\u0144 transportowych, barierowy &#8211; schody przed wej\u015bciem do budynku. Pomieszczenia oznakowane wizualnie, personel przeszkolony do udzielania pomocy i wskaz\u00f3wek, przy wej\u015bciu zainstalowany system g\u0142osowy kieruj\u0105cy do sekretariatu. W opracowaniu aktualizacja zasad ewakuacji obejmuj\u0105ca mo\u017cliwo\u015b\u0107 ewakuacji i ratowania os\u00f3b ze szczeg\u00f3lnymi potrzebami.<\/p>\n\n\n\n<h2 class=\"wp-block-heading\">Dzia\u0142 2. Dost\u0119pno\u015b\u0107 cyfrowa<\/h2>\n\n\n\n<ol class=\"wp-block-list\" type=\"1\">\n<li><strong>Liczba prowadzonych stron internetowych i udost\u0119pnianych aplikacji mobilnych, dla kt\u00f3rych podmiot posiada deklaracj\u0119 dost\u0119pno\u015bci<\/strong><\/li>\n<\/ol>\n\n\n\n<p>Liczba stron:&nbsp;&nbsp;&nbsp;&nbsp;&nbsp;&nbsp;&nbsp;&nbsp;&nbsp;&nbsp;&nbsp;&nbsp;&nbsp;&nbsp;&nbsp;&nbsp;&nbsp;&nbsp;&nbsp;&nbsp;&nbsp;&nbsp;&nbsp;&nbsp;&nbsp;&nbsp;&nbsp;&nbsp;&nbsp;&nbsp;&nbsp;&nbsp;&nbsp;&nbsp;&nbsp;&nbsp;&nbsp;&nbsp;&nbsp;&nbsp;&nbsp;&nbsp;&nbsp;&nbsp;&nbsp;&nbsp;&nbsp;&nbsp;&nbsp;&nbsp; 1<\/p>\n\n\n\n<p>Liczba aplikacji:&nbsp;&nbsp;&nbsp;&nbsp;&nbsp;&nbsp;&nbsp;&nbsp;&nbsp;&nbsp;&nbsp;&nbsp;&nbsp;&nbsp;&nbsp;&nbsp;&nbsp;&nbsp;&nbsp;&nbsp;&nbsp;&nbsp;&nbsp;&nbsp;&nbsp;&nbsp;&nbsp;&nbsp;&nbsp;&nbsp;&nbsp;&nbsp;&nbsp;&nbsp;&nbsp;&nbsp;&nbsp;&nbsp;&nbsp;&nbsp;&nbsp;&nbsp;&nbsp;&nbsp;&nbsp; 0<\/p>\n\n\n\n<p><strong>Strony internetowe i aplikacje mobilne, dla kt\u00f3rych podmiot posiada deklaracj\u0119 dost\u0119pno\u015bci<\/strong><\/p>\n\n\n\n<p>Adres URL: <span id=\"a11y-url\">https:\/\/www.sp58.elodz.edu.pl<\/span><\/p>\n\n\n\n<p>status&nbsp;&nbsp;&nbsp;&nbsp;&nbsp;&nbsp;&nbsp;&nbsp;&nbsp;&nbsp;&nbsp;&nbsp;&nbsp;&nbsp;&nbsp;&nbsp;&nbsp;&nbsp;&nbsp;&nbsp;&nbsp;&nbsp;&nbsp;&nbsp;&nbsp;&nbsp;&nbsp;&nbsp;&nbsp;&nbsp;&nbsp;&nbsp;&nbsp;&nbsp; <span id=\"a11y-status\">Cz\u0119\u015bciowo zgodna<\/span><\/p>\n\n\n\n<p>data-sporz\u0105dzenia&nbsp;&nbsp;&nbsp;&nbsp;&nbsp;&nbsp;&nbsp;&nbsp;&nbsp;&nbsp;&nbsp;&nbsp;&nbsp;&nbsp;&nbsp;&nbsp; <span id=\"a11y-data-sporzadzenia\">2021-03-30<\/span><\/p>\n\n\n\n<p>2. <strong>Liczba prowadzonych stron internetowych i udost\u0119pnianych aplikacji mobilnych, dla kt\u00f3rych podmiot nie posiada deklaracji dost\u0119pno\u015bci<\/strong><\/p>\n\n\n\n<p>Liczba stron:&nbsp;&nbsp;&nbsp;&nbsp;&nbsp;&nbsp;&nbsp;&nbsp;&nbsp;&nbsp;&nbsp;&nbsp;&nbsp;&nbsp;&nbsp;&nbsp;&nbsp;&nbsp;&nbsp;&nbsp;&nbsp;&nbsp;&nbsp;&nbsp;&nbsp;&nbsp;&nbsp;&nbsp;&nbsp;&nbsp;&nbsp;&nbsp;&nbsp;&nbsp;&nbsp;&nbsp;&nbsp;&nbsp;&nbsp;&nbsp;&nbsp;&nbsp;&nbsp;&nbsp;&nbsp;&nbsp;&nbsp;&nbsp;&nbsp;&nbsp; 0<\/p>\n\n\n\n<p>Liczba aplikacji:&nbsp;&nbsp;&nbsp;&nbsp;&nbsp;&nbsp;&nbsp;&nbsp;&nbsp;&nbsp;&nbsp;&nbsp;&nbsp;&nbsp;&nbsp;&nbsp;&nbsp;&nbsp;&nbsp;&nbsp;&nbsp;&nbsp;&nbsp;&nbsp;&nbsp;&nbsp;&nbsp;&nbsp;&nbsp;&nbsp;&nbsp;&nbsp;&nbsp;&nbsp;&nbsp;&nbsp;&nbsp;&nbsp;&nbsp;&nbsp;&nbsp;&nbsp;&nbsp;&nbsp;&nbsp; 0<\/p>\n\n\n\n<p><strong>Komentarze i uwagi dotycz\u0105ce dost\u0119pno\u015bci cyfrowej<\/strong><\/p>\n\n\n\n<p>Informacja o zakresie dzia\u0142alno\u015bci podana w j\u0119zyku migowym. Strona www zapewnia mo\u017cliwo\u015b\u0107 zmiany wielko\u015bci i kolorystyki czcionek, zmian\u0119 kroju czcionek, mo\u017cliwo\u015b\u0107 pracy w odcieniach szaro\u015bci. Elementy graficzne zawieraj\u0105 tekst alternatywny.<\/p>\n\n\n\n<h2 class=\"wp-block-heading\">Dzia\u0142 3. Dost\u0119pno\u015b\u0107 informacyjno-komunikacyjna<\/h2>\n\n\n\n<p><strong>Czy podmiot zapewnia osobom ze szczeg\u00f3lnymi potrzebami obs\u0142ug\u0119 z wykorzystaniem ni\u017cej wymienionych sposob\u00f3w\/\u015brodk\u00f3w wspieraj\u0105cych komunikowanie si\u0119?<\/strong><\/p>\n\n\n\n<ol class=\"wp-block-list\" type=\"a\">\n<li>Kontakt telefoniczny&nbsp;&nbsp;&nbsp; TAK<\/li>\n\n\n\n<li>Kontakt korespondencyjny&nbsp; TAK<\/li>\n\n\n\n<li>Przesy\u0142anie wiadomo\u015bci tekstowych, w tym z wykorzystaniem wiadomo\u015bci SMS, MMS lub komunikator\u00f3w internetowych&nbsp;&nbsp;TAK<\/li>\n\n\n\n<li>Komunikacja audiowizualna, w tym z wykorzystaniem komunikator\u00f3w internetowych&nbsp;&nbsp;&nbsp;&nbsp;&nbsp;NIE<\/li>\n\n\n\n<li>Przesy\u0142anie faks\u00f3w&nbsp;&nbsp;TAK<\/li>\n\n\n\n<li>Wykorzystanie t\u0142umacza j\u0119zyka migowego przez strony internetowe i\/lub <strong>aplikacje (t\u0142umaczenie online)&nbsp;&nbsp;&nbsp;<\/strong> NIE<\/li>\n\n\n\n<li>Pomoc t\u0142umacza j\u0119zyka migowego \u2013 kontakt osobisty\u00a0\u00a0\u00a0 TAK\n<ul class=\"wp-block-list\">\n<li>W przypadku zaznaczenia odpowiedzi \u201eTAK\u201d \u2013 prosimy okre\u015bli\u0107 w jakim czasie od zg\u0142oszenia potrzeby podmiot zapewnia kontakt osobisty z t\u0142umaczem j\u0119zyka migowego:&nbsp; w ci\u0105gu 2-3 dni roboczych<\/li>\n<\/ul>\n<\/li>\n\n\n\n<li>Kontakt z pomoc\u0105 t\u0142umacza-przewodnika (kontakt osobisty) NIE<\/li>\n\n\n\n<li>Czy podmiot posiada urz\u0105dzenia lub \u015brodki techniczne do obs\u0142ugi os\u00f3b s\u0142abos\u0142ysz\u0105cych, takich jak np. p\u0119tle indukcyjne, systemy FM, systemy na podczerwie\u0144 (IR), systemy Bluetooth?  NIE<\/li>\n<\/ol>\n\n\n\n<p><strong>Liczba prowadzonych przez podmiot stron internetowych:<\/strong>  1<\/p>\n\n\n\n<ul class=\"wp-block-list\">\n<li>Czy podmiot zapewnia na tej stronie internetowej (tych stronach internetowych) informacj\u0119 o zakresie swojej dzia\u0142alno\u015bci (g\u0142\u00f3wnych zadaniach podmiotu) w postaci:<\/li>\n\n\n\n<li>tekstu odczytywalnego maszynowo?  TAK<\/li>\n\n\n\n<li>nagrania tre\u015bci w polskim j\u0119zyku migowym (PJM) w postaci pliku wideo? TAK <\/li>\n\n\n\n<li>informacji w tek\u015bcie \u0142atwym do czytania (ETR)? TAK<\/li>\n\n\n\n<li>Czy podmiot zapewnia\u0142 w okresie sprawozdawczym \u2013 tj. od 20.09.2019 r. do 01.01.2021 r. \u2013 na wniosek osoby ze szczeg\u00f3lnymi potrzebami mo\u017cliwo\u015b\u0107 komunikacji w formie okre\u015blonej w tym wniosku? NIE<\/li>\n<\/ul>\n\n\n\n<h2 class=\"wp-block-heading\">Dzia\u0142 4. Informacja o dost\u0119pie alternatywnym<\/h2>\n\n\n\n<ol class=\"wp-block-list\" type=\"1\">\n<li>Czy w okresie sprawozdawczym podmiot zapewnia\u0142 dost\u0119p alternatywny w postaci wsparcia innej osoby?  NIE<\/li>\n\n\n\n<li>Czy w okresie sprawozdawczym podmiot zapewnia\u0142 dost\u0119p alternatywny w postaci wsparcia technologicznego, w tym z wykorzystaniem nowoczesnych technologii? NIE<\/li>\n\n\n\n<li>Czy w okresie sprawozdawczym podmiot zapewnia\u0142 dost\u0119p alternatywny w postaci zmian w organizacji funkcjonowania podmiotu? NIE<\/li>\n\n\n\n<li>Czy w okresie sprawozdawczym podmiot zapewnia\u0142 dost\u0119p alternatywny w spos\u00f3b inny ni\u017c wymienione wy\u017cej? NIE<\/li>\n<\/ol>\n\n\n\n<h2 class=\"wp-block-heading\" id=\"a11y-kontakt\">Dane kontaktowe<\/h2>\n\n\n\n<p>strona internetowa:https:\/\/sp58.elodz.edu.pl<\/p>\n\n\n\n<p>e-mail: <span id=\"a11y-email\">kontakt@sp58.elodz.edu.pl<\/span><\/p>\n\n\n\n<p>Osoba do kontaktu: Ramona Ko\u0142odziejczyk<\/p>\n","protected":false},"excerpt":{"rendered":"<p>WST\u0118P Szko\u0142a Podstawowa nr 58 im. M.Wa\u0144kowicza w \u0141odzi&nbsp;zobowi\u0105zuje si\u0119 zapewni\u0107 dost\u0119pno\u015b\u0107 swojej strony internetowej zgodnie z przepisami ustawy z dnia 4 kwietnia 2019 r. o dost\u0119pno\u015bci cyfrowej stron internetowych i aplikacji mobilnych podmiot\u00f3w publicznych. O\u015bwiadczenie w sprawie dost\u0119pno\u015bci ma&hellip; <a class=\"continue\" href=\"https:\/\/sp58lodz.edu.pl\/?page_id=3440\">Continue Reading<span> Deklaracja dost\u0119pno\u015bci<\/span><\/a><\/p>\n","protected":false},"author":2,"featured_media":0,"parent":0,"menu_order":0,"comment_status":"closed","ping_status":"closed","template":"","meta":{"footnotes":""},"class_list":["post-3440","page","type-page","status-publish","hentry"],"yoast_head":"<!-- This site is optimized with the Yoast SEO plugin v27.6 - https:\/\/yoast.com\/product\/yoast-seo-wordpress\/ -->\n<title>Deklaracja dost\u0119pno\u015bci - Szko\u0142a Podstawowa nr 58 im. Melchiora Wa\u0144kowicza w \u0141odzi<\/title>\n<meta name=\"robots\" content=\"index, follow, max-snippet:-1, max-image-preview:large, max-video-preview:-1\" \/>\n<link rel=\"canonical\" href=\"https:\/\/sp58lodz.edu.pl\/?page_id=3440\" \/>\n<meta property=\"og:locale\" content=\"pl_PL\" \/>\n<meta property=\"og:type\" content=\"article\" \/>\n<meta property=\"og:title\" content=\"Deklaracja dost\u0119pno\u015bci - Szko\u0142a Podstawowa nr 58 im. Melchiora Wa\u0144kowicza w \u0141odzi\" \/>\n<meta property=\"og:description\" content=\"WST\u0118P Szko\u0142a Podstawowa nr 58 im. M.Wa\u0144kowicza w \u0141odzi&nbsp;zobowi\u0105zuje si\u0119 zapewni\u0107 dost\u0119pno\u015b\u0107 swojej strony internetowej zgodnie z przepisami ustawy z dnia 4 kwietnia 2019 r. o dost\u0119pno\u015bci cyfrowej stron internetowych i aplikacji mobilnych podmiot\u00f3w publicznych. O\u015bwiadczenie w sprawie dost\u0119pno\u015bci ma&hellip; Continue Reading Deklaracja dost\u0119pno\u015bci\" \/>\n<meta property=\"og:url\" content=\"https:\/\/sp58lodz.edu.pl\/?page_id=3440\" \/>\n<meta property=\"og:site_name\" content=\"Szko\u0142a Podstawowa nr 58 im. Melchiora Wa\u0144kowicza w \u0141odzi\" \/>\n<meta property=\"article:modified_time\" content=\"2023-04-03T05:20:54+00:00\" \/>\n<meta name=\"twitter:card\" content=\"summary_large_image\" \/>\n<meta name=\"twitter:label1\" content=\"Szacowany czas czytania\" \/>\n\t<meta name=\"twitter:data1\" content=\"6 minut\" \/>\n<script type=\"application\/ld+json\" class=\"yoast-schema-graph\">{\"@context\":\"https:\\\/\\\/schema.org\",\"@graph\":[{\"@type\":\"WebPage\",\"@id\":\"https:\\\/\\\/sp58lodz.edu.pl\\\/?page_id=3440\",\"url\":\"https:\\\/\\\/sp58lodz.edu.pl\\\/?page_id=3440\",\"name\":\"Deklaracja dost\u0119pno\u015bci - Szko\u0142a Podstawowa nr 58 im. Melchiora Wa\u0144kowicza w \u0141odzi\",\"isPartOf\":{\"@id\":\"https:\\\/\\\/sp58lodz.edu.pl\\\/#website\"},\"datePublished\":\"2021-03-30T11:58:10+00:00\",\"dateModified\":\"2023-04-03T05:20:54+00:00\",\"breadcrumb\":{\"@id\":\"https:\\\/\\\/sp58lodz.edu.pl\\\/?page_id=3440#breadcrumb\"},\"inLanguage\":\"pl-PL\",\"potentialAction\":[{\"@type\":\"ReadAction\",\"target\":[\"https:\\\/\\\/sp58lodz.edu.pl\\\/?page_id=3440\"]}]},{\"@type\":\"BreadcrumbList\",\"@id\":\"https:\\\/\\\/sp58lodz.edu.pl\\\/?page_id=3440#breadcrumb\",\"itemListElement\":[{\"@type\":\"ListItem\",\"position\":1,\"name\":\"Strona g\u0142\u00f3wna\",\"item\":\"https:\\\/\\\/sp58lodz.edu.pl\\\/\"},{\"@type\":\"ListItem\",\"position\":2,\"name\":\"Deklaracja dost\u0119pno\u015bci\"}]},{\"@type\":\"WebSite\",\"@id\":\"https:\\\/\\\/sp58lodz.edu.pl\\\/#website\",\"url\":\"https:\\\/\\\/sp58lodz.edu.pl\\\/\",\"name\":\"Szko\u0142a Podstawowa nr 58 im. Melchiora Wa\u0144kowicza w \u0141odzi\",\"description\":\"Strona Szko\u0142y Podstawowej nr 58 w \u0141odzi\",\"publisher\":{\"@id\":\"https:\\\/\\\/sp58lodz.edu.pl\\\/#organization\"},\"potentialAction\":[{\"@type\":\"SearchAction\",\"target\":{\"@type\":\"EntryPoint\",\"urlTemplate\":\"https:\\\/\\\/sp58lodz.edu.pl\\\/?s={search_term_string}\"},\"query-input\":{\"@type\":\"PropertyValueSpecification\",\"valueRequired\":true,\"valueName\":\"search_term_string\"}}],\"inLanguage\":\"pl-PL\"},{\"@type\":\"Organization\",\"@id\":\"https:\\\/\\\/sp58lodz.edu.pl\\\/#organization\",\"name\":\"Szko\u0142a Podstawowa nr 58 im. Melchiora Wa\u0144kowicza w \u0141odzi\",\"url\":\"https:\\\/\\\/sp58lodz.edu.pl\\\/\",\"logo\":{\"@type\":\"ImageObject\",\"inLanguage\":\"pl-PL\",\"@id\":\"https:\\\/\\\/sp58lodz.edu.pl\\\/#\\\/schema\\\/logo\\\/image\\\/\",\"url\":\"https:\\\/\\\/sp58lodz.edu.pl\\\/wp-content\\\/uploads\\\/2019\\\/01\\\/cropped-cropped-logo_pat-e1601973191516.png\",\"contentUrl\":\"https:\\\/\\\/sp58lodz.edu.pl\\\/wp-content\\\/uploads\\\/2019\\\/01\\\/cropped-cropped-logo_pat-e1601973191516.png\",\"width\":140,\"height\":140,\"caption\":\"Szko\u0142a Podstawowa nr 58 im. Melchiora Wa\u0144kowicza w \u0141odzi\"},\"image\":{\"@id\":\"https:\\\/\\\/sp58lodz.edu.pl\\\/#\\\/schema\\\/logo\\\/image\\\/\"}}]}<\/script>\n<!-- \/ Yoast SEO plugin. -->","yoast_head_json":{"title":"Deklaracja dost\u0119pno\u015bci - Szko\u0142a Podstawowa nr 58 im. Melchiora Wa\u0144kowicza w \u0141odzi","robots":{"index":"index","follow":"follow","max-snippet":"max-snippet:-1","max-image-preview":"max-image-preview:large","max-video-preview":"max-video-preview:-1"},"canonical":"https:\/\/sp58lodz.edu.pl\/?page_id=3440","og_locale":"pl_PL","og_type":"article","og_title":"Deklaracja dost\u0119pno\u015bci - Szko\u0142a Podstawowa nr 58 im. Melchiora Wa\u0144kowicza w \u0141odzi","og_description":"WST\u0118P Szko\u0142a Podstawowa nr 58 im. M.Wa\u0144kowicza w \u0141odzi&nbsp;zobowi\u0105zuje si\u0119 zapewni\u0107 dost\u0119pno\u015b\u0107 swojej strony internetowej zgodnie z przepisami ustawy z dnia 4 kwietnia 2019 r. o dost\u0119pno\u015bci cyfrowej stron internetowych i aplikacji mobilnych podmiot\u00f3w publicznych. O\u015bwiadczenie w sprawie dost\u0119pno\u015bci ma&hellip; Continue Reading Deklaracja dost\u0119pno\u015bci","og_url":"https:\/\/sp58lodz.edu.pl\/?page_id=3440","og_site_name":"Szko\u0142a Podstawowa nr 58 im. Melchiora Wa\u0144kowicza w \u0141odzi","article_modified_time":"2023-04-03T05:20:54+00:00","twitter_card":"summary_large_image","twitter_misc":{"Szacowany czas czytania":"6 minut"},"schema":{"@context":"https:\/\/schema.org","@graph":[{"@type":"WebPage","@id":"https:\/\/sp58lodz.edu.pl\/?page_id=3440","url":"https:\/\/sp58lodz.edu.pl\/?page_id=3440","name":"Deklaracja dost\u0119pno\u015bci - Szko\u0142a Podstawowa nr 58 im. Melchiora Wa\u0144kowicza w \u0141odzi","isPartOf":{"@id":"https:\/\/sp58lodz.edu.pl\/#website"},"datePublished":"2021-03-30T11:58:10+00:00","dateModified":"2023-04-03T05:20:54+00:00","breadcrumb":{"@id":"https:\/\/sp58lodz.edu.pl\/?page_id=3440#breadcrumb"},"inLanguage":"pl-PL","potentialAction":[{"@type":"ReadAction","target":["https:\/\/sp58lodz.edu.pl\/?page_id=3440"]}]},{"@type":"BreadcrumbList","@id":"https:\/\/sp58lodz.edu.pl\/?page_id=3440#breadcrumb","itemListElement":[{"@type":"ListItem","position":1,"name":"Strona g\u0142\u00f3wna","item":"https:\/\/sp58lodz.edu.pl\/"},{"@type":"ListItem","position":2,"name":"Deklaracja dost\u0119pno\u015bci"}]},{"@type":"WebSite","@id":"https:\/\/sp58lodz.edu.pl\/#website","url":"https:\/\/sp58lodz.edu.pl\/","name":"Szko\u0142a Podstawowa nr 58 im. Melchiora Wa\u0144kowicza w \u0141odzi","description":"Strona Szko\u0142y Podstawowej nr 58 w \u0141odzi","publisher":{"@id":"https:\/\/sp58lodz.edu.pl\/#organization"},"potentialAction":[{"@type":"SearchAction","target":{"@type":"EntryPoint","urlTemplate":"https:\/\/sp58lodz.edu.pl\/?s={search_term_string}"},"query-input":{"@type":"PropertyValueSpecification","valueRequired":true,"valueName":"search_term_string"}}],"inLanguage":"pl-PL"},{"@type":"Organization","@id":"https:\/\/sp58lodz.edu.pl\/#organization","name":"Szko\u0142a Podstawowa nr 58 im. Melchiora Wa\u0144kowicza w \u0141odzi","url":"https:\/\/sp58lodz.edu.pl\/","logo":{"@type":"ImageObject","inLanguage":"pl-PL","@id":"https:\/\/sp58lodz.edu.pl\/#\/schema\/logo\/image\/","url":"https:\/\/sp58lodz.edu.pl\/wp-content\/uploads\/2019\/01\/cropped-cropped-logo_pat-e1601973191516.png","contentUrl":"https:\/\/sp58lodz.edu.pl\/wp-content\/uploads\/2019\/01\/cropped-cropped-logo_pat-e1601973191516.png","width":140,"height":140,"caption":"Szko\u0142a Podstawowa nr 58 im. Melchiora Wa\u0144kowicza w \u0141odzi"},"image":{"@id":"https:\/\/sp58lodz.edu.pl\/#\/schema\/logo\/image\/"}}]}},"_links":{"self":[{"href":"https:\/\/sp58lodz.edu.pl\/index.php?rest_route=\/wp\/v2\/pages\/3440","targetHints":{"allow":["GET"]}}],"collection":[{"href":"https:\/\/sp58lodz.edu.pl\/index.php?rest_route=\/wp\/v2\/pages"}],"about":[{"href":"https:\/\/sp58lodz.edu.pl\/index.php?rest_route=\/wp\/v2\/types\/page"}],"author":[{"embeddable":true,"href":"https:\/\/sp58lodz.edu.pl\/index.php?rest_route=\/wp\/v2\/users\/2"}],"replies":[{"embeddable":true,"href":"https:\/\/sp58lodz.edu.pl\/index.php?rest_route=%2Fwp%2Fv2%2Fcomments&post=3440"}],"version-history":[{"count":21,"href":"https:\/\/sp58lodz.edu.pl\/index.php?rest_route=\/wp\/v2\/pages\/3440\/revisions"}],"predecessor-version":[{"id":5902,"href":"https:\/\/sp58lodz.edu.pl\/index.php?rest_route=\/wp\/v2\/pages\/3440\/revisions\/5902"}],"wp:attachment":[{"href":"https:\/\/sp58lodz.edu.pl\/index.php?rest_route=%2Fwp%2Fv2%2Fmedia&parent=3440"}],"curies":[{"name":"wp","href":"https:\/\/api.w.org\/{rel}","templated":true}]}}