{"id":293,"date":"2019-01-24T15:58:48","date_gmt":"2019-01-24T15:58:48","guid":{"rendered":"http:\/\/sp58lodz.edu.pl\/?page_id=293"},"modified":"2025-03-13T11:48:51","modified_gmt":"2025-03-13T10:48:51","slug":"dokumenty","status":"publish","type":"page","link":"https:\/\/sp58lodz.edu.pl\/?page_id=293","title":{"rendered":"Dokumenty &#8211; pliki w formacie pdf do pobrania"},"content":{"rendered":"\n<p><a href=\"https:\/\/sp58lodz.edu.pl\/wp-content\/uploads\/2023\/10\/Statut-Szkoly-Podstawowej-nr-58-w-Lodzi_07.09.2023-tekst-jednolity-publikacja.pdf\">Statut<\/a><\/p>\n\n\n\n<p><a href=\"https:\/\/sp58lodz.edu.pl\/wp-content\/uploads\/2019\/01\/progr_wych_prof_2018.pdf\">Program profilaktyczno &#8211; wychowawczy<\/a><\/p>\n\n\n\n<p><a href=\"https:\/\/sp58lodz.edu.pl\/wp-content\/uploads\/2019\/01\/proc_bezp2018.pdf\">Procedury bezpiecze\u0144stwa w szkole Podstawowej nr 58<\/a><\/p>\n\n\n\n<p><a href=\"https:\/\/sp58lodz.edu.pl\/wp-content\/uploads\/2019\/01\/procedyry_syt_tr.pdf\">Procedury post\u0119powania w sytuacjach trudnych wychowawczo zwi\u0105zanych z zagro\u017ceniem zdrowia i \u017cycia uczni\u00f3w<\/a><\/p>\n\n\n\n<p><a href=\"https:\/\/sp58lodz.edu.pl\/wp-content\/uploads\/2019\/01\/reg_dz_elektr.pdf\">Regulamin korzystania z dziennika elektronicznego<\/a><\/p>\n\n\n\n<p><a href=\"https:\/\/sp58lodz.edu.pl\/wp-content\/uploads\/2019\/01\/ppp2019.pdf\">Zasady diagnozowania potrzeb edukacyjnych i rozwojowych oraz mo\u017cliwo\u015bci psychofizycznych uczni\u00f3w, organizowania i udzielania pomocy psychologiczno &#8211; pedagogicznej uczniom<\/a><\/p>\n\n\n\n<p><a href=\"https:\/\/sp58lodz.edu.pl\/?page_id=556\">Klauzula informacyjna RODO<\/a><\/p>\n\n\n\n<p><a href=\"https:\/\/sp58lodz.edu.pl\/wp-content\/uploads\/2024\/02\/regulamin-swietlicy.pdf\">Regulamin \u015bwietlicy<\/a><\/p>\n\n\n\n<p><a href=\"https:\/\/sp58lodz.edu.pl\/wp-content\/uploads\/2020\/10\/karta-swietlica-sp-58-2020_poprawiona2.docx\">Karta zg\u0142oszenia na \u015bwietlic\u0119.<\/a><\/p>\n\n\n\n<p><a href=\"https:\/\/sp58lodz.edu.pl\/wp-content\/uploads\/2021\/11\/regulamin-biblioteki2021.pdf\">Regulamin biblioteki<\/a><\/p>\n\n\n\n<p><a href=\"https:\/\/sp58lodz.edu.pl\/wp-content\/uploads\/2020\/05\/O\u015bwiadczenie-Rodzic\u00f3w.pdf\">O\u015bwiadczenie rodzic\u00f3w na uczestniczenie w konsultacjach dla klasy VIII<\/a><\/p>\n\n\n\n<p><a href=\"http:\/\/sp58lodz.edu.pl\/wp-content\/uploads\/2019\/01\/Usprawiedliwienie.pdf\">Usprawiedliwienie nieobecno\u015bci, zwolnienie z&nbsp;lekcji<\/a><\/p>\n\n\n\n<p><a href=\"https:\/\/sp58lodz.edu.pl\/wp-content\/uploads\/2022\/01\/podanie-o-zwolnienie-z-wf1.pdf\">Podanie o zwolnienie z zaj\u0119\u0107 wychowania fizycznego<\/a><\/p>\n\n\n\n<p><a href=\"http:\/\/sp58lodz.edu.pl\/wp-content\/uploads\/2019\/01\/Oswiadczenie_wf.pdf\">O\u015bwiadczenie &#8211; wf <\/a><\/p>\n\n\n\n<p><a href=\"https:\/\/sp58lodz.edu.pl\/wp-content\/uploads\/2024\/11\/oswiadczenie-religia-etyka.pdf\">O\u015bwiadczenie udzia\u0142 w zaj\u0119ciach religii\/etyki<\/a><\/p>\n\n\n\n<p><a href=\"https:\/\/sp58lodz.edu.pl\/wp-content\/uploads\/2020\/10\/karta-swietlica-sp-58-2020_poprawiona2.docx\">Zg\u0142oszenie na \u015bwietlic\u0119<\/a><\/p>\n\n\n\n<p><a href=\"http:\/\/sp58lodz.edu.pl\/wp-content\/uploads\/2019\/01\/Prosba_-indywidualne.pdf\">Pro\u015bba o&nbsp;nauczanie indywidualne<\/a><\/p>\n\n\n\n<p><a href=\"http:\/\/sp58lodz.edu.pl\/wp-content\/uploads\/2019\/01\/Pomoc_socjalna.pdf\">Pomoc socjalna<\/a><\/p>\n\n\n\n<p><a href=\"http:\/\/sp58lodz.edu.pl\/wp-content\/uploads\/2019\/01\/Wniosek_o_dofinansowanie-wypoczynku.pdf\">Wniosek o&nbsp;dofinansowanie kolonii<\/a><\/p>\n\n\n\n<p><a href=\"http:\/\/sp58lodz.edu.pl\/wp-content\/uploads\/2019\/01\/Wniosek_stypendium.pdf\">Wniosek o&nbsp;stypendium<\/a><\/p>\n\n\n\n<p><a href=\"http:\/\/sp58lodz.edu.pl\/wp-content\/uploads\/2019\/01\/wniosekppp.pdf\">Wniosek o&nbsp;wydanie orzeczenia<\/a><\/p>\n\n\n\n<p><a href=\"http:\/\/sp58lodz.edu.pl\/wp-content\/uploads\/2019\/01\/Oswiadczenie.pdf\">O\u015bwiadczenie o&nbsp;samodzielnym powrocie ze szko\u0142y <\/a><\/p>\n\n\n\n<p><a href=\"http:\/\/sp58lodz.edu.pl\/wp-content\/uploads\/2019\/01\/wnioesek_sw_pom_mat_zas_szk.pdf\">Wniosek o przyznanie \u015bwiadczenia pomocy materialnej o&nbsp;charakterze socjalnym w formie zasi\u0142ku szkolnego<\/a><\/p>\n\n\n\n<p><a href=\"http:\/\/sp58lodz.edu.pl\/wp-content\/uploads\/2019\/01\/wniosek_sw_pom_soc_styp.pdf\">Wniosek o przyznanie \u015bwiadczenia pomocy materialnej o&nbsp;charakterze socjalnym w formie stypendium szkolnego&nbsp;<\/a> <\/p>\n","protected":false},"excerpt":{"rendered":"<p>Statut Program profilaktyczno &#8211; wychowawczy Procedury bezpiecze\u0144stwa w szkole Podstawowej nr 58 Procedury post\u0119powania w sytuacjach trudnych wychowawczo zwi\u0105zanych z zagro\u017ceniem zdrowia i \u017cycia uczni\u00f3w Regulamin korzystania z dziennika elektronicznego Zasady diagnozowania potrzeb edukacyjnych i rozwojowych oraz mo\u017cliwo\u015bci psychofizycznych uczni\u00f3w,&hellip; <a class=\"continue\" href=\"https:\/\/sp58lodz.edu.pl\/?page_id=293\">Continue Reading<span> Dokumenty &#8211; pliki w formacie pdf do pobrania<\/span><\/a><\/p>\n","protected":false},"author":2,"featured_media":0,"parent":33,"menu_order":0,"comment_status":"closed","ping_status":"closed","template":"","meta":{"footnotes":""},"class_list":["post-293","page","type-page","status-publish","hentry"],"yoast_head":"<!-- This site is optimized with the Yoast SEO plugin v27.4 - https:\/\/yoast.com\/product\/yoast-seo-wordpress\/ -->\n<title>Dokumenty - pliki w formacie pdf do pobrania - Szko\u0142a Podstawowa nr 58 im. Melchiora Wa\u0144kowicza w \u0141odzi<\/title>\n<meta name=\"robots\" content=\"index, follow, max-snippet:-1, max-image-preview:large, max-video-preview:-1\" \/>\n<link rel=\"canonical\" href=\"https:\/\/sp58lodz.edu.pl\/?page_id=293\" \/>\n<meta property=\"og:locale\" content=\"pl_PL\" \/>\n<meta property=\"og:type\" content=\"article\" \/>\n<meta property=\"og:title\" content=\"Dokumenty - pliki w formacie pdf do pobrania - Szko\u0142a Podstawowa nr 58 im. Melchiora Wa\u0144kowicza w \u0141odzi\" \/>\n<meta property=\"og:description\" content=\"Statut Program profilaktyczno &#8211; wychowawczy Procedury bezpiecze\u0144stwa w szkole Podstawowej nr 58 Procedury post\u0119powania w sytuacjach trudnych wychowawczo zwi\u0105zanych z zagro\u017ceniem zdrowia i \u017cycia uczni\u00f3w Regulamin korzystania z dziennika elektronicznego Zasady diagnozowania potrzeb edukacyjnych i rozwojowych oraz mo\u017cliwo\u015bci psychofizycznych uczni\u00f3w,&hellip; Continue Reading Dokumenty &#8211; pliki w formacie pdf do pobrania\" \/>\n<meta property=\"og:url\" content=\"https:\/\/sp58lodz.edu.pl\/?page_id=293\" \/>\n<meta property=\"og:site_name\" content=\"Szko\u0142a Podstawowa nr 58 im. Melchiora Wa\u0144kowicza w \u0141odzi\" \/>\n<meta property=\"article:modified_time\" content=\"2025-03-13T10:48:51+00:00\" \/>\n<meta name=\"twitter:card\" content=\"summary_large_image\" \/>\n<meta name=\"twitter:label1\" content=\"Szacowany czas czytania\" \/>\n\t<meta name=\"twitter:data1\" content=\"1 minuta\" \/>\n<script type=\"application\/ld+json\" class=\"yoast-schema-graph\">{\"@context\":\"https:\\\/\\\/schema.org\",\"@graph\":[{\"@type\":\"WebPage\",\"@id\":\"https:\\\/\\\/sp58lodz.edu.pl\\\/?page_id=293\",\"url\":\"https:\\\/\\\/sp58lodz.edu.pl\\\/?page_id=293\",\"name\":\"Dokumenty - pliki w formacie pdf do pobrania - Szko\u0142a Podstawowa nr 58 im. Melchiora Wa\u0144kowicza w \u0141odzi\",\"isPartOf\":{\"@id\":\"https:\\\/\\\/sp58lodz.edu.pl\\\/#website\"},\"datePublished\":\"2019-01-24T15:58:48+00:00\",\"dateModified\":\"2025-03-13T10:48:51+00:00\",\"breadcrumb\":{\"@id\":\"https:\\\/\\\/sp58lodz.edu.pl\\\/?page_id=293#breadcrumb\"},\"inLanguage\":\"pl-PL\",\"potentialAction\":[{\"@type\":\"ReadAction\",\"target\":[\"https:\\\/\\\/sp58lodz.edu.pl\\\/?page_id=293\"]}]},{\"@type\":\"BreadcrumbList\",\"@id\":\"https:\\\/\\\/sp58lodz.edu.pl\\\/?page_id=293#breadcrumb\",\"itemListElement\":[{\"@type\":\"ListItem\",\"position\":1,\"name\":\"Strona g\u0142\u00f3wna\",\"item\":\"https:\\\/\\\/sp58lodz.edu.pl\\\/\"},{\"@type\":\"ListItem\",\"position\":2,\"name\":\"Dla rodzic\u00f3w\",\"item\":\"https:\\\/\\\/sp58lodz.edu.pl\\\/?page_id=33\"},{\"@type\":\"ListItem\",\"position\":3,\"name\":\"Dokumenty &#8211; pliki w formacie pdf do pobrania\"}]},{\"@type\":\"WebSite\",\"@id\":\"https:\\\/\\\/sp58lodz.edu.pl\\\/#website\",\"url\":\"https:\\\/\\\/sp58lodz.edu.pl\\\/\",\"name\":\"Szko\u0142a Podstawowa nr 58 im. Melchiora Wa\u0144kowicza w \u0141odzi\",\"description\":\"Strona Szko\u0142y Podstawowej nr 58 w \u0141odzi\",\"publisher\":{\"@id\":\"https:\\\/\\\/sp58lodz.edu.pl\\\/#organization\"},\"potentialAction\":[{\"@type\":\"SearchAction\",\"target\":{\"@type\":\"EntryPoint\",\"urlTemplate\":\"https:\\\/\\\/sp58lodz.edu.pl\\\/?s={search_term_string}\"},\"query-input\":{\"@type\":\"PropertyValueSpecification\",\"valueRequired\":true,\"valueName\":\"search_term_string\"}}],\"inLanguage\":\"pl-PL\"},{\"@type\":\"Organization\",\"@id\":\"https:\\\/\\\/sp58lodz.edu.pl\\\/#organization\",\"name\":\"Szko\u0142a Podstawowa nr 58 im. Melchiora Wa\u0144kowicza w \u0141odzi\",\"url\":\"https:\\\/\\\/sp58lodz.edu.pl\\\/\",\"logo\":{\"@type\":\"ImageObject\",\"inLanguage\":\"pl-PL\",\"@id\":\"https:\\\/\\\/sp58lodz.edu.pl\\\/#\\\/schema\\\/logo\\\/image\\\/\",\"url\":\"https:\\\/\\\/sp58lodz.edu.pl\\\/wp-content\\\/uploads\\\/2019\\\/01\\\/cropped-cropped-logo_pat-e1601973191516.png\",\"contentUrl\":\"https:\\\/\\\/sp58lodz.edu.pl\\\/wp-content\\\/uploads\\\/2019\\\/01\\\/cropped-cropped-logo_pat-e1601973191516.png\",\"width\":140,\"height\":140,\"caption\":\"Szko\u0142a Podstawowa nr 58 im. Melchiora Wa\u0144kowicza w \u0141odzi\"},\"image\":{\"@id\":\"https:\\\/\\\/sp58lodz.edu.pl\\\/#\\\/schema\\\/logo\\\/image\\\/\"}}]}<\/script>\n<!-- \/ Yoast SEO plugin. -->","yoast_head_json":{"title":"Dokumenty - pliki w formacie pdf do pobrania - Szko\u0142a Podstawowa nr 58 im. Melchiora Wa\u0144kowicza w \u0141odzi","robots":{"index":"index","follow":"follow","max-snippet":"max-snippet:-1","max-image-preview":"max-image-preview:large","max-video-preview":"max-video-preview:-1"},"canonical":"https:\/\/sp58lodz.edu.pl\/?page_id=293","og_locale":"pl_PL","og_type":"article","og_title":"Dokumenty - pliki w formacie pdf do pobrania - Szko\u0142a Podstawowa nr 58 im. Melchiora Wa\u0144kowicza w \u0141odzi","og_description":"Statut Program profilaktyczno &#8211; wychowawczy Procedury bezpiecze\u0144stwa w szkole Podstawowej nr 58 Procedury post\u0119powania w sytuacjach trudnych wychowawczo zwi\u0105zanych z zagro\u017ceniem zdrowia i \u017cycia uczni\u00f3w Regulamin korzystania z dziennika elektronicznego Zasady diagnozowania potrzeb edukacyjnych i rozwojowych oraz mo\u017cliwo\u015bci psychofizycznych uczni\u00f3w,&hellip; Continue Reading Dokumenty &#8211; pliki w formacie pdf do pobrania","og_url":"https:\/\/sp58lodz.edu.pl\/?page_id=293","og_site_name":"Szko\u0142a Podstawowa nr 58 im. Melchiora Wa\u0144kowicza w \u0141odzi","article_modified_time":"2025-03-13T10:48:51+00:00","twitter_card":"summary_large_image","twitter_misc":{"Szacowany czas czytania":"1 minuta"},"schema":{"@context":"https:\/\/schema.org","@graph":[{"@type":"WebPage","@id":"https:\/\/sp58lodz.edu.pl\/?page_id=293","url":"https:\/\/sp58lodz.edu.pl\/?page_id=293","name":"Dokumenty - pliki w formacie pdf do pobrania - Szko\u0142a Podstawowa nr 58 im. Melchiora Wa\u0144kowicza w \u0141odzi","isPartOf":{"@id":"https:\/\/sp58lodz.edu.pl\/#website"},"datePublished":"2019-01-24T15:58:48+00:00","dateModified":"2025-03-13T10:48:51+00:00","breadcrumb":{"@id":"https:\/\/sp58lodz.edu.pl\/?page_id=293#breadcrumb"},"inLanguage":"pl-PL","potentialAction":[{"@type":"ReadAction","target":["https:\/\/sp58lodz.edu.pl\/?page_id=293"]}]},{"@type":"BreadcrumbList","@id":"https:\/\/sp58lodz.edu.pl\/?page_id=293#breadcrumb","itemListElement":[{"@type":"ListItem","position":1,"name":"Strona g\u0142\u00f3wna","item":"https:\/\/sp58lodz.edu.pl\/"},{"@type":"ListItem","position":2,"name":"Dla rodzic\u00f3w","item":"https:\/\/sp58lodz.edu.pl\/?page_id=33"},{"@type":"ListItem","position":3,"name":"Dokumenty &#8211; pliki w formacie pdf do pobrania"}]},{"@type":"WebSite","@id":"https:\/\/sp58lodz.edu.pl\/#website","url":"https:\/\/sp58lodz.edu.pl\/","name":"Szko\u0142a Podstawowa nr 58 im. Melchiora Wa\u0144kowicza w \u0141odzi","description":"Strona Szko\u0142y Podstawowej nr 58 w \u0141odzi","publisher":{"@id":"https:\/\/sp58lodz.edu.pl\/#organization"},"potentialAction":[{"@type":"SearchAction","target":{"@type":"EntryPoint","urlTemplate":"https:\/\/sp58lodz.edu.pl\/?s={search_term_string}"},"query-input":{"@type":"PropertyValueSpecification","valueRequired":true,"valueName":"search_term_string"}}],"inLanguage":"pl-PL"},{"@type":"Organization","@id":"https:\/\/sp58lodz.edu.pl\/#organization","name":"Szko\u0142a Podstawowa nr 58 im. Melchiora Wa\u0144kowicza w \u0141odzi","url":"https:\/\/sp58lodz.edu.pl\/","logo":{"@type":"ImageObject","inLanguage":"pl-PL","@id":"https:\/\/sp58lodz.edu.pl\/#\/schema\/logo\/image\/","url":"https:\/\/sp58lodz.edu.pl\/wp-content\/uploads\/2019\/01\/cropped-cropped-logo_pat-e1601973191516.png","contentUrl":"https:\/\/sp58lodz.edu.pl\/wp-content\/uploads\/2019\/01\/cropped-cropped-logo_pat-e1601973191516.png","width":140,"height":140,"caption":"Szko\u0142a Podstawowa nr 58 im. Melchiora Wa\u0144kowicza w \u0141odzi"},"image":{"@id":"https:\/\/sp58lodz.edu.pl\/#\/schema\/logo\/image\/"}}]}},"_links":{"self":[{"href":"https:\/\/sp58lodz.edu.pl\/index.php?rest_route=\/wp\/v2\/pages\/293","targetHints":{"allow":["GET"]}}],"collection":[{"href":"https:\/\/sp58lodz.edu.pl\/index.php?rest_route=\/wp\/v2\/pages"}],"about":[{"href":"https:\/\/sp58lodz.edu.pl\/index.php?rest_route=\/wp\/v2\/types\/page"}],"author":[{"embeddable":true,"href":"https:\/\/sp58lodz.edu.pl\/index.php?rest_route=\/wp\/v2\/users\/2"}],"replies":[{"embeddable":true,"href":"https:\/\/sp58lodz.edu.pl\/index.php?rest_route=%2Fwp%2Fv2%2Fcomments&post=293"}],"version-history":[{"count":7,"href":"https:\/\/sp58lodz.edu.pl\/index.php?rest_route=\/wp\/v2\/pages\/293\/revisions"}],"predecessor-version":[{"id":7275,"href":"https:\/\/sp58lodz.edu.pl\/index.php?rest_route=\/wp\/v2\/pages\/293\/revisions\/7275"}],"up":[{"embeddable":true,"href":"https:\/\/sp58lodz.edu.pl\/index.php?rest_route=\/wp\/v2\/pages\/33"}],"wp:attachment":[{"href":"https:\/\/sp58lodz.edu.pl\/index.php?rest_route=%2Fwp%2Fv2%2Fmedia&parent=293"}],"curies":[{"name":"wp","href":"https:\/\/api.w.org\/{rel}","templated":true}]}}