{"id":2711,"date":"2020-07-17T11:57:03","date_gmt":"2020-07-17T11:57:03","guid":{"rendered":"https:\/\/sp58lodz.edu.pl\/?page_id=2711"},"modified":"2024-04-09T11:06:13","modified_gmt":"2024-04-09T10:06:13","slug":"zamowienia-publiczne","status":"publish","type":"page","link":"https:\/\/sp58lodz.edu.pl\/?page_id=2711","title":{"rendered":"Zapytanie ofertowe"},"content":{"rendered":"\n<p>Dyrektor Szko\u0142y Podstawowej nr 58 im. Melchiora Wa\u0144kowicza w \u0141odzi zaprasza do z\u0142o\u017cenia oferty na:<\/p>\n\n\n\n<p>\u201eDostawa artyku\u0142\u00f3w \u017cywno\u015bciowych dla SP58 \u2013 produkty gotowe (sur\u00f3wki, kluski, pierogi, nale\u015bniki)\u201d. Wszystkie informacje w za\u0142\u0105cznikach (<a href=\"https:\/\/sp58lodz.edu.pl\/wp-content\/uploads\/2022\/12\/Zalaczniki-SIWZ.zip\">do pobrania plik zip<\/a>).<\/p>\n\n\n\n<hr class=\"wp-block-separator has-alpha-channel-opacity\"\/>\n\n\n\n<p>Dyrektor Szko\u0142y Podstawowej nr 58 im. Melchiora Wa\u0144kowicza w \u0141odzi zaprasza do z\u0142o\u017cenia oferty na:<\/p>\n\n\n\n<p>\u201eDostawa artyku\u0142\u00f3w \u017cywno\u015bciowych dla SP58 \u2013 warzywa, owoce, kiszonki\u201d. Wszystkie informacje w za\u0142\u0105cznikach <a href=\"https:\/\/sp58lodz.edu.pl\/wp-content\/uploads\/2022\/12\/SIWZ.zip\">(do pobrania plik zip<\/a>).<\/p>\n\n\n\n<hr class=\"wp-block-separator has-alpha-channel-opacity\"\/>\n\n\n\n<p>Dyrektor Szko\u0142y Podstawowej nr 58 im. Melchiora Wa\u0144kowicza w \u0141odzi zaprasza do z\u0142o\u017cenia oferty na:<\/p>\n\n\n\n<p>\u201eDostawa artyku\u0142\u00f3w \u017cywno\u015bciowych dla SP58 \u2013 koncentraty, d\u017cemy, oleje\u201d.<\/p>\n\n\n\n<p>Wszystkie informacje w za\u0142\u0105cznikach (<a href=\"https:\/\/sp58lodz.edu.pl\/wp-content\/uploads\/2022\/12\/SIWZ_koncentraty.zip\">do pobrania plik zip<\/a>).<\/p>\n\n\n\n<hr class=\"wp-block-separator has-alpha-channel-opacity\"\/>\n\n\n\n<p>Dyrektor Szko\u0142y Podstawowej nr 58 im. Melchiora Wa\u0144kowicza w \u0141odzi zaprasza do z\u0142o\u017cenia oferty na:<\/p>\n\n\n\n<p>\u201eDostawa artyku\u0142\u00f3w \u017cywno\u015bciowych dla SP58 \u2013 art. sypkie, m\u0105czne i przyprawy\u201d.<\/p>\n\n\n\n<p>Wszystkie informacje w za\u0142\u0105cznikach (<a href=\"https:\/\/sp58lodz.edu.pl\/wp-content\/uploads\/2022\/12\/SIWZ_sypkie.zip\">do pobrania plik zip<\/a>).<\/p>\n\n\n\n<hr class=\"wp-block-separator has-alpha-channel-opacity\"\/>\n\n\n\n<p>Dyrektor Szko\u0142y Podstawowej nr 58 im. Melchiora Wa\u0144kowicza w \u0141odzi zaprasza do z\u0142o\u017cenia oferty na:<\/p>\n\n\n\n<p>\u201eDostawa artyku\u0142\u00f3w \u017cywno\u015bciowych dla SP58 \u2013 mi\u0119so\u201d.<\/p>\n\n\n\n<p>Wszystkie informacje w za\u0142\u0105cznikach (<a href=\"https:\/\/sp58lodz.edu.pl\/wp-content\/uploads\/2022\/12\/SIWZ_mieso.zip\">do pobrania plik zip<\/a>).<\/p>\n\n\n\n<hr class=\"wp-block-separator has-alpha-channel-opacity\"\/>\n\n\n\n<p>Dyrektor Szko\u0142y Podstawowej nr 58 im. Melchiora Wa\u0144kowicza w \u0141odzi zaprasza do z\u0142o\u017cenia oferty na:<\/p>\n\n\n\n<p>\u201eDostawa artyku\u0142\u00f3w \u017cywno\u015bciowych dla SP58 \u2013 soki, wody\u201d.<\/p>\n\n\n\n<p>Wszystkie informacje w za\u0142\u0105cznikach (<a href=\"https:\/\/sp58lodz.edu.pl\/wp-content\/uploads\/2022\/12\/SIWZ_soki.zip\">do pobrania plik zip<\/a>).<\/p>\n\n\n\n<hr class=\"wp-block-separator has-alpha-channel-opacity\"\/>\n\n\n\n<p>Dyrektor Szko\u0142y Podstawowej nr 58 im. Melchiora Wa\u0144kowicza w \u0141odzi zaprasza do z\u0142o\u017cenia oferty na:<\/p>\n\n\n\n<p>\u201eDostawa artyku\u0142\u00f3w \u017cywno\u015bciowych dla SP58 \u2013 jajka\u201d.<\/p>\n\n\n\n<p>Wszystkie informacje w za\u0142\u0105cznikach (<a href=\"https:\/\/sp58lodz.edu.pl\/wp-content\/uploads\/2022\/12\/SIWZ_jajka.zip\">do pobrania plik zip<\/a>).<\/p>\n\n\n\n<hr class=\"wp-block-separator has-alpha-channel-opacity\"\/>\n\n\n\n<p>\u0141\u00f3d\u017a, 11.01.2024<\/p>\n\n\n\n<p>Dyrektor Szko\u0142y Podstawowej nr 58 im. Melchiora Wa\u0144kowicza w \u0141odzi zaprasza do sk\u0142adania ofert w przedmiocie zam\u00f3wienia: \u201eDostawa artyku\u0142\u00f3w \u017cywno\u015bciowych dla SP58 \u2013 mi\u0119so\u201d. <a href=\"https:\/\/sp58lodz.edu.pl\/wp-content\/uploads\/2024\/02\/Zamowienie1.zip\">(pobierz za\u0142\u0105czniki w pliku zip.)<\/a><\/p>\n\n\n\n<hr class=\"wp-block-separator has-alpha-channel-opacity\"\/>\n\n\n\n<p>\u0141\u00f3d\u017a, 11.01.2024<\/p>\n\n\n\n<p>Dyrektor Szko\u0142y Podstawowej nr 58 im. Melchiora Wa\u0144kowicza w \u0141odzi zaprasza do sk\u0142adania ofert w przedmiocie zam\u00f3wienia: \u201eDostawa artyku\u0142\u00f3w \u017cywno\u015bciowych dla SP58 \u2013 mro\u017conki\u201d. <a href=\"https:\/\/sp58lodz.edu.pl\/wp-content\/uploads\/2024\/02\/Zamowienie2.zip\">(pobierz za\u0142\u0105czniki w pliku zip.)<\/a><\/p>\n\n\n\n<hr class=\"wp-block-separator has-alpha-channel-opacity\"\/>\n\n\n\n<p>\u0141\u00f3d\u017a, 11.01.2024<\/p>\n\n\n\n<p>Dyrektor Szko\u0142y Podstawowej nr 58 im. Melchiora Wa\u0144kowicza w \u0141odzi zaprasza do sk\u0142adania ofert w przedmiocie zam\u00f3wienia: \u201eDostawa artyku\u0142\u00f3w \u017cywno\u015bciowych dla SP58 \u2013 \u015bwie\u017ce warzywa, owoce, kiszonki\u201d. <a href=\"https:\/\/sp58lodz.edu.pl\/wp-content\/uploads\/2024\/02\/Zamowienie3.zip\">(pobierz za\u0142\u0105czniki w pliku zip.)<\/a><\/p>\n\n\n\n<hr class=\"wp-block-separator has-alpha-channel-opacity\"\/>\n\n\n\n<p>\u0141\u00f3d\u017a, 18 stycznia 2024 r.<\/p>\n\n\n\n<p>Dyrektor Szko\u0142y Podstawowej nr 58 im. Melchiora Wa\u0144kowicza w \u0141odzi w przedmiocie zam\u00f3wienia: \u201eDostawa artyku\u0142\u00f3w \u017cywno\u015bciowych dla SP58 \u2013 mi\u0119so\u201d informuje, \u017ce nie wybrano oferenta z powodu niez\u0142o\u017cenia ofert.<\/p>\n\n\n\n<hr class=\"wp-block-separator has-alpha-channel-opacity\"\/>\n\n\n\n<p>\u0141\u00f3d\u017a, 18 stycznia 2024 r.<\/p>\n\n\n\n<p>Dyrektor Szko\u0142y Podstawowej nr 58 im. Melchiora Wa\u0144kowicza w \u0141odzi w przedmiocie zam\u00f3wienia: \u201eDostawa artyku\u0142\u00f3w \u017cywno\u015bciowych dla SP58 \u2013 mro\u017conki\u201d informuje, \u017ce nie wybrano oferenta z powodu niez\u0142o\u017cenia ofert.<\/p>\n\n\n\n<hr class=\"wp-block-separator has-alpha-channel-opacity\"\/>\n\n\n\n<p>\u0141\u00f3d\u017a, 18 stycznia 2024 r.<\/p>\n\n\n\n<p>Dyrektor Szko\u0142y Podstawowej nr 58 im. Melchiora Wa\u0144kowicza w \u0141odzi w przedmiocie zam\u00f3wienia: \u201eDostawa artyku\u0142\u00f3w \u017cywno\u015bciowych dla SP58 \u2013 \u015bwie\u017ce warzywa, owoce, kiszonki\u201d informuje, \u017ce nie wybrano oferenta z powodu niez\u0142o\u017cenia ofert.<\/p>\n\n\n\n<hr class=\"wp-block-separator has-alpha-channel-opacity\"\/>\n\n\n\n<p>\u0141\u00f3d\u017a, 01.02.2024<\/p>\n\n\n\n<p>Dyrektor Szko\u0142y Podstawowej nr 58 im. Melchiora Wa\u0144kowicza w \u0141odzi zaprasza do sk\u0142adania ofert w przedmiocie zam\u00f3wienia: \u201eDostawa artyku\u0142\u00f3w \u017cywno\u015bciowych dla SP58 \u2013 mro\u017conki\u201d. <a href=\"https:\/\/sp58lodz.edu.pl\/wp-content\/uploads\/2024\/02\/Zamowienie4.zip\">(pobierz za\u0142\u0105czniki w pliku zip.)<\/a><\/p>\n\n\n\n<hr class=\"wp-block-separator has-alpha-channel-opacity\"\/>\n\n\n\n<p>\u0141\u00f3d\u017a, 01.02.2024<\/p>\n\n\n\n<p>Dyrektor Szko\u0142y Podstawowej nr 58 im. Melchiora Wa\u0144kowicza w \u0141odzi zaprasza do sk\u0142adania ofert w przedmiocie zam\u00f3wienia: \u201eDostawa artyku\u0142\u00f3w \u017cywno\u015bciowych dla SP58 \u2013 mi\u0119so\u201d. <a href=\"https:\/\/sp58lodz.edu.pl\/wp-content\/uploads\/2024\/02\/Zamowienie5.zip\">(pobierz za\u0142\u0105czniki w pliku zip.)<\/a><\/p>\n\n\n\n<hr class=\"wp-block-separator has-alpha-channel-opacity\"\/>\n\n\n\n<p>\u0141\u00f3d\u017a, 01.02.2024<\/p>\n\n\n\n<p>Dyrektor Szko\u0142y Podstawowej nr 58 im. Melchiora Wa\u0144kowicza w \u0141odzi zaprasza do sk\u0142adania ofert w przedmiocie zam\u00f3wienia: \u201eDostawa artyku\u0142\u00f3w \u017cywno\u015bciowych dla SP58 \u2013 \u015bwie\u017ce warzywa, owoce, kiszonki\u201d. <a href=\"https:\/\/sp58lodz.edu.pl\/wp-content\/uploads\/2024\/02\/Zamowienie6.zip\">(pobierz za\u0142\u0105czniki w pliku zip.)<\/a><\/p>\n\n\n\n<hr class=\"wp-block-separator has-alpha-channel-opacity\"\/>\n\n\n\n<p>Dyrektor Szko\u0142y Podstawowej nr 58 im. Melchiora Wa\u0144kowicza w \u0141odzi zaprasza do z\u0142o\u017cenia oferty na:<\/p>\n\n\n\n<p><strong>\u201eDostawa artyku\u0142\u00f3w \u017cywno\u015bciowych dla SP58 \u2013 \u015bwie\u017ce warzywa, owoce, kiszonki\u201d<\/strong> (<a href=\"https:\/\/sp58lodz.edu.pl\/wp-content\/uploads\/2024\/04\/Zamowienie-nr-1.zip\">pobierz za\u0142\u0105czniki w pliku zip.<\/a>)<\/p>\n\n\n\n<hr class=\"wp-block-separator has-alpha-channel-opacity\"\/>\n\n\n\n<p>Dyrektor Szko\u0142y Podstawowej nr 58 im. Melchiora Wa\u0144kowicza w \u0141odzi zaprasza do z\u0142o\u017cenia oferty na:<\/p>\n\n\n\n<p><strong>\u201eDostawa artyku\u0142\u00f3w \u017cywno\u015bciowych dla SP58 \u2013 mro\u017conki\u201d<\/strong> (<a href=\"https:\/\/sp58lodz.edu.pl\/wp-content\/uploads\/2024\/04\/Zamowienie-nr-2.zip\">pobierz za\u0142\u0105czniki w pliku zip.<\/a>)<\/p>\n\n\n\n<hr class=\"wp-block-separator has-alpha-channel-opacity\"\/>\n\n\n\n<p>Dyrektor Szko\u0142y Podstawowej nr 58 im. Melchiora Wa\u0144kowicza w \u0141odzi zaprasza do z\u0142o\u017cenia oferty na:<\/p>\n\n\n\n<p><strong>\u201eDostawa artyku\u0142\u00f3w \u017cywno\u015bciowych dla SP58 \u2013 mi\u0119so\u201d<\/strong> (<a href=\"https:\/\/sp58lodz.edu.pl\/wp-content\/uploads\/2024\/04\/Zamowienie-nr-3.zip\">pobierz za\u0142\u0105czniki w pliku zip.<\/a>)<\/p>\n","protected":false},"excerpt":{"rendered":"<p>Dyrektor Szko\u0142y Podstawowej nr 58 im. Melchiora Wa\u0144kowicza w \u0141odzi zaprasza do z\u0142o\u017cenia oferty na: \u201eDostawa artyku\u0142\u00f3w \u017cywno\u015bciowych dla SP58 \u2013 produkty gotowe (sur\u00f3wki, kluski, pierogi, nale\u015bniki)\u201d. Wszystkie informacje w za\u0142\u0105cznikach (do pobrania plik zip). Dyrektor Szko\u0142y Podstawowej nr 58&hellip; <a class=\"continue\" href=\"https:\/\/sp58lodz.edu.pl\/?page_id=2711\">Continue Reading<span> Zapytanie ofertowe<\/span><\/a><\/p>\n","protected":false},"author":2,"featured_media":0,"parent":0,"menu_order":0,"comment_status":"closed","ping_status":"closed","template":"","meta":{"footnotes":""},"class_list":["post-2711","page","type-page","status-publish","hentry"],"yoast_head":"<!-- This site is optimized with the Yoast SEO plugin v27.4 - https:\/\/yoast.com\/product\/yoast-seo-wordpress\/ -->\n<title>Zapytanie ofertowe - Szko\u0142a Podstawowa nr 58 im. Melchiora Wa\u0144kowicza w \u0141odzi<\/title>\n<meta name=\"robots\" content=\"index, follow, max-snippet:-1, max-image-preview:large, max-video-preview:-1\" \/>\n<link rel=\"canonical\" href=\"https:\/\/sp58lodz.edu.pl\/?page_id=2711\" \/>\n<meta property=\"og:locale\" content=\"pl_PL\" \/>\n<meta property=\"og:type\" content=\"article\" \/>\n<meta property=\"og:title\" content=\"Zapytanie ofertowe - Szko\u0142a Podstawowa nr 58 im. Melchiora Wa\u0144kowicza w \u0141odzi\" \/>\n<meta property=\"og:description\" content=\"Dyrektor Szko\u0142y Podstawowej nr 58 im. Melchiora Wa\u0144kowicza w \u0141odzi zaprasza do z\u0142o\u017cenia oferty na: \u201eDostawa artyku\u0142\u00f3w \u017cywno\u015bciowych dla SP58 \u2013 produkty gotowe (sur\u00f3wki, kluski, pierogi, nale\u015bniki)\u201d. Wszystkie informacje w za\u0142\u0105cznikach (do pobrania plik zip). Dyrektor Szko\u0142y Podstawowej nr 58&hellip; Continue Reading Zapytanie ofertowe\" \/>\n<meta property=\"og:url\" content=\"https:\/\/sp58lodz.edu.pl\/?page_id=2711\" \/>\n<meta property=\"og:site_name\" content=\"Szko\u0142a Podstawowa nr 58 im. Melchiora Wa\u0144kowicza w \u0141odzi\" \/>\n<meta property=\"article:modified_time\" content=\"2024-04-09T10:06:13+00:00\" \/>\n<meta name=\"twitter:card\" content=\"summary_large_image\" \/>\n<meta name=\"twitter:label1\" content=\"Szacowany czas czytania\" \/>\n\t<meta name=\"twitter:data1\" content=\"4 minuty\" \/>\n<script type=\"application\/ld+json\" class=\"yoast-schema-graph\">{\"@context\":\"https:\\\/\\\/schema.org\",\"@graph\":[{\"@type\":\"WebPage\",\"@id\":\"https:\\\/\\\/sp58lodz.edu.pl\\\/?page_id=2711\",\"url\":\"https:\\\/\\\/sp58lodz.edu.pl\\\/?page_id=2711\",\"name\":\"Zapytanie ofertowe - Szko\u0142a Podstawowa nr 58 im. Melchiora Wa\u0144kowicza w \u0141odzi\",\"isPartOf\":{\"@id\":\"https:\\\/\\\/sp58lodz.edu.pl\\\/#website\"},\"datePublished\":\"2020-07-17T11:57:03+00:00\",\"dateModified\":\"2024-04-09T10:06:13+00:00\",\"breadcrumb\":{\"@id\":\"https:\\\/\\\/sp58lodz.edu.pl\\\/?page_id=2711#breadcrumb\"},\"inLanguage\":\"pl-PL\",\"potentialAction\":[{\"@type\":\"ReadAction\",\"target\":[\"https:\\\/\\\/sp58lodz.edu.pl\\\/?page_id=2711\"]}]},{\"@type\":\"BreadcrumbList\",\"@id\":\"https:\\\/\\\/sp58lodz.edu.pl\\\/?page_id=2711#breadcrumb\",\"itemListElement\":[{\"@type\":\"ListItem\",\"position\":1,\"name\":\"Strona g\u0142\u00f3wna\",\"item\":\"https:\\\/\\\/sp58lodz.edu.pl\\\/\"},{\"@type\":\"ListItem\",\"position\":2,\"name\":\"Zapytanie ofertowe\"}]},{\"@type\":\"WebSite\",\"@id\":\"https:\\\/\\\/sp58lodz.edu.pl\\\/#website\",\"url\":\"https:\\\/\\\/sp58lodz.edu.pl\\\/\",\"name\":\"Szko\u0142a Podstawowa nr 58 im. Melchiora Wa\u0144kowicza w \u0141odzi\",\"description\":\"Strona Szko\u0142y Podstawowej nr 58 w \u0141odzi\",\"publisher\":{\"@id\":\"https:\\\/\\\/sp58lodz.edu.pl\\\/#organization\"},\"potentialAction\":[{\"@type\":\"SearchAction\",\"target\":{\"@type\":\"EntryPoint\",\"urlTemplate\":\"https:\\\/\\\/sp58lodz.edu.pl\\\/?s={search_term_string}\"},\"query-input\":{\"@type\":\"PropertyValueSpecification\",\"valueRequired\":true,\"valueName\":\"search_term_string\"}}],\"inLanguage\":\"pl-PL\"},{\"@type\":\"Organization\",\"@id\":\"https:\\\/\\\/sp58lodz.edu.pl\\\/#organization\",\"name\":\"Szko\u0142a Podstawowa nr 58 im. Melchiora Wa\u0144kowicza w \u0141odzi\",\"url\":\"https:\\\/\\\/sp58lodz.edu.pl\\\/\",\"logo\":{\"@type\":\"ImageObject\",\"inLanguage\":\"pl-PL\",\"@id\":\"https:\\\/\\\/sp58lodz.edu.pl\\\/#\\\/schema\\\/logo\\\/image\\\/\",\"url\":\"https:\\\/\\\/sp58lodz.edu.pl\\\/wp-content\\\/uploads\\\/2019\\\/01\\\/cropped-cropped-logo_pat-e1601973191516.png\",\"contentUrl\":\"https:\\\/\\\/sp58lodz.edu.pl\\\/wp-content\\\/uploads\\\/2019\\\/01\\\/cropped-cropped-logo_pat-e1601973191516.png\",\"width\":140,\"height\":140,\"caption\":\"Szko\u0142a Podstawowa nr 58 im. Melchiora Wa\u0144kowicza w \u0141odzi\"},\"image\":{\"@id\":\"https:\\\/\\\/sp58lodz.edu.pl\\\/#\\\/schema\\\/logo\\\/image\\\/\"}}]}<\/script>\n<!-- \/ Yoast SEO plugin. -->","yoast_head_json":{"title":"Zapytanie ofertowe - Szko\u0142a Podstawowa nr 58 im. Melchiora Wa\u0144kowicza w \u0141odzi","robots":{"index":"index","follow":"follow","max-snippet":"max-snippet:-1","max-image-preview":"max-image-preview:large","max-video-preview":"max-video-preview:-1"},"canonical":"https:\/\/sp58lodz.edu.pl\/?page_id=2711","og_locale":"pl_PL","og_type":"article","og_title":"Zapytanie ofertowe - Szko\u0142a Podstawowa nr 58 im. Melchiora Wa\u0144kowicza w \u0141odzi","og_description":"Dyrektor Szko\u0142y Podstawowej nr 58 im. Melchiora Wa\u0144kowicza w \u0141odzi zaprasza do z\u0142o\u017cenia oferty na: \u201eDostawa artyku\u0142\u00f3w \u017cywno\u015bciowych dla SP58 \u2013 produkty gotowe (sur\u00f3wki, kluski, pierogi, nale\u015bniki)\u201d. Wszystkie informacje w za\u0142\u0105cznikach (do pobrania plik zip). Dyrektor Szko\u0142y Podstawowej nr 58&hellip; Continue Reading Zapytanie ofertowe","og_url":"https:\/\/sp58lodz.edu.pl\/?page_id=2711","og_site_name":"Szko\u0142a Podstawowa nr 58 im. Melchiora Wa\u0144kowicza w \u0141odzi","article_modified_time":"2024-04-09T10:06:13+00:00","twitter_card":"summary_large_image","twitter_misc":{"Szacowany czas czytania":"4 minuty"},"schema":{"@context":"https:\/\/schema.org","@graph":[{"@type":"WebPage","@id":"https:\/\/sp58lodz.edu.pl\/?page_id=2711","url":"https:\/\/sp58lodz.edu.pl\/?page_id=2711","name":"Zapytanie ofertowe - Szko\u0142a Podstawowa nr 58 im. Melchiora Wa\u0144kowicza w \u0141odzi","isPartOf":{"@id":"https:\/\/sp58lodz.edu.pl\/#website"},"datePublished":"2020-07-17T11:57:03+00:00","dateModified":"2024-04-09T10:06:13+00:00","breadcrumb":{"@id":"https:\/\/sp58lodz.edu.pl\/?page_id=2711#breadcrumb"},"inLanguage":"pl-PL","potentialAction":[{"@type":"ReadAction","target":["https:\/\/sp58lodz.edu.pl\/?page_id=2711"]}]},{"@type":"BreadcrumbList","@id":"https:\/\/sp58lodz.edu.pl\/?page_id=2711#breadcrumb","itemListElement":[{"@type":"ListItem","position":1,"name":"Strona g\u0142\u00f3wna","item":"https:\/\/sp58lodz.edu.pl\/"},{"@type":"ListItem","position":2,"name":"Zapytanie ofertowe"}]},{"@type":"WebSite","@id":"https:\/\/sp58lodz.edu.pl\/#website","url":"https:\/\/sp58lodz.edu.pl\/","name":"Szko\u0142a Podstawowa nr 58 im. Melchiora Wa\u0144kowicza w \u0141odzi","description":"Strona Szko\u0142y Podstawowej nr 58 w \u0141odzi","publisher":{"@id":"https:\/\/sp58lodz.edu.pl\/#organization"},"potentialAction":[{"@type":"SearchAction","target":{"@type":"EntryPoint","urlTemplate":"https:\/\/sp58lodz.edu.pl\/?s={search_term_string}"},"query-input":{"@type":"PropertyValueSpecification","valueRequired":true,"valueName":"search_term_string"}}],"inLanguage":"pl-PL"},{"@type":"Organization","@id":"https:\/\/sp58lodz.edu.pl\/#organization","name":"Szko\u0142a Podstawowa nr 58 im. Melchiora Wa\u0144kowicza w \u0141odzi","url":"https:\/\/sp58lodz.edu.pl\/","logo":{"@type":"ImageObject","inLanguage":"pl-PL","@id":"https:\/\/sp58lodz.edu.pl\/#\/schema\/logo\/image\/","url":"https:\/\/sp58lodz.edu.pl\/wp-content\/uploads\/2019\/01\/cropped-cropped-logo_pat-e1601973191516.png","contentUrl":"https:\/\/sp58lodz.edu.pl\/wp-content\/uploads\/2019\/01\/cropped-cropped-logo_pat-e1601973191516.png","width":140,"height":140,"caption":"Szko\u0142a Podstawowa nr 58 im. Melchiora Wa\u0144kowicza w \u0141odzi"},"image":{"@id":"https:\/\/sp58lodz.edu.pl\/#\/schema\/logo\/image\/"}}]}},"_links":{"self":[{"href":"https:\/\/sp58lodz.edu.pl\/index.php?rest_route=\/wp\/v2\/pages\/2711","targetHints":{"allow":["GET"]}}],"collection":[{"href":"https:\/\/sp58lodz.edu.pl\/index.php?rest_route=\/wp\/v2\/pages"}],"about":[{"href":"https:\/\/sp58lodz.edu.pl\/index.php?rest_route=\/wp\/v2\/types\/page"}],"author":[{"embeddable":true,"href":"https:\/\/sp58lodz.edu.pl\/index.php?rest_route=\/wp\/v2\/users\/2"}],"replies":[{"embeddable":true,"href":"https:\/\/sp58lodz.edu.pl\/index.php?rest_route=%2Fwp%2Fv2%2Fcomments&post=2711"}],"version-history":[{"count":51,"href":"https:\/\/sp58lodz.edu.pl\/index.php?rest_route=\/wp\/v2\/pages\/2711\/revisions"}],"predecessor-version":[{"id":6516,"href":"https:\/\/sp58lodz.edu.pl\/index.php?rest_route=\/wp\/v2\/pages\/2711\/revisions\/6516"}],"wp:attachment":[{"href":"https:\/\/sp58lodz.edu.pl\/index.php?rest_route=%2Fwp%2Fv2%2Fmedia&parent=2711"}],"curies":[{"name":"wp","href":"https:\/\/api.w.org\/{rel}","templated":true}]}}