{"id":262,"date":"2019-01-24T15:34:51","date_gmt":"2019-01-24T15:34:51","guid":{"rendered":"http:\/\/sp58lodz.edu.pl\/?page_id=262"},"modified":"2025-03-13T08:32:20","modified_gmt":"2025-03-13T07:32:20","slug":"patron","status":"publish","type":"page","link":"https:\/\/sp58lodz.edu.pl\/?page_id=262","title":{"rendered":"Patron"},"content":{"rendered":"\n<figure class=\"wp-block-gallery has-nested-images columns-default is-cropped wp-block-gallery-1 is-layout-flex wp-block-gallery-is-layout-flex\">\n<figure class=\"wp-block-image\"><img loading=\"lazy\" decoding=\"async\" width=\"350\" height=\"480\" data-id=\"279\" src=\"https:\/\/sp58lodz.edu.pl\/wp-content\/uploads\/2019\/01\/melchior.jpg\" alt=\"\" class=\"wp-image-279\" srcset=\"https:\/\/sp58lodz.edu.pl\/wp-content\/uploads\/2019\/01\/melchior.jpg 350w, https:\/\/sp58lodz.edu.pl\/wp-content\/uploads\/2019\/01\/melchior-219x300.jpg 219w, https:\/\/sp58lodz.edu.pl\/wp-content\/uploads\/2019\/01\/melchior-197x270.jpg 197w\" sizes=\"auto, (max-width: 350px) 100vw, 350px\" \/><\/figure>\n<\/figure>\n\n\n\n<p>Pisarz i publicysta, klasyk literatury faktu. By\u0142 wybitnym reporta\u017cyst\u0105, publicyst\u0105, prozaikiem i korespondentem wojennym. Stworzy\u0142 niepowtarzalny typ reporta\u017cu, \u0142\u0105cz\u0105cego autentyzm zdarze\u0144 z elementami wspomnieniowymi i fabularno-anegdotycznymi.&nbsp; Jego \u017cycie by\u0142o barwne i niezwykle aktywne. Urodzi\u0142 si\u0119 w 1892 roku. Dzieci\u0144stwo na kresach i ziemia\u0144skie tradycje opisa\u0142 p\u00f3\u017aniej w &#8222;Szczeni\u0119cych latach&#8221;, ksi\u0105\u017cce, kt\u00f3ra przynios\u0142a mu pierwszy sukces. W latach szkolnych wiele czasu po\u015bwi\u0119ci\u0142 konspiracji. By\u0142 we w\u0142adzach Pet-u, nielegalnej organizacji m\u0142odzie\u017cowej, organizowa\u0142 strajki szkolne, siedzia\u0142 w wi\u0119zieniu. Bra\u0142 udzia\u0142 w wojnie z bolszewikami w 1920 roku.<\/p>\n\n\n\n<p>W 1926 roku za\u0142o\u017cy\u0142 Towarzystwo Wydawnicze R\u00f3j. Przed wojn\u0105 wyda\u0142 &#8222;Strz\u0119py epopei&#8221;, &#8222;Sztafet\u0119&#8221; i &#8222;Na tropach Sm\u0119tka&#8221;. Za t\u0119 ostatni\u0105 ksi\u0105\u017ck\u0119 by\u0142 prze\u015bladowany przez hitlerowc\u00f3w i w 1939 roku wyjecha\u0142 do Rumunii. Tam powsta\u0142y najg\u0142o\u015bniejsze ksi\u0105\u017cki o wrze\u015bniu&#8217;39 jak &#8222;Westerplatte&#8221; i &#8222;Hubalczycy&#8221;. Podczas kampanii w\u0142oskiej i walk o Monte Cassino by\u0142 korespondentem wojennym. Tym wydarzeniom po\u015bwi\u0119ci\u0142 3-tomow\u0105 monografi\u0119 &#8222;Bitwa pod Monte Cassino&#8221;. Z\u0142o\u017cy\u0142 w niej ho\u0142d bohaterstwu \u017co\u0142nierzy genera\u0142a Andersa i uwieczni\u0142 martyrologi\u0119 Polak\u00f3w na Wschodzie. Ksi\u0105\u017cka ta ukazywa\u0142a si\u0119 wielokrotnie w PRL, jednak za ka\u017cdym razem ocenzurowana.&nbsp; Od 1949 roku Wa\u0144kowicz mieszka\u0142 w Stanach Zjednoczonych. Na emigracji powsta\u0142y mi\u0119dzy innymi &#8222;Droga do Urz\u0119dowa&#8221;, &#8222;Tworzywo&#8221; i &#8222;Ziele na kraterze&#8221;. W maju 1958 roku wr\u00f3ci\u0142 na sta\u0142e do kraju. Wsp\u00f3\u0142pracowa\u0142 z licznymi czasopismami, publikowa\u0142 powie\u015bci, zbiory reporta\u017cy i esej\u00f3w, opowiadania i wspomnienia, mi\u0119dzy innymi &#8222;W \u015blady Kolumba&#8221;, &#8222;Atlantyk-Pacyfik&#8221;, &#8222;Kr\u00f3lik i oceany&#8221;, &#8222;W p\u0119pku Ameryki&#8221;, &#8222;Zupa na gwo\u017adziu&#8221; i &#8222;Karafka La Fontaine&#8217;a&#8221;.&nbsp; Przez 20 ostatnich lat \u017cycia by\u0142 jednym z najpopularniejszych i najbardziej poczytnych pisarzy polskich. By\u0142 mistrzem j\u0119zyka polskiego, wra\u017cliwym na r\u00f3\u017cne barwy i odcienie polszczyzny. Zmar\u0142 10 wrze\u015bnia 1974 roku.<\/p>\n\n\n\n<p><strong>Materia\u0142y dotycz\u0105ce Melchiora Wa\u0144kowicza:<\/strong><\/p>\n\n\n\n<p><strong>Audiobooki:<\/strong><\/p>\n\n\n\n<p>&#8211; \u201eNa tropach Sm\u0119tka\u201d<\/p>\n\n\n\n<p>cz. 1.: <a href=\"https:\/\/www.youtube.com\/watch?v=Qp8PvCCi54s\">https:\/\/www.youtube.com\/watch?v=Qp8PvCCi54s<\/a><\/p>\n\n\n\n<p>cz. 2.: <a href=\"https:\/\/www.youtube.com\/watch?v=BeMXqa9zjYo\">https:\/\/www.youtube.com\/watch?v=BeMXqa9zjYo<\/a><\/p>\n\n\n\n<p>&#8211; \u201eZiele na kraterze\u201d<\/p>\n\n\n\n<p>cz. 1.: <a href=\"https:\/\/www.youtube.com\/watch?v=BeMXqa9zjYo\">https:\/\/www.youtube.com\/watch?v=BeMXqa9zjYo<\/a><\/p>\n\n\n\n<p>cz. 2.: <a href=\"https:\/\/www.youtube.com\/watch?v=_bj7y3_1wKI\">https:\/\/www.youtube.com\/watch?v=_bj7y3_1wKI<\/a><\/p>\n\n\n\n<p>&#8211; \u201eSzkice spod Monte Cassino\u201d<\/p>\n\n\n\n<figure class=\"wp-block-embed is-type-video is-provider-youtube wp-block-embed-youtube wp-embed-aspect-4-3 wp-has-aspect-ratio\"><div class=\"wp-block-embed__wrapper\">\n<iframe loading=\"lazy\" title=\"Szkice spod Monte Cassino - Melchior Wa\u0144kowicz  | Audiobook PL\" width=\"847\" height=\"635\" src=\"https:\/\/www.youtube.com\/embed\/9O0PCntf8Ro?feature=oembed\" frameborder=\"0\" allow=\"accelerometer; autoplay; clipboard-write; encrypted-media; gyroscope; picture-in-picture; web-share\" referrerpolicy=\"strict-origin-when-cross-origin\" allowfullscreen><\/iframe>\n<\/div><\/figure>\n\n\n\n<p><strong>Filmy z i o Melchiorze Wa\u0144kowiczu:<\/strong><\/p>\n\n\n\n<p>&#8211; historie i anegdoty opowiadane przez M. Wa\u0144kowicza<\/p>\n\n\n\n<p><em>&#8212; o swym dzieci\u0144stwie:<\/em><\/p>\n\n\n\n<figure class=\"wp-block-embed is-type-video is-provider-youtube wp-block-embed-youtube wp-embed-aspect-16-9 wp-has-aspect-ratio\"><div class=\"wp-block-embed__wrapper\">\n<iframe loading=\"lazy\" title=\"&quot;Dzi\u0119ki rodzinnym korzeniom jest si\u0119 silniejszym&quot;. Melchior Wa\u0144kowicz o swoich &quot;szczeni\u0119cych latach&quot;\" width=\"847\" height=\"476\" src=\"https:\/\/www.youtube.com\/embed\/UJYP44X57kU?feature=oembed\" frameborder=\"0\" allow=\"accelerometer; autoplay; clipboard-write; encrypted-media; gyroscope; picture-in-picture; web-share\" referrerpolicy=\"strict-origin-when-cross-origin\" allowfullscreen><\/iframe>\n<\/div><\/figure>\n\n\n\n<p><em>&#8212; o bitwie pod Monte Cassino:<\/em><\/p>\n\n\n\n<figure class=\"wp-block-embed is-type-video is-provider-youtube wp-block-embed-youtube wp-embed-aspect-16-9 wp-has-aspect-ratio\"><div class=\"wp-block-embed__wrapper\">\n<iframe loading=\"lazy\" title=\"75. rocznica bitwy o Monte Cassino. Wspomnienie Melchiora Wa\u0144kowicza\" width=\"847\" height=\"476\" src=\"https:\/\/www.youtube.com\/embed\/8A3AvnSQ5mw?feature=oembed\" frameborder=\"0\" allow=\"accelerometer; autoplay; clipboard-write; encrypted-media; gyroscope; picture-in-picture; web-share\" referrerpolicy=\"strict-origin-when-cross-origin\" allowfullscreen><\/iframe>\n<\/div><\/figure>\n\n\n\n<p><em>&#8212; o emigracji:<\/em><\/p>\n\n\n\n<figure class=\"wp-block-embed is-type-video is-provider-youtube wp-block-embed-youtube wp-embed-aspect-16-9 wp-has-aspect-ratio\"><div class=\"wp-block-embed__wrapper\">\n<iframe loading=\"lazy\" title=\"Melchior Wa\u0144kowicz - spotkanie  z majorem Sucharskim\" width=\"847\" height=\"476\" src=\"https:\/\/www.youtube.com\/embed\/4fGxH2EYz80?feature=oembed\" frameborder=\"0\" allow=\"accelerometer; autoplay; clipboard-write; encrypted-media; gyroscope; picture-in-picture; web-share\" referrerpolicy=\"strict-origin-when-cross-origin\" allowfullscreen><\/iframe>\n<\/div><\/figure>\n\n\n\n<p>&#8211; powr\u00f3t do kraju:<\/p>\n\n\n\n<figure class=\"wp-block-embed is-type-video is-provider-youtube wp-block-embed-youtube wp-embed-aspect-16-9 wp-has-aspect-ratio\"><div class=\"wp-block-embed__wrapper\">\n<iframe loading=\"lazy\" title=\"Droga do domu - Melchior Wa\u0144kowicz\" width=\"847\" height=\"476\" src=\"https:\/\/www.youtube.com\/embed\/zkQexdx9GnE?feature=oembed\" frameborder=\"0\" allow=\"accelerometer; autoplay; clipboard-write; encrypted-media; gyroscope; picture-in-picture; web-share\" referrerpolicy=\"strict-origin-when-cross-origin\" allowfullscreen><\/iframe>\n<\/div><\/figure>\n\n\n\n<p>&#8211; wywiad z asystentk\u0105 M. Wa\u0144kowicza \u2013 p. Aleksandr\u0105 Zi\u00f3\u0142kowsk\u0105-Boehm<\/p>\n\n\n\n<figure class=\"wp-block-embed is-type-video is-provider-youtube wp-block-embed-youtube wp-embed-aspect-16-9 wp-has-aspect-ratio\"><div class=\"wp-block-embed__wrapper\">\n<iframe loading=\"lazy\" title=\"O WA\u0143KOWICZU * ALEKSANDRA ZI\u00d3\u0141KOWSKA-BOEHM\" width=\"847\" height=\"476\" src=\"https:\/\/www.youtube.com\/embed\/R8fSHLobFzs?feature=oembed\" frameborder=\"0\" allow=\"accelerometer; autoplay; clipboard-write; encrypted-media; gyroscope; picture-in-picture; web-share\" referrerpolicy=\"strict-origin-when-cross-origin\" allowfullscreen><\/iframe>\n<\/div><\/figure>\n\n\n\n<p><strong>Artyku\u0142y o Melchiorze Wa\u0144kowiczu:<\/strong><\/p>\n\n\n\n<figure class=\"wp-block-embed\"><div class=\"wp-block-embed__wrapper\">\nhttps:\/\/culture.pl\/pl\/tworca\/melchior-wankowicz\n<\/div><\/figure>\n\n\n\n<figure class=\"wp-block-embed\"><div class=\"wp-block-embed__wrapper\">\nhttps:\/\/polskieradio24.pl\/artykul\/757254,Melchior-Wankowicz-Klasyk-polskiego-reportazu\n<\/div><\/figure>\n\n\n\n<p><\/p>\n","protected":false},"excerpt":{"rendered":"<p>Pisarz i publicysta, klasyk literatury faktu. By\u0142 wybitnym reporta\u017cyst\u0105, publicyst\u0105, prozaikiem i korespondentem wojennym. Stworzy\u0142 niepowtarzalny typ reporta\u017cu, \u0142\u0105cz\u0105cego autentyzm zdarze\u0144 z elementami wspomnieniowymi i fabularno-anegdotycznymi.&nbsp; Jego \u017cycie by\u0142o barwne i niezwykle aktywne. Urodzi\u0142 si\u0119 w 1892 roku. Dzieci\u0144stwo na&hellip; <a class=\"continue\" href=\"https:\/\/sp58lodz.edu.pl\/?page_id=262\">Continue Reading<span> Patron<\/span><\/a><\/p>\n","protected":false},"author":2,"featured_media":0,"parent":27,"menu_order":0,"comment_status":"closed","ping_status":"closed","template":"","meta":{"footnotes":""},"class_list":["post-262","page","type-page","status-publish","hentry"],"yoast_head":"<!-- This site is optimized with the Yoast SEO plugin v27.5 - https:\/\/yoast.com\/product\/yoast-seo-wordpress\/ -->\n<title>Patron - Szko\u0142a Podstawowa nr 58 im. Melchiora Wa\u0144kowicza w \u0141odzi<\/title>\n<meta name=\"robots\" content=\"index, follow, max-snippet:-1, max-image-preview:large, max-video-preview:-1\" \/>\n<link rel=\"canonical\" href=\"https:\/\/sp58lodz.edu.pl\/?page_id=262\" \/>\n<meta property=\"og:locale\" content=\"pl_PL\" \/>\n<meta property=\"og:type\" content=\"article\" \/>\n<meta property=\"og:title\" content=\"Patron - Szko\u0142a Podstawowa nr 58 im. Melchiora Wa\u0144kowicza w \u0141odzi\" \/>\n<meta property=\"og:description\" content=\"Pisarz i publicysta, klasyk literatury faktu. By\u0142 wybitnym reporta\u017cyst\u0105, publicyst\u0105, prozaikiem i korespondentem wojennym. Stworzy\u0142 niepowtarzalny typ reporta\u017cu, \u0142\u0105cz\u0105cego autentyzm zdarze\u0144 z elementami wspomnieniowymi i fabularno-anegdotycznymi.&nbsp; Jego \u017cycie by\u0142o barwne i niezwykle aktywne. Urodzi\u0142 si\u0119 w 1892 roku. Dzieci\u0144stwo na&hellip; Continue Reading Patron\" \/>\n<meta property=\"og:url\" content=\"https:\/\/sp58lodz.edu.pl\/?page_id=262\" \/>\n<meta property=\"og:site_name\" content=\"Szko\u0142a Podstawowa nr 58 im. Melchiora Wa\u0144kowicza w \u0141odzi\" \/>\n<meta property=\"article:modified_time\" content=\"2025-03-13T07:32:20+00:00\" \/>\n<meta property=\"og:image\" content=\"https:\/\/sp58lodz.edu.pl\/wp-content\/uploads\/2019\/01\/melchior.jpg\" \/>\n\t<meta property=\"og:image:width\" content=\"350\" \/>\n\t<meta property=\"og:image:height\" content=\"480\" \/>\n\t<meta property=\"og:image:type\" content=\"image\/jpeg\" \/>\n<meta name=\"twitter:card\" content=\"summary_large_image\" \/>\n<meta name=\"twitter:label1\" content=\"Szacowany czas czytania\" \/>\n\t<meta name=\"twitter:data1\" content=\"3 minuty\" \/>\n<script type=\"application\/ld+json\" class=\"yoast-schema-graph\">{\"@context\":\"https:\\\/\\\/schema.org\",\"@graph\":[{\"@type\":\"WebPage\",\"@id\":\"https:\\\/\\\/sp58lodz.edu.pl\\\/?page_id=262\",\"url\":\"https:\\\/\\\/sp58lodz.edu.pl\\\/?page_id=262\",\"name\":\"Patron - Szko\u0142a Podstawowa nr 58 im. Melchiora Wa\u0144kowicza w \u0141odzi\",\"isPartOf\":{\"@id\":\"https:\\\/\\\/sp58lodz.edu.pl\\\/#website\"},\"primaryImageOfPage\":{\"@id\":\"https:\\\/\\\/sp58lodz.edu.pl\\\/?page_id=262#primaryimage\"},\"image\":{\"@id\":\"https:\\\/\\\/sp58lodz.edu.pl\\\/?page_id=262#primaryimage\"},\"thumbnailUrl\":\"https:\\\/\\\/sp58lodz.edu.pl\\\/wp-content\\\/uploads\\\/2019\\\/01\\\/melchior.jpg\",\"datePublished\":\"2019-01-24T15:34:51+00:00\",\"dateModified\":\"2025-03-13T07:32:20+00:00\",\"breadcrumb\":{\"@id\":\"https:\\\/\\\/sp58lodz.edu.pl\\\/?page_id=262#breadcrumb\"},\"inLanguage\":\"pl-PL\",\"potentialAction\":[{\"@type\":\"ReadAction\",\"target\":[\"https:\\\/\\\/sp58lodz.edu.pl\\\/?page_id=262\"]}]},{\"@type\":\"ImageObject\",\"inLanguage\":\"pl-PL\",\"@id\":\"https:\\\/\\\/sp58lodz.edu.pl\\\/?page_id=262#primaryimage\",\"url\":\"https:\\\/\\\/sp58lodz.edu.pl\\\/wp-content\\\/uploads\\\/2019\\\/01\\\/melchior.jpg\",\"contentUrl\":\"https:\\\/\\\/sp58lodz.edu.pl\\\/wp-content\\\/uploads\\\/2019\\\/01\\\/melchior.jpg\",\"width\":350,\"height\":480},{\"@type\":\"BreadcrumbList\",\"@id\":\"https:\\\/\\\/sp58lodz.edu.pl\\\/?page_id=262#breadcrumb\",\"itemListElement\":[{\"@type\":\"ListItem\",\"position\":1,\"name\":\"Strona g\u0142\u00f3wna\",\"item\":\"https:\\\/\\\/sp58lodz.edu.pl\\\/\"},{\"@type\":\"ListItem\",\"position\":2,\"name\":\"O szkole\",\"item\":\"https:\\\/\\\/sp58lodz.edu.pl\\\/?page_id=27\"},{\"@type\":\"ListItem\",\"position\":3,\"name\":\"Patron\"}]},{\"@type\":\"WebSite\",\"@id\":\"https:\\\/\\\/sp58lodz.edu.pl\\\/#website\",\"url\":\"https:\\\/\\\/sp58lodz.edu.pl\\\/\",\"name\":\"Szko\u0142a Podstawowa nr 58 im. Melchiora Wa\u0144kowicza w \u0141odzi\",\"description\":\"Strona Szko\u0142y Podstawowej nr 58 w \u0141odzi\",\"publisher\":{\"@id\":\"https:\\\/\\\/sp58lodz.edu.pl\\\/#organization\"},\"potentialAction\":[{\"@type\":\"SearchAction\",\"target\":{\"@type\":\"EntryPoint\",\"urlTemplate\":\"https:\\\/\\\/sp58lodz.edu.pl\\\/?s={search_term_string}\"},\"query-input\":{\"@type\":\"PropertyValueSpecification\",\"valueRequired\":true,\"valueName\":\"search_term_string\"}}],\"inLanguage\":\"pl-PL\"},{\"@type\":\"Organization\",\"@id\":\"https:\\\/\\\/sp58lodz.edu.pl\\\/#organization\",\"name\":\"Szko\u0142a Podstawowa nr 58 im. Melchiora Wa\u0144kowicza w \u0141odzi\",\"url\":\"https:\\\/\\\/sp58lodz.edu.pl\\\/\",\"logo\":{\"@type\":\"ImageObject\",\"inLanguage\":\"pl-PL\",\"@id\":\"https:\\\/\\\/sp58lodz.edu.pl\\\/#\\\/schema\\\/logo\\\/image\\\/\",\"url\":\"https:\\\/\\\/sp58lodz.edu.pl\\\/wp-content\\\/uploads\\\/2019\\\/01\\\/cropped-cropped-logo_pat-e1601973191516.png\",\"contentUrl\":\"https:\\\/\\\/sp58lodz.edu.pl\\\/wp-content\\\/uploads\\\/2019\\\/01\\\/cropped-cropped-logo_pat-e1601973191516.png\",\"width\":140,\"height\":140,\"caption\":\"Szko\u0142a Podstawowa nr 58 im. Melchiora Wa\u0144kowicza w \u0141odzi\"},\"image\":{\"@id\":\"https:\\\/\\\/sp58lodz.edu.pl\\\/#\\\/schema\\\/logo\\\/image\\\/\"}}]}<\/script>\n<!-- \/ Yoast SEO plugin. -->","yoast_head_json":{"title":"Patron - Szko\u0142a Podstawowa nr 58 im. Melchiora Wa\u0144kowicza w \u0141odzi","robots":{"index":"index","follow":"follow","max-snippet":"max-snippet:-1","max-image-preview":"max-image-preview:large","max-video-preview":"max-video-preview:-1"},"canonical":"https:\/\/sp58lodz.edu.pl\/?page_id=262","og_locale":"pl_PL","og_type":"article","og_title":"Patron - Szko\u0142a Podstawowa nr 58 im. Melchiora Wa\u0144kowicza w \u0141odzi","og_description":"Pisarz i publicysta, klasyk literatury faktu. By\u0142 wybitnym reporta\u017cyst\u0105, publicyst\u0105, prozaikiem i korespondentem wojennym. Stworzy\u0142 niepowtarzalny typ reporta\u017cu, \u0142\u0105cz\u0105cego autentyzm zdarze\u0144 z elementami wspomnieniowymi i fabularno-anegdotycznymi.&nbsp; Jego \u017cycie by\u0142o barwne i niezwykle aktywne. Urodzi\u0142 si\u0119 w 1892 roku. Dzieci\u0144stwo na&hellip; Continue Reading Patron","og_url":"https:\/\/sp58lodz.edu.pl\/?page_id=262","og_site_name":"Szko\u0142a Podstawowa nr 58 im. Melchiora Wa\u0144kowicza w \u0141odzi","article_modified_time":"2025-03-13T07:32:20+00:00","og_image":[{"width":350,"height":480,"url":"https:\/\/sp58lodz.edu.pl\/wp-content\/uploads\/2019\/01\/melchior.jpg","type":"image\/jpeg"}],"twitter_card":"summary_large_image","twitter_misc":{"Szacowany czas czytania":"3 minuty"},"schema":{"@context":"https:\/\/schema.org","@graph":[{"@type":"WebPage","@id":"https:\/\/sp58lodz.edu.pl\/?page_id=262","url":"https:\/\/sp58lodz.edu.pl\/?page_id=262","name":"Patron - Szko\u0142a Podstawowa nr 58 im. Melchiora Wa\u0144kowicza w \u0141odzi","isPartOf":{"@id":"https:\/\/sp58lodz.edu.pl\/#website"},"primaryImageOfPage":{"@id":"https:\/\/sp58lodz.edu.pl\/?page_id=262#primaryimage"},"image":{"@id":"https:\/\/sp58lodz.edu.pl\/?page_id=262#primaryimage"},"thumbnailUrl":"https:\/\/sp58lodz.edu.pl\/wp-content\/uploads\/2019\/01\/melchior.jpg","datePublished":"2019-01-24T15:34:51+00:00","dateModified":"2025-03-13T07:32:20+00:00","breadcrumb":{"@id":"https:\/\/sp58lodz.edu.pl\/?page_id=262#breadcrumb"},"inLanguage":"pl-PL","potentialAction":[{"@type":"ReadAction","target":["https:\/\/sp58lodz.edu.pl\/?page_id=262"]}]},{"@type":"ImageObject","inLanguage":"pl-PL","@id":"https:\/\/sp58lodz.edu.pl\/?page_id=262#primaryimage","url":"https:\/\/sp58lodz.edu.pl\/wp-content\/uploads\/2019\/01\/melchior.jpg","contentUrl":"https:\/\/sp58lodz.edu.pl\/wp-content\/uploads\/2019\/01\/melchior.jpg","width":350,"height":480},{"@type":"BreadcrumbList","@id":"https:\/\/sp58lodz.edu.pl\/?page_id=262#breadcrumb","itemListElement":[{"@type":"ListItem","position":1,"name":"Strona g\u0142\u00f3wna","item":"https:\/\/sp58lodz.edu.pl\/"},{"@type":"ListItem","position":2,"name":"O szkole","item":"https:\/\/sp58lodz.edu.pl\/?page_id=27"},{"@type":"ListItem","position":3,"name":"Patron"}]},{"@type":"WebSite","@id":"https:\/\/sp58lodz.edu.pl\/#website","url":"https:\/\/sp58lodz.edu.pl\/","name":"Szko\u0142a Podstawowa nr 58 im. Melchiora Wa\u0144kowicza w \u0141odzi","description":"Strona Szko\u0142y Podstawowej nr 58 w \u0141odzi","publisher":{"@id":"https:\/\/sp58lodz.edu.pl\/#organization"},"potentialAction":[{"@type":"SearchAction","target":{"@type":"EntryPoint","urlTemplate":"https:\/\/sp58lodz.edu.pl\/?s={search_term_string}"},"query-input":{"@type":"PropertyValueSpecification","valueRequired":true,"valueName":"search_term_string"}}],"inLanguage":"pl-PL"},{"@type":"Organization","@id":"https:\/\/sp58lodz.edu.pl\/#organization","name":"Szko\u0142a Podstawowa nr 58 im. Melchiora Wa\u0144kowicza w \u0141odzi","url":"https:\/\/sp58lodz.edu.pl\/","logo":{"@type":"ImageObject","inLanguage":"pl-PL","@id":"https:\/\/sp58lodz.edu.pl\/#\/schema\/logo\/image\/","url":"https:\/\/sp58lodz.edu.pl\/wp-content\/uploads\/2019\/01\/cropped-cropped-logo_pat-e1601973191516.png","contentUrl":"https:\/\/sp58lodz.edu.pl\/wp-content\/uploads\/2019\/01\/cropped-cropped-logo_pat-e1601973191516.png","width":140,"height":140,"caption":"Szko\u0142a Podstawowa nr 58 im. Melchiora Wa\u0144kowicza w \u0141odzi"},"image":{"@id":"https:\/\/sp58lodz.edu.pl\/#\/schema\/logo\/image\/"}}]}},"_links":{"self":[{"href":"https:\/\/sp58lodz.edu.pl\/index.php?rest_route=\/wp\/v2\/pages\/262","targetHints":{"allow":["GET"]}}],"collection":[{"href":"https:\/\/sp58lodz.edu.pl\/index.php?rest_route=\/wp\/v2\/pages"}],"about":[{"href":"https:\/\/sp58lodz.edu.pl\/index.php?rest_route=\/wp\/v2\/types\/page"}],"author":[{"embeddable":true,"href":"https:\/\/sp58lodz.edu.pl\/index.php?rest_route=\/wp\/v2\/users\/2"}],"replies":[{"embeddable":true,"href":"https:\/\/sp58lodz.edu.pl\/index.php?rest_route=%2Fwp%2Fv2%2Fcomments&post=262"}],"version-history":[{"count":4,"href":"https:\/\/sp58lodz.edu.pl\/index.php?rest_route=\/wp\/v2\/pages\/262\/revisions"}],"predecessor-version":[{"id":7112,"href":"https:\/\/sp58lodz.edu.pl\/index.php?rest_route=\/wp\/v2\/pages\/262\/revisions\/7112"}],"up":[{"embeddable":true,"href":"https:\/\/sp58lodz.edu.pl\/index.php?rest_route=\/wp\/v2\/pages\/27"}],"wp:attachment":[{"href":"https:\/\/sp58lodz.edu.pl\/index.php?rest_route=%2Fwp%2Fv2%2Fmedia&parent=262"}],"curies":[{"name":"wp","href":"https:\/\/api.w.org\/{rel}","templated":true}]}}