{"id":260,"date":"2019-01-24T15:34:32","date_gmt":"2019-01-24T15:34:32","guid":{"rendered":"http:\/\/sp58lodz.edu.pl\/?page_id=260"},"modified":"2025-03-15T16:09:26","modified_gmt":"2025-03-15T15:09:26","slug":"historia","status":"publish","type":"page","link":"https:\/\/sp58lodz.edu.pl\/?page_id=260","title":{"rendered":"Historia"},"content":{"rendered":"\n<p>Pierwsz\u0105 dat\u0105 w&nbsp;rodowodzie naszej szko\u0142y, jak\u0105 na podstawie dokument\u00f3w uda\u0142o si\u0119 ustali\u0107, jest rok 1927\/28. Plac\u00f3wka dzia\u0142a\u0142a w\u00f3wczas przy ul.&nbsp;Zak\u0105tnej&nbsp;25 i&nbsp;posiada\u0142a&nbsp;5 izb lekcyjnych. Lata 30-te zastaj\u0105 j\u0105 w&nbsp;nowym budynku przy ul.&nbsp;\u0141agiewnickiej&nbsp;60. Natomiast uroczyste otwarcie Szko\u0142y Podstawowej&nbsp;nr&nbsp;58 przy ul.&nbsp;M\u0142ynarskiej&nbsp;42\/46 nast\u0105pi\u0142o 1&nbsp;wrze\u015bnia&nbsp;1961&nbsp;r. W&nbsp;1993&nbsp;r. nadano jej imi\u0119 Melchiora Wa\u0144kowicza. 50-lecie szko\u0142y w budynku przy ul.&nbsp;M\u0142ynarskiej&nbsp;42\/46 uroczy\u015bcie \u2013 bo z&nbsp;udzia\u0142em w\u0142adz samorz\u0105dowych i&nbsp;o\u015bwiatowych \u2013 obchodzono w&nbsp;2011&nbsp;r.<\/p>\n\n\n\n<p>Od 2001 roku rozpocz\u0119\u0142a si\u0119 systematyczna modernizacja szko\u0142y. Plac\u00f3wk\u0119 wyremontowano i&nbsp;wyposa\u017cono w&nbsp;nowoczesne pomoce dydaktyczne, m.in.: w&nbsp;2002&nbsp;r. otworzono pierwsz\u0105 pracowni\u0119 informatyczn\u0105, kt\u00f3r\u0105 p\u00f3\u017aniej systematycznie modernizowano i&nbsp;doposa\u017cano, w nast\u0119pnych latach wyposa\u017cono pozosta\u0142e sale lekcyjne w&nbsp;komputery z&nbsp;dost\u0119pem do Internetu i&nbsp;tablice\/telewizory multimedialne. Dzi\u0119ki \u015brodkom finansowym pozyskanym z&nbsp;r\u00f3\u017cnych funduszy w&nbsp;2008&nbsp;r. zrewitalizowano sal\u0119 gimnastyczn\u0105, odnowiono bibliotek\u0119 oraz pracowni\u0119 przyrodnicz\u0105, zbudowano te\u017c placyk zabaw. Jeden z&nbsp;wi\u0119kszych projekt\u00f3w zrealizowano w&nbsp;2018&nbsp;r. \u2013 wtedy to szko\u0142a wygra\u0142a fundusze w&nbsp;ramach Bud\u017cetu Obywatelskiego na przebudow\u0119 boiska i&nbsp;tarasu, kt\u00f3re obecnie s\u0105 prawdziw\u0105 ozdob\u0105 naszej plac\u00f3wki. W&nbsp;nast\u0119pnych latach, tj. od&nbsp;2020 \u2013 r\u00f3wnie\u017c dzi\u0119ki finansom pozyskanym z&nbsp;BO \u2013 dokonano termomodernizacji szko\u0142y, odnowiono elewacj\u0119 budynku, kt\u00f3ry zyska\u0142 r\u00f3wnie\u017c dodatkowe wej\u015bcie dla uczni\u00f3w, wymieniono ogrodzenie szkolnej posesji i&nbsp;zorganizowano drug\u0105 pracowni\u0119 informatyczn\u0105. Udzia\u0142 w&nbsp;projekcie Laboratoria Przysz\u0142o\u015bci wyposa\u017cy\u0142 nasz\u0105 szko\u0142\u0119 w&nbsp;nowoczesny sprz\u0119t: drukark\u0119 3D, tablety, gogle VR.<\/p>\n\n\n\n<p>Tak wygl\u0105dali\u015bmy kiedy\u015b &#8211; poni\u017cej zobacz jak wygl\u0105damy dzi\u015b<\/p>\n\n\n\n<figure class=\"wp-block-gallery has-nested-images columns-default is-cropped wp-block-gallery-1 is-layout-flex wp-block-gallery-is-layout-flex\">\n<figure class=\"wp-block-image size-large\"><img loading=\"lazy\" decoding=\"async\" width=\"960\" height=\"720\" data-id=\"7228\" src=\"https:\/\/sp58lodz.edu.pl\/wp-content\/uploads\/2025\/03\/39_960.jpg\" alt=\"\" class=\"wp-image-7228\" srcset=\"https:\/\/sp58lodz.edu.pl\/wp-content\/uploads\/2025\/03\/39_960.jpg 960w, https:\/\/sp58lodz.edu.pl\/wp-content\/uploads\/2025\/03\/39_960-300x225.jpg 300w, https:\/\/sp58lodz.edu.pl\/wp-content\/uploads\/2025\/03\/39_960-768x576.jpg 768w, https:\/\/sp58lodz.edu.pl\/wp-content\/uploads\/2025\/03\/39_960-360x270.jpg 360w\" sizes=\"auto, (max-width: 960px) 100vw, 960px\" \/><\/figure>\n\n\n\n<figure class=\"wp-block-image size-large\"><img loading=\"lazy\" decoding=\"async\" width=\"960\" height=\"720\" data-id=\"7227\" src=\"https:\/\/sp58lodz.edu.pl\/wp-content\/uploads\/2025\/03\/40_960.jpg\" alt=\"\" class=\"wp-image-7227\" srcset=\"https:\/\/sp58lodz.edu.pl\/wp-content\/uploads\/2025\/03\/40_960.jpg 960w, https:\/\/sp58lodz.edu.pl\/wp-content\/uploads\/2025\/03\/40_960-300x225.jpg 300w, https:\/\/sp58lodz.edu.pl\/wp-content\/uploads\/2025\/03\/40_960-768x576.jpg 768w, https:\/\/sp58lodz.edu.pl\/wp-content\/uploads\/2025\/03\/40_960-360x270.jpg 360w\" sizes=\"auto, (max-width: 960px) 100vw, 960px\" \/><\/figure>\n<\/figure>\n\n\n\n<p>Tak szko\u0142a wygl\u0105da dzi\u015b<\/p>\n\n\n\n<figure class=\"wp-block-gallery has-nested-images columns-default is-cropped wp-block-gallery-2 is-layout-flex wp-block-gallery-is-layout-flex\">\n<figure class=\"wp-block-image size-large\"><img loading=\"lazy\" decoding=\"async\" width=\"2560\" height=\"1920\" data-id=\"7230\" src=\"https:\/\/sp58lodz.edu.pl\/wp-content\/uploads\/2025\/03\/100_0022-scaled.jpg\" alt=\"\" class=\"wp-image-7230\" srcset=\"https:\/\/sp58lodz.edu.pl\/wp-content\/uploads\/2025\/03\/100_0022-scaled.jpg 2560w, https:\/\/sp58lodz.edu.pl\/wp-content\/uploads\/2025\/03\/100_0022-300x225.jpg 300w, https:\/\/sp58lodz.edu.pl\/wp-content\/uploads\/2025\/03\/100_0022-768x576.jpg 768w, https:\/\/sp58lodz.edu.pl\/wp-content\/uploads\/2025\/03\/100_0022-1536x1152.jpg 1536w, https:\/\/sp58lodz.edu.pl\/wp-content\/uploads\/2025\/03\/100_0022-2048x1536.jpg 2048w, https:\/\/sp58lodz.edu.pl\/wp-content\/uploads\/2025\/03\/100_0022-360x270.jpg 360w\" sizes=\"auto, (max-width: 2560px) 100vw, 2560px\" \/><figcaption class=\"wp-element-caption\">KODAK Digital Still Camera<\/figcaption><\/figure>\n\n\n\n<figure class=\"wp-block-image size-large\"><img loading=\"lazy\" decoding=\"async\" width=\"2560\" height=\"1920\" data-id=\"7231\" src=\"https:\/\/sp58lodz.edu.pl\/wp-content\/uploads\/2025\/03\/100_0033-scaled.jpg\" alt=\"\" class=\"wp-image-7231\" srcset=\"https:\/\/sp58lodz.edu.pl\/wp-content\/uploads\/2025\/03\/100_0033-scaled.jpg 2560w, https:\/\/sp58lodz.edu.pl\/wp-content\/uploads\/2025\/03\/100_0033-300x225.jpg 300w, https:\/\/sp58lodz.edu.pl\/wp-content\/uploads\/2025\/03\/100_0033-768x576.jpg 768w, https:\/\/sp58lodz.edu.pl\/wp-content\/uploads\/2025\/03\/100_0033-1536x1152.jpg 1536w, https:\/\/sp58lodz.edu.pl\/wp-content\/uploads\/2025\/03\/100_0033-2048x1536.jpg 2048w, https:\/\/sp58lodz.edu.pl\/wp-content\/uploads\/2025\/03\/100_0033-360x270.jpg 360w\" sizes=\"auto, (max-width: 2560px) 100vw, 2560px\" \/><figcaption class=\"wp-element-caption\">KODAK Digital Still Camera<\/figcaption><\/figure>\n\n\n\n<figure class=\"wp-block-image size-large\"><img loading=\"lazy\" decoding=\"async\" width=\"2560\" height=\"1920\" data-id=\"7232\" src=\"https:\/\/sp58lodz.edu.pl\/wp-content\/uploads\/2025\/03\/100_0031-scaled.jpg\" alt=\"\" class=\"wp-image-7232\" srcset=\"https:\/\/sp58lodz.edu.pl\/wp-content\/uploads\/2025\/03\/100_0031-scaled.jpg 2560w, https:\/\/sp58lodz.edu.pl\/wp-content\/uploads\/2025\/03\/100_0031-300x225.jpg 300w, https:\/\/sp58lodz.edu.pl\/wp-content\/uploads\/2025\/03\/100_0031-768x576.jpg 768w, https:\/\/sp58lodz.edu.pl\/wp-content\/uploads\/2025\/03\/100_0031-1536x1152.jpg 1536w, https:\/\/sp58lodz.edu.pl\/wp-content\/uploads\/2025\/03\/100_0031-2048x1536.jpg 2048w, https:\/\/sp58lodz.edu.pl\/wp-content\/uploads\/2025\/03\/100_0031-360x270.jpg 360w\" sizes=\"auto, (max-width: 2560px) 100vw, 2560px\" \/><figcaption class=\"wp-element-caption\">KODAK Digital Still Camera<\/figcaption><\/figure>\n<\/figure>\n\n\n\n<figure class=\"wp-block-gallery has-nested-images columns-default is-cropped wp-block-gallery-3 is-layout-flex wp-block-gallery-is-layout-flex\">\n<figure class=\"wp-block-image size-large\"><img loading=\"lazy\" decoding=\"async\" width=\"408\" height=\"725\" data-id=\"7235\" src=\"https:\/\/sp58lodz.edu.pl\/wp-content\/uploads\/2025\/03\/20220614_0814082.jpg\" alt=\"\" class=\"wp-image-7235\" srcset=\"https:\/\/sp58lodz.edu.pl\/wp-content\/uploads\/2025\/03\/20220614_0814082.jpg 408w, https:\/\/sp58lodz.edu.pl\/wp-content\/uploads\/2025\/03\/20220614_0814082-169x300.jpg 169w, https:\/\/sp58lodz.edu.pl\/wp-content\/uploads\/2025\/03\/20220614_0814082-152x270.jpg 152w\" sizes=\"auto, (max-width: 408px) 100vw, 408px\" \/><\/figure>\n\n\n\n<figure class=\"wp-block-image size-large\"><img loading=\"lazy\" decoding=\"async\" width=\"2560\" height=\"1707\" data-id=\"7238\" src=\"https:\/\/sp58lodz.edu.pl\/wp-content\/uploads\/2025\/03\/IMG_9144-scaled.jpg\" alt=\"\" class=\"wp-image-7238\" srcset=\"https:\/\/sp58lodz.edu.pl\/wp-content\/uploads\/2025\/03\/IMG_9144-scaled.jpg 2560w, https:\/\/sp58lodz.edu.pl\/wp-content\/uploads\/2025\/03\/IMG_9144-300x200.jpg 300w, https:\/\/sp58lodz.edu.pl\/wp-content\/uploads\/2025\/03\/IMG_9144-768x512.jpg 768w, https:\/\/sp58lodz.edu.pl\/wp-content\/uploads\/2025\/03\/IMG_9144-1536x1024.jpg 1536w, https:\/\/sp58lodz.edu.pl\/wp-content\/uploads\/2025\/03\/IMG_9144-2048x1365.jpg 2048w, https:\/\/sp58lodz.edu.pl\/wp-content\/uploads\/2025\/03\/IMG_9144-360x240.jpg 360w\" sizes=\"auto, (max-width: 2560px) 100vw, 2560px\" \/><\/figure>\n\n\n\n<figure class=\"wp-block-image size-large\"><img loading=\"lazy\" decoding=\"async\" width=\"2560\" height=\"1707\" data-id=\"7236\" src=\"https:\/\/sp58lodz.edu.pl\/wp-content\/uploads\/2025\/03\/IMG_9157-scaled.jpg\" alt=\"\" class=\"wp-image-7236\" srcset=\"https:\/\/sp58lodz.edu.pl\/wp-content\/uploads\/2025\/03\/IMG_9157-scaled.jpg 2560w, https:\/\/sp58lodz.edu.pl\/wp-content\/uploads\/2025\/03\/IMG_9157-300x200.jpg 300w, https:\/\/sp58lodz.edu.pl\/wp-content\/uploads\/2025\/03\/IMG_9157-768x512.jpg 768w, https:\/\/sp58lodz.edu.pl\/wp-content\/uploads\/2025\/03\/IMG_9157-1536x1024.jpg 1536w, https:\/\/sp58lodz.edu.pl\/wp-content\/uploads\/2025\/03\/IMG_9157-2048x1365.jpg 2048w, https:\/\/sp58lodz.edu.pl\/wp-content\/uploads\/2025\/03\/IMG_9157-360x240.jpg 360w\" sizes=\"auto, (max-width: 2560px) 100vw, 2560px\" \/><\/figure>\n\n\n\n<figure class=\"wp-block-image size-large\"><img loading=\"lazy\" decoding=\"async\" width=\"2560\" height=\"1707\" data-id=\"7237\" src=\"https:\/\/sp58lodz.edu.pl\/wp-content\/uploads\/2025\/03\/IMG_9166-scaled.jpg\" alt=\"\" class=\"wp-image-7237\" srcset=\"https:\/\/sp58lodz.edu.pl\/wp-content\/uploads\/2025\/03\/IMG_9166-scaled.jpg 2560w, https:\/\/sp58lodz.edu.pl\/wp-content\/uploads\/2025\/03\/IMG_9166-300x200.jpg 300w, https:\/\/sp58lodz.edu.pl\/wp-content\/uploads\/2025\/03\/IMG_9166-768x512.jpg 768w, https:\/\/sp58lodz.edu.pl\/wp-content\/uploads\/2025\/03\/IMG_9166-1536x1024.jpg 1536w, https:\/\/sp58lodz.edu.pl\/wp-content\/uploads\/2025\/03\/IMG_9166-2048x1365.jpg 2048w, https:\/\/sp58lodz.edu.pl\/wp-content\/uploads\/2025\/03\/IMG_9166-360x240.jpg 360w\" sizes=\"auto, (max-width: 2560px) 100vw, 2560px\" \/><\/figure>\n<\/figure>\n","protected":false},"excerpt":{"rendered":"<p>Pierwsz\u0105 dat\u0105 w&nbsp;rodowodzie naszej szko\u0142y, jak\u0105 na podstawie dokument\u00f3w uda\u0142o si\u0119 ustali\u0107, jest rok 1927\/28. Plac\u00f3wka dzia\u0142a\u0142a w\u00f3wczas przy ul.&nbsp;Zak\u0105tnej&nbsp;25 i&nbsp;posiada\u0142a&nbsp;5 izb lekcyjnych. Lata 30-te zastaj\u0105 j\u0105 w&nbsp;nowym budynku przy ul.&nbsp;\u0141agiewnickiej&nbsp;60. Natomiast uroczyste otwarcie Szko\u0142y Podstawowej&nbsp;nr&nbsp;58 przy ul.&nbsp;M\u0142ynarskiej&nbsp;42\/46 nast\u0105pi\u0142o 1&nbsp;wrze\u015bnia&nbsp;1961&nbsp;r.&hellip; <a class=\"continue\" href=\"https:\/\/sp58lodz.edu.pl\/?page_id=260\">Continue Reading<span> Historia<\/span><\/a><\/p>\n","protected":false},"author":2,"featured_media":0,"parent":27,"menu_order":0,"comment_status":"closed","ping_status":"closed","template":"","meta":{"footnotes":""},"class_list":["post-260","page","type-page","status-publish","hentry"],"yoast_head":"<!-- This site is optimized with the Yoast SEO plugin v27.5 - https:\/\/yoast.com\/product\/yoast-seo-wordpress\/ -->\n<title>Historia - Szko\u0142a Podstawowa nr 58 im. Melchiora Wa\u0144kowicza w \u0141odzi<\/title>\n<meta name=\"robots\" content=\"index, follow, max-snippet:-1, max-image-preview:large, max-video-preview:-1\" \/>\n<link rel=\"canonical\" href=\"https:\/\/sp58lodz.edu.pl\/?page_id=260\" \/>\n<meta property=\"og:locale\" content=\"pl_PL\" \/>\n<meta property=\"og:type\" content=\"article\" \/>\n<meta property=\"og:title\" content=\"Historia - Szko\u0142a Podstawowa nr 58 im. Melchiora Wa\u0144kowicza w \u0141odzi\" \/>\n<meta property=\"og:description\" content=\"Pierwsz\u0105 dat\u0105 w&nbsp;rodowodzie naszej szko\u0142y, jak\u0105 na podstawie dokument\u00f3w uda\u0142o si\u0119 ustali\u0107, jest rok 1927\/28. Plac\u00f3wka dzia\u0142a\u0142a w\u00f3wczas przy ul.&nbsp;Zak\u0105tnej&nbsp;25 i&nbsp;posiada\u0142a&nbsp;5 izb lekcyjnych. Lata 30-te zastaj\u0105 j\u0105 w&nbsp;nowym budynku przy ul.&nbsp;\u0141agiewnickiej&nbsp;60. Natomiast uroczyste otwarcie Szko\u0142y Podstawowej&nbsp;nr&nbsp;58 przy ul.&nbsp;M\u0142ynarskiej&nbsp;42\/46 nast\u0105pi\u0142o 1&nbsp;wrze\u015bnia&nbsp;1961&nbsp;r.&hellip; Continue Reading Historia\" \/>\n<meta property=\"og:url\" content=\"https:\/\/sp58lodz.edu.pl\/?page_id=260\" \/>\n<meta property=\"og:site_name\" content=\"Szko\u0142a Podstawowa nr 58 im. Melchiora Wa\u0144kowicza w \u0141odzi\" \/>\n<meta property=\"article:modified_time\" content=\"2025-03-15T15:09:26+00:00\" \/>\n<meta property=\"og:image\" content=\"https:\/\/sp58lodz.edu.pl\/wp-content\/uploads\/2025\/03\/39_960.jpg\" \/>\n\t<meta property=\"og:image:width\" content=\"960\" \/>\n\t<meta property=\"og:image:height\" content=\"720\" \/>\n\t<meta property=\"og:image:type\" content=\"image\/jpeg\" \/>\n<meta name=\"twitter:card\" content=\"summary_large_image\" \/>\n<meta name=\"twitter:label1\" content=\"Szacowany czas czytania\" \/>\n\t<meta name=\"twitter:data1\" content=\"4 minuty\" \/>\n<script type=\"application\/ld+json\" class=\"yoast-schema-graph\">{\"@context\":\"https:\\\/\\\/schema.org\",\"@graph\":[{\"@type\":\"WebPage\",\"@id\":\"https:\\\/\\\/sp58lodz.edu.pl\\\/?page_id=260\",\"url\":\"https:\\\/\\\/sp58lodz.edu.pl\\\/?page_id=260\",\"name\":\"Historia - Szko\u0142a Podstawowa nr 58 im. Melchiora Wa\u0144kowicza w \u0141odzi\",\"isPartOf\":{\"@id\":\"https:\\\/\\\/sp58lodz.edu.pl\\\/#website\"},\"primaryImageOfPage\":{\"@id\":\"https:\\\/\\\/sp58lodz.edu.pl\\\/?page_id=260#primaryimage\"},\"image\":{\"@id\":\"https:\\\/\\\/sp58lodz.edu.pl\\\/?page_id=260#primaryimage\"},\"thumbnailUrl\":\"https:\\\/\\\/sp58lodz.edu.pl\\\/wp-content\\\/uploads\\\/2025\\\/03\\\/39_960.jpg\",\"datePublished\":\"2019-01-24T15:34:32+00:00\",\"dateModified\":\"2025-03-15T15:09:26+00:00\",\"breadcrumb\":{\"@id\":\"https:\\\/\\\/sp58lodz.edu.pl\\\/?page_id=260#breadcrumb\"},\"inLanguage\":\"pl-PL\",\"potentialAction\":[{\"@type\":\"ReadAction\",\"target\":[\"https:\\\/\\\/sp58lodz.edu.pl\\\/?page_id=260\"]}]},{\"@type\":\"ImageObject\",\"inLanguage\":\"pl-PL\",\"@id\":\"https:\\\/\\\/sp58lodz.edu.pl\\\/?page_id=260#primaryimage\",\"url\":\"https:\\\/\\\/sp58lodz.edu.pl\\\/wp-content\\\/uploads\\\/2025\\\/03\\\/39_960.jpg\",\"contentUrl\":\"https:\\\/\\\/sp58lodz.edu.pl\\\/wp-content\\\/uploads\\\/2025\\\/03\\\/39_960.jpg\",\"width\":960,\"height\":720},{\"@type\":\"BreadcrumbList\",\"@id\":\"https:\\\/\\\/sp58lodz.edu.pl\\\/?page_id=260#breadcrumb\",\"itemListElement\":[{\"@type\":\"ListItem\",\"position\":1,\"name\":\"Strona g\u0142\u00f3wna\",\"item\":\"https:\\\/\\\/sp58lodz.edu.pl\\\/\"},{\"@type\":\"ListItem\",\"position\":2,\"name\":\"O szkole\",\"item\":\"https:\\\/\\\/sp58lodz.edu.pl\\\/?page_id=27\"},{\"@type\":\"ListItem\",\"position\":3,\"name\":\"Historia\"}]},{\"@type\":\"WebSite\",\"@id\":\"https:\\\/\\\/sp58lodz.edu.pl\\\/#website\",\"url\":\"https:\\\/\\\/sp58lodz.edu.pl\\\/\",\"name\":\"Szko\u0142a Podstawowa nr 58 im. Melchiora Wa\u0144kowicza w \u0141odzi\",\"description\":\"Strona Szko\u0142y Podstawowej nr 58 w \u0141odzi\",\"publisher\":{\"@id\":\"https:\\\/\\\/sp58lodz.edu.pl\\\/#organization\"},\"potentialAction\":[{\"@type\":\"SearchAction\",\"target\":{\"@type\":\"EntryPoint\",\"urlTemplate\":\"https:\\\/\\\/sp58lodz.edu.pl\\\/?s={search_term_string}\"},\"query-input\":{\"@type\":\"PropertyValueSpecification\",\"valueRequired\":true,\"valueName\":\"search_term_string\"}}],\"inLanguage\":\"pl-PL\"},{\"@type\":\"Organization\",\"@id\":\"https:\\\/\\\/sp58lodz.edu.pl\\\/#organization\",\"name\":\"Szko\u0142a Podstawowa nr 58 im. Melchiora Wa\u0144kowicza w \u0141odzi\",\"url\":\"https:\\\/\\\/sp58lodz.edu.pl\\\/\",\"logo\":{\"@type\":\"ImageObject\",\"inLanguage\":\"pl-PL\",\"@id\":\"https:\\\/\\\/sp58lodz.edu.pl\\\/#\\\/schema\\\/logo\\\/image\\\/\",\"url\":\"https:\\\/\\\/sp58lodz.edu.pl\\\/wp-content\\\/uploads\\\/2019\\\/01\\\/cropped-cropped-logo_pat-e1601973191516.png\",\"contentUrl\":\"https:\\\/\\\/sp58lodz.edu.pl\\\/wp-content\\\/uploads\\\/2019\\\/01\\\/cropped-cropped-logo_pat-e1601973191516.png\",\"width\":140,\"height\":140,\"caption\":\"Szko\u0142a Podstawowa nr 58 im. Melchiora Wa\u0144kowicza w \u0141odzi\"},\"image\":{\"@id\":\"https:\\\/\\\/sp58lodz.edu.pl\\\/#\\\/schema\\\/logo\\\/image\\\/\"}}]}<\/script>\n<!-- \/ Yoast SEO plugin. -->","yoast_head_json":{"title":"Historia - Szko\u0142a Podstawowa nr 58 im. Melchiora Wa\u0144kowicza w \u0141odzi","robots":{"index":"index","follow":"follow","max-snippet":"max-snippet:-1","max-image-preview":"max-image-preview:large","max-video-preview":"max-video-preview:-1"},"canonical":"https:\/\/sp58lodz.edu.pl\/?page_id=260","og_locale":"pl_PL","og_type":"article","og_title":"Historia - Szko\u0142a Podstawowa nr 58 im. Melchiora Wa\u0144kowicza w \u0141odzi","og_description":"Pierwsz\u0105 dat\u0105 w&nbsp;rodowodzie naszej szko\u0142y, jak\u0105 na podstawie dokument\u00f3w uda\u0142o si\u0119 ustali\u0107, jest rok 1927\/28. Plac\u00f3wka dzia\u0142a\u0142a w\u00f3wczas przy ul.&nbsp;Zak\u0105tnej&nbsp;25 i&nbsp;posiada\u0142a&nbsp;5 izb lekcyjnych. Lata 30-te zastaj\u0105 j\u0105 w&nbsp;nowym budynku przy ul.&nbsp;\u0141agiewnickiej&nbsp;60. Natomiast uroczyste otwarcie Szko\u0142y Podstawowej&nbsp;nr&nbsp;58 przy ul.&nbsp;M\u0142ynarskiej&nbsp;42\/46 nast\u0105pi\u0142o 1&nbsp;wrze\u015bnia&nbsp;1961&nbsp;r.&hellip; Continue Reading Historia","og_url":"https:\/\/sp58lodz.edu.pl\/?page_id=260","og_site_name":"Szko\u0142a Podstawowa nr 58 im. Melchiora Wa\u0144kowicza w \u0141odzi","article_modified_time":"2025-03-15T15:09:26+00:00","og_image":[{"width":960,"height":720,"url":"https:\/\/sp58lodz.edu.pl\/wp-content\/uploads\/2025\/03\/39_960.jpg","type":"image\/jpeg"}],"twitter_card":"summary_large_image","twitter_misc":{"Szacowany czas czytania":"4 minuty"},"schema":{"@context":"https:\/\/schema.org","@graph":[{"@type":"WebPage","@id":"https:\/\/sp58lodz.edu.pl\/?page_id=260","url":"https:\/\/sp58lodz.edu.pl\/?page_id=260","name":"Historia - Szko\u0142a Podstawowa nr 58 im. Melchiora Wa\u0144kowicza w \u0141odzi","isPartOf":{"@id":"https:\/\/sp58lodz.edu.pl\/#website"},"primaryImageOfPage":{"@id":"https:\/\/sp58lodz.edu.pl\/?page_id=260#primaryimage"},"image":{"@id":"https:\/\/sp58lodz.edu.pl\/?page_id=260#primaryimage"},"thumbnailUrl":"https:\/\/sp58lodz.edu.pl\/wp-content\/uploads\/2025\/03\/39_960.jpg","datePublished":"2019-01-24T15:34:32+00:00","dateModified":"2025-03-15T15:09:26+00:00","breadcrumb":{"@id":"https:\/\/sp58lodz.edu.pl\/?page_id=260#breadcrumb"},"inLanguage":"pl-PL","potentialAction":[{"@type":"ReadAction","target":["https:\/\/sp58lodz.edu.pl\/?page_id=260"]}]},{"@type":"ImageObject","inLanguage":"pl-PL","@id":"https:\/\/sp58lodz.edu.pl\/?page_id=260#primaryimage","url":"https:\/\/sp58lodz.edu.pl\/wp-content\/uploads\/2025\/03\/39_960.jpg","contentUrl":"https:\/\/sp58lodz.edu.pl\/wp-content\/uploads\/2025\/03\/39_960.jpg","width":960,"height":720},{"@type":"BreadcrumbList","@id":"https:\/\/sp58lodz.edu.pl\/?page_id=260#breadcrumb","itemListElement":[{"@type":"ListItem","position":1,"name":"Strona g\u0142\u00f3wna","item":"https:\/\/sp58lodz.edu.pl\/"},{"@type":"ListItem","position":2,"name":"O szkole","item":"https:\/\/sp58lodz.edu.pl\/?page_id=27"},{"@type":"ListItem","position":3,"name":"Historia"}]},{"@type":"WebSite","@id":"https:\/\/sp58lodz.edu.pl\/#website","url":"https:\/\/sp58lodz.edu.pl\/","name":"Szko\u0142a Podstawowa nr 58 im. Melchiora Wa\u0144kowicza w \u0141odzi","description":"Strona Szko\u0142y Podstawowej nr 58 w \u0141odzi","publisher":{"@id":"https:\/\/sp58lodz.edu.pl\/#organization"},"potentialAction":[{"@type":"SearchAction","target":{"@type":"EntryPoint","urlTemplate":"https:\/\/sp58lodz.edu.pl\/?s={search_term_string}"},"query-input":{"@type":"PropertyValueSpecification","valueRequired":true,"valueName":"search_term_string"}}],"inLanguage":"pl-PL"},{"@type":"Organization","@id":"https:\/\/sp58lodz.edu.pl\/#organization","name":"Szko\u0142a Podstawowa nr 58 im. Melchiora Wa\u0144kowicza w \u0141odzi","url":"https:\/\/sp58lodz.edu.pl\/","logo":{"@type":"ImageObject","inLanguage":"pl-PL","@id":"https:\/\/sp58lodz.edu.pl\/#\/schema\/logo\/image\/","url":"https:\/\/sp58lodz.edu.pl\/wp-content\/uploads\/2019\/01\/cropped-cropped-logo_pat-e1601973191516.png","contentUrl":"https:\/\/sp58lodz.edu.pl\/wp-content\/uploads\/2019\/01\/cropped-cropped-logo_pat-e1601973191516.png","width":140,"height":140,"caption":"Szko\u0142a Podstawowa nr 58 im. Melchiora Wa\u0144kowicza w \u0141odzi"},"image":{"@id":"https:\/\/sp58lodz.edu.pl\/#\/schema\/logo\/image\/"}}]}},"_links":{"self":[{"href":"https:\/\/sp58lodz.edu.pl\/index.php?rest_route=\/wp\/v2\/pages\/260","targetHints":{"allow":["GET"]}}],"collection":[{"href":"https:\/\/sp58lodz.edu.pl\/index.php?rest_route=\/wp\/v2\/pages"}],"about":[{"href":"https:\/\/sp58lodz.edu.pl\/index.php?rest_route=\/wp\/v2\/types\/page"}],"author":[{"embeddable":true,"href":"https:\/\/sp58lodz.edu.pl\/index.php?rest_route=\/wp\/v2\/users\/2"}],"replies":[{"embeddable":true,"href":"https:\/\/sp58lodz.edu.pl\/index.php?rest_route=%2Fwp%2Fv2%2Fcomments&post=260"}],"version-history":[{"count":7,"href":"https:\/\/sp58lodz.edu.pl\/index.php?rest_route=\/wp\/v2\/pages\/260\/revisions"}],"predecessor-version":[{"id":7239,"href":"https:\/\/sp58lodz.edu.pl\/index.php?rest_route=\/wp\/v2\/pages\/260\/revisions\/7239"}],"up":[{"embeddable":true,"href":"https:\/\/sp58lodz.edu.pl\/index.php?rest_route=\/wp\/v2\/pages\/27"}],"wp:attachment":[{"href":"https:\/\/sp58lodz.edu.pl\/index.php?rest_route=%2Fwp%2Fv2%2Fmedia&parent=260"}],"curies":[{"name":"wp","href":"https:\/\/api.w.org\/{rel}","templated":true}]}}