{"id":205,"date":"2019-01-23T15:55:11","date_gmt":"2019-01-23T15:55:11","guid":{"rendered":"http:\/\/sp58lodz.edu.pl\/?page_id=205"},"modified":"2019-01-23T15:55:11","modified_gmt":"2019-01-23T15:55:11","slug":"2b","status":"publish","type":"page","link":"https:\/\/sp58lodz.edu.pl\/?page_id=205","title":{"rendered":"2b"},"content":{"rendered":"","protected":false},"excerpt":{"rendered":"","protected":false},"author":2,"featured_media":0,"parent":195,"menu_order":0,"comment_status":"closed","ping_status":"closed","template":"","meta":{"footnotes":""},"class_list":["post-205","page","type-page","status-publish","hentry"],"yoast_head":"<!-- This site is optimized with the Yoast SEO plugin v27.4 - https:\/\/yoast.com\/product\/yoast-seo-wordpress\/ -->\n<title>2b - Szko\u0142a Podstawowa nr 58 im. Melchiora Wa\u0144kowicza w \u0141odzi<\/title>\n<meta name=\"robots\" content=\"index, follow, max-snippet:-1, max-image-preview:large, max-video-preview:-1\" \/>\n<link rel=\"canonical\" href=\"https:\/\/sp58lodz.edu.pl\/?page_id=205\" \/>\n<meta property=\"og:locale\" content=\"pl_PL\" \/>\n<meta property=\"og:type\" content=\"article\" \/>\n<meta property=\"og:title\" content=\"2b - Szko\u0142a Podstawowa nr 58 im. Melchiora Wa\u0144kowicza w \u0141odzi\" \/>\n<meta property=\"og:url\" content=\"https:\/\/sp58lodz.edu.pl\/?page_id=205\" \/>\n<meta property=\"og:site_name\" content=\"Szko\u0142a Podstawowa nr 58 im. Melchiora Wa\u0144kowicza w \u0141odzi\" \/>\n<meta name=\"twitter:card\" content=\"summary_large_image\" \/>\n<script type=\"application\/ld+json\" class=\"yoast-schema-graph\">{\"@context\":\"https:\\\/\\\/schema.org\",\"@graph\":[{\"@type\":\"WebPage\",\"@id\":\"https:\\\/\\\/sp58lodz.edu.pl\\\/?page_id=205\",\"url\":\"https:\\\/\\\/sp58lodz.edu.pl\\\/?page_id=205\",\"name\":\"2b - Szko\u0142a Podstawowa nr 58 im. Melchiora Wa\u0144kowicza w \u0141odzi\",\"isPartOf\":{\"@id\":\"https:\\\/\\\/sp58lodz.edu.pl\\\/#website\"},\"datePublished\":\"2019-01-23T15:55:11+00:00\",\"breadcrumb\":{\"@id\":\"https:\\\/\\\/sp58lodz.edu.pl\\\/?page_id=205#breadcrumb\"},\"inLanguage\":\"pl-PL\",\"potentialAction\":[{\"@type\":\"ReadAction\",\"target\":[\"https:\\\/\\\/sp58lodz.edu.pl\\\/?page_id=205\"]}]},{\"@type\":\"BreadcrumbList\",\"@id\":\"https:\\\/\\\/sp58lodz.edu.pl\\\/?page_id=205#breadcrumb\",\"itemListElement\":[{\"@type\":\"ListItem\",\"position\":1,\"name\":\"Strona g\u0142\u00f3wna\",\"item\":\"https:\\\/\\\/sp58lodz.edu.pl\\\/\"},{\"@type\":\"ListItem\",\"position\":2,\"name\":\"Plan lekcji\",\"item\":\"https:\\\/\\\/sp58lodz.edu.pl\\\/?page_id=192\"},{\"@type\":\"ListItem\",\"position\":3,\"name\":\"Klasy I &#8211; III\",\"item\":\"https:\\\/\\\/sp58lodz.edu.pl\\\/?page_id=195\"},{\"@type\":\"ListItem\",\"position\":4,\"name\":\"2b\"}]},{\"@type\":\"WebSite\",\"@id\":\"https:\\\/\\\/sp58lodz.edu.pl\\\/#website\",\"url\":\"https:\\\/\\\/sp58lodz.edu.pl\\\/\",\"name\":\"Szko\u0142a Podstawowa nr 58 im. Melchiora Wa\u0144kowicza w \u0141odzi\",\"description\":\"Strona Szko\u0142y Podstawowej nr 58 w \u0141odzi\",\"publisher\":{\"@id\":\"https:\\\/\\\/sp58lodz.edu.pl\\\/#organization\"},\"potentialAction\":[{\"@type\":\"SearchAction\",\"target\":{\"@type\":\"EntryPoint\",\"urlTemplate\":\"https:\\\/\\\/sp58lodz.edu.pl\\\/?s={search_term_string}\"},\"query-input\":{\"@type\":\"PropertyValueSpecification\",\"valueRequired\":true,\"valueName\":\"search_term_string\"}}],\"inLanguage\":\"pl-PL\"},{\"@type\":\"Organization\",\"@id\":\"https:\\\/\\\/sp58lodz.edu.pl\\\/#organization\",\"name\":\"Szko\u0142a Podstawowa nr 58 im. Melchiora Wa\u0144kowicza w \u0141odzi\",\"url\":\"https:\\\/\\\/sp58lodz.edu.pl\\\/\",\"logo\":{\"@type\":\"ImageObject\",\"inLanguage\":\"pl-PL\",\"@id\":\"https:\\\/\\\/sp58lodz.edu.pl\\\/#\\\/schema\\\/logo\\\/image\\\/\",\"url\":\"https:\\\/\\\/sp58lodz.edu.pl\\\/wp-content\\\/uploads\\\/2019\\\/01\\\/cropped-cropped-logo_pat-e1601973191516.png\",\"contentUrl\":\"https:\\\/\\\/sp58lodz.edu.pl\\\/wp-content\\\/uploads\\\/2019\\\/01\\\/cropped-cropped-logo_pat-e1601973191516.png\",\"width\":140,\"height\":140,\"caption\":\"Szko\u0142a Podstawowa nr 58 im. Melchiora Wa\u0144kowicza w \u0141odzi\"},\"image\":{\"@id\":\"https:\\\/\\\/sp58lodz.edu.pl\\\/#\\\/schema\\\/logo\\\/image\\\/\"}}]}<\/script>\n<!-- \/ Yoast SEO plugin. -->","yoast_head_json":{"title":"2b - Szko\u0142a Podstawowa nr 58 im. Melchiora Wa\u0144kowicza w \u0141odzi","robots":{"index":"index","follow":"follow","max-snippet":"max-snippet:-1","max-image-preview":"max-image-preview:large","max-video-preview":"max-video-preview:-1"},"canonical":"https:\/\/sp58lodz.edu.pl\/?page_id=205","og_locale":"pl_PL","og_type":"article","og_title":"2b - Szko\u0142a Podstawowa nr 58 im. Melchiora Wa\u0144kowicza w \u0141odzi","og_url":"https:\/\/sp58lodz.edu.pl\/?page_id=205","og_site_name":"Szko\u0142a Podstawowa nr 58 im. Melchiora Wa\u0144kowicza w \u0141odzi","twitter_card":"summary_large_image","schema":{"@context":"https:\/\/schema.org","@graph":[{"@type":"WebPage","@id":"https:\/\/sp58lodz.edu.pl\/?page_id=205","url":"https:\/\/sp58lodz.edu.pl\/?page_id=205","name":"2b - Szko\u0142a Podstawowa nr 58 im. Melchiora Wa\u0144kowicza w \u0141odzi","isPartOf":{"@id":"https:\/\/sp58lodz.edu.pl\/#website"},"datePublished":"2019-01-23T15:55:11+00:00","breadcrumb":{"@id":"https:\/\/sp58lodz.edu.pl\/?page_id=205#breadcrumb"},"inLanguage":"pl-PL","potentialAction":[{"@type":"ReadAction","target":["https:\/\/sp58lodz.edu.pl\/?page_id=205"]}]},{"@type":"BreadcrumbList","@id":"https:\/\/sp58lodz.edu.pl\/?page_id=205#breadcrumb","itemListElement":[{"@type":"ListItem","position":1,"name":"Strona g\u0142\u00f3wna","item":"https:\/\/sp58lodz.edu.pl\/"},{"@type":"ListItem","position":2,"name":"Plan lekcji","item":"https:\/\/sp58lodz.edu.pl\/?page_id=192"},{"@type":"ListItem","position":3,"name":"Klasy I &#8211; III","item":"https:\/\/sp58lodz.edu.pl\/?page_id=195"},{"@type":"ListItem","position":4,"name":"2b"}]},{"@type":"WebSite","@id":"https:\/\/sp58lodz.edu.pl\/#website","url":"https:\/\/sp58lodz.edu.pl\/","name":"Szko\u0142a Podstawowa nr 58 im. Melchiora Wa\u0144kowicza w \u0141odzi","description":"Strona Szko\u0142y Podstawowej nr 58 w \u0141odzi","publisher":{"@id":"https:\/\/sp58lodz.edu.pl\/#organization"},"potentialAction":[{"@type":"SearchAction","target":{"@type":"EntryPoint","urlTemplate":"https:\/\/sp58lodz.edu.pl\/?s={search_term_string}"},"query-input":{"@type":"PropertyValueSpecification","valueRequired":true,"valueName":"search_term_string"}}],"inLanguage":"pl-PL"},{"@type":"Organization","@id":"https:\/\/sp58lodz.edu.pl\/#organization","name":"Szko\u0142a Podstawowa nr 58 im. Melchiora Wa\u0144kowicza w \u0141odzi","url":"https:\/\/sp58lodz.edu.pl\/","logo":{"@type":"ImageObject","inLanguage":"pl-PL","@id":"https:\/\/sp58lodz.edu.pl\/#\/schema\/logo\/image\/","url":"https:\/\/sp58lodz.edu.pl\/wp-content\/uploads\/2019\/01\/cropped-cropped-logo_pat-e1601973191516.png","contentUrl":"https:\/\/sp58lodz.edu.pl\/wp-content\/uploads\/2019\/01\/cropped-cropped-logo_pat-e1601973191516.png","width":140,"height":140,"caption":"Szko\u0142a Podstawowa nr 58 im. Melchiora Wa\u0144kowicza w \u0141odzi"},"image":{"@id":"https:\/\/sp58lodz.edu.pl\/#\/schema\/logo\/image\/"}}]}},"_links":{"self":[{"href":"https:\/\/sp58lodz.edu.pl\/index.php?rest_route=\/wp\/v2\/pages\/205","targetHints":{"allow":["GET"]}}],"collection":[{"href":"https:\/\/sp58lodz.edu.pl\/index.php?rest_route=\/wp\/v2\/pages"}],"about":[{"href":"https:\/\/sp58lodz.edu.pl\/index.php?rest_route=\/wp\/v2\/types\/page"}],"author":[{"embeddable":true,"href":"https:\/\/sp58lodz.edu.pl\/index.php?rest_route=\/wp\/v2\/users\/2"}],"replies":[{"embeddable":true,"href":"https:\/\/sp58lodz.edu.pl\/index.php?rest_route=%2Fwp%2Fv2%2Fcomments&post=205"}],"version-history":[{"count":1,"href":"https:\/\/sp58lodz.edu.pl\/index.php?rest_route=\/wp\/v2\/pages\/205\/revisions"}],"predecessor-version":[{"id":206,"href":"https:\/\/sp58lodz.edu.pl\/index.php?rest_route=\/wp\/v2\/pages\/205\/revisions\/206"}],"up":[{"embeddable":true,"href":"https:\/\/sp58lodz.edu.pl\/index.php?rest_route=\/wp\/v2\/pages\/195"}],"wp:attachment":[{"href":"https:\/\/sp58lodz.edu.pl\/index.php?rest_route=%2Fwp%2Fv2%2Fmedia&parent=205"}],"curies":[{"name":"wp","href":"https:\/\/api.w.org\/{rel}","templated":true}]}}